{"id":132332,"date":"2024-08-20T17:57:38","date_gmt":"2024-08-20T15:57:38","guid":{"rendered":"https:\/\/insuitedmc.com\/privacy-policy\/"},"modified":"2025-01-22T17:17:26","modified_gmt":"2025-01-22T16:17:26","slug":"privacy-policy","status":"publish","type":"page","link":"https:\/\/insuitedmc.com\/de\/privacy-policy\/","title":{"rendered":"Datenschutzrichtlinie"},"content":{"rendered":"<div class=\"entry-content\">\n<p><strong>\u00dcber diese Website werden keine personenbezogenen Daten der Nutzer ohne deren Wissen erhoben und auch nicht an Dritte weitergegeben. Diese Website enth\u00e4lt Links zu Websites Dritter, deren Datenschutzrichtlinien unabh\u00e4ngig von denen von INSUITE sind.<\/strong><\/p>\n<hr \/>\n<h3><strong>1. Eigent\u00fcmer dieser Website<\/strong><\/h3>\n<p>In \u00dcbereinstimmung mit dem aktuellen Gesetz \u00fcber Dienstleistungen der Informationsgesellschaft und elektronischen Handel teilen wir Ihnen mit, dass die von Ihnen besuchte Website unter der Domain <a href=\"http:\/\/www.insuite.es\/\" target=\"_new\" rel=\"noopener\">http:\/\/www.insuite.es\/<\/a> der Handelsgesellschaft <strong>inSuite Eventos<\/strong> geh\u00f6rt, deren Identifikationsdaten wie folgt lauten:<\/p>\n<ul>\n<li><strong>Firmenname:<\/strong> inSuite Eventos S.L.<\/li>\n<li><strong>Adresse:<\/strong> C\/ Viera y Clavijo, 34-36 3A 35002 Las Palmas de Gran Canaria<\/li>\n<li><strong>Steuernummer (C.I.F.):<\/strong> B76148808<\/li>\n<li><strong>Telefon:<\/strong> 928 58 38 90 \u2013 Fax: 928 29 22 02<\/li>\n<li><strong>E-Mail:<\/strong> <a rel=\"noopener\">info@insuite.es<\/a><\/li>\n<li><strong>Datenschutzbeauftragter (DPO):<\/strong> <a rel=\"noopener\">info@insuite.es<\/a><\/li>\n<li><strong>Website:<\/strong> <a href=\"http:\/\/www.insuite.es\/\" target=\"_new\" rel=\"noopener\">http:\/\/www.insuite.es\/<\/a><\/li>\n<\/ul>\n<hr \/>\n<h3><strong>2. Schutz personenbezogener Daten<\/strong><\/h3>\n<p>In \u00dcbereinstimmung mit dem <strong>Gesetz 15\/99<\/strong> zum Schutz personenbezogener Daten (LOPD) und der <strong>Verordnung (EU) 2016\/679<\/strong> des Europ\u00e4ischen Parlaments und des Rates vom 27. April 2016 sowie den geltenden Datenschutzbestimmungen informieren wir Sie, dass alle personenbezogenen Daten, die Sie uns per E-Mail \u00fcbermitteln, in eine digitale Datei aufgenommen werden. Diese Datei dient der Bearbeitung von Anfragen zu Produkten und\/oder Dienstleistungen, die von diesem Unternehmen beworben werden. Diese Informationen werden ausschlie\u00dflich von autorisiertem Personal dieses Unternehmens genutzt, um Anfragen potenzieller oder aktueller Kunden bez\u00fcglich der angebotenen Produkte und\/oder Dienstleistungen zu bearbeiten.<\/p>\n<hr \/>\n<h4><strong>2.1. Zwecke<\/strong><\/h4>\n<p>Die vorgesehenen Verwendungszwecke der verarbeiteten und bereitgestellten personenbezogenen Daten umfassen die Verwaltung von Vertragsbeziehungen sowie die Bereitstellung von Informationen an Interessenten und Kunden \u00fcber die von INSUITE angebotenen Aktivit\u00e4ten und Dienstleistungen. Konkret k\u00f6nnen Ihre Daten f\u00fcr folgende Zwecke verwendet werden:<\/p>\n<ul>\n<li>Beantwortung von Anfragen, W\u00fcnschen oder Fragen zu den Dienstleistungen von INSUITE, an denen der Nutzer Interesse gezeigt hat.<\/li>\n<li>Versand von Mitteilungen wie Newslettern, Publikationen, Veranstaltungseinladungen und Werbeaktionen zu den Dienstleistungen von INSUITE. Diese Mitteilungen k\u00f6nnen auf verschiedenen Wegen erfolgen, wobei E-Mails der Hauptkommunikationskanal sind.<\/li>\n<\/ul>\n<p><strong>Datenaufbewahrung:<\/strong> Ihre Daten werden gespeichert, solange Sie nicht deren L\u00f6schung beantragen.<\/p>\n<hr \/>\n<h4><strong>2.2. Registrierte personenbezogene Daten<\/strong><\/h4>\n<p>Die von INSUITE im Rahmen der Beziehung mit der betroffenen Person verarbeiteten personenbezogenen Daten umfassen folgende Kategorien: Identifikations- und Kontaktdaten, beispielsweise Name, Nachname, Telefonnummer, E-Mail-Adresse und Nationalit\u00e4t.<\/p>\n<p>Die \u00fcber Formulare auf unserer Website bereitgestellten Daten, E-Mails mit Anfragen oder R\u00fcckmeldungen sowie Daten, die bei der Anmeldung zum Newsletter bereitgestellt werden und als personenbezogene Daten gelten, k\u00f6nnen in unsere Dateien aufgenommen und automatisch oder manuell verarbeitet werden. Diese Dateien sind gem\u00e4\u00df geltendem Recht und den Entwicklungsvorschriften bei der spanischen Datenschutzbeh\u00f6rde registriert.<\/p>\n<p><strong>Die Nutzer garantieren und sind in jedem Fall f\u00fcr die Richtigkeit, Genauigkeit, Aktualit\u00e4t und Echtheit der bereitgestellten personenbezogenen Daten verantwortlich<\/strong> und verpflichten sich, diese stets aktuell zu halten.<\/p>\n<hr \/>\n<h4><strong>2.3. Empf\u00e4nger der Daten<\/strong><\/h4>\n<p>Die Daten der Nutzer werden nicht an private Einrichtungen weitergegeben. Sie k\u00f6nnen ausschlie\u00dflich an \u00f6ffentliche Stellen weitergegeben werden, sofern eine gesetzliche Verpflichtung besteht.<\/p>\n<hr \/>\n<h4><strong>2.4. Von Dritten bereitgestellte Daten<\/strong><\/h4>\n<p>Falls personenbezogene Daten von Personen bereitgestellt werden, die nicht deren Eigent\u00fcmer sind, muss der \u00dcbermittler diese Personen \u00fcber die oben genannten Punkte informieren. INSUITE \u00fcbernimmt keine Verantwortung f\u00fcr die Nichteinhaltung dieser Anforderung.<\/p>\n<hr \/>\n<h4><strong>2.5. Rechtsgrundlage der Datenverarbeitung<\/strong><\/h4>\n<p>Sie haben das Recht auf:<\/p>\n<ul>\n<li>Zugang zu Ihren personenbezogenen Daten.<\/li>\n<li>Berichtigung oder L\u00f6schung Ihrer Daten.<\/li>\n<li>Einschr\u00e4nkung der Verarbeitung Ihrer Daten.<\/li>\n<li>Widerspruch gegen die Verarbeitung.<\/li>\n<li>\u00dcbertragbarkeit Ihrer Daten.<\/li>\n<\/ul>\n<p>Sie k\u00f6nnen diese Rechte kostenlos aus\u00fcben, indem Sie uns eine E-Mail an <strong><a rel=\"noopener\">info@insuite.es<\/a><\/strong> mit dem Betreff \u201eRECHTEAUS\u00dcBUNG\u201c senden oder uns schriftlich unter folgender Adresse kontaktieren:<\/p>\n<p><strong>C\/ Viera y Clavijo, 34-36 3A 35002 Las Palmas de Gran Canaria.<\/strong><\/p>\n<p>Ihre Anfrage muss Ihren Namen, Nachnamen, das konkrete Anliegen und eine Adresse f\u00fcr Benachrichtigungen enthalten. Zur Best\u00e4tigung der Identit\u00e4t der anfragenden Person ist die Vorlage eines Ausweises oder eines vergleichbaren Dokuments erforderlich. Sollten Sie der Meinung sein, dass INSUITE Eventos S.L. Ihre Anfrage nicht korrekt bearbeitet hat, k\u00f6nnen Sie die spanische Datenschutzbeh\u00f6rde um Unterst\u00fctzung bitten (<a href=\"http:\/\/www.agpd.es\" target=\"_new\" rel=\"noopener\">www.agpd.es<\/a>).<\/p>\n<hr \/>\n<h4><strong>2.6. Sicherheitsma\u00dfnahmen<\/strong><\/h4>\n<p>Der Verantwortliche f\u00fcr die Datei hat die gesetzlich vorgeschriebenen Sicherheitsma\u00dfnahmen zum Schutz personenbezogener Daten ergriffen und alle gem\u00e4\u00df dem Stand der Technik verf\u00fcgbaren technischen Mittel implementiert, um Verlust, Missbrauch, Ver\u00e4nderung, unbefugten Zugriff und Diebstahl der bereitgestellten personenbezogenen Daten zu verhindern.<\/p>\n<hr \/>\n<h3><strong>3. Geistiges Eigentum<\/strong><\/h3>\n<p>INSUITE, Eigent\u00fcmer dieser Website, besitzt auch alle geistigen und gewerblichen Eigentumsrechte am Design, der Struktur und der Funktionalit\u00e4t dieser Website, einschlie\u00dflich der Bilder und der Organisation der Inhalte.<\/p>\n<p><strong>Die Vervielf\u00e4ltigung, Verbreitung und\/oder \u00f6ffentliche Wiedergabe, ganz oder teilweise, durch jedwedes Mittel ist ohne vorherige schriftliche Genehmigung dieser Handelsgesellschaft untersagt.<\/strong><\/p>\n<hr \/>\n<p>Diese Datenschutzinformationen wurden zuletzt im <strong>November 2018<\/strong> \u00fcberpr\u00fcft und aktualisiert.<\/p>\n<\/div>\n","protected":false},"excerpt":{"rendered":"<p>\u00dcber diese Website werden keine personenbezogenen Daten der Nutzer ohne deren Wissen erhoben und auch nicht an Dritte weitergegeben. Diese [&hellip;]<\/p>\n","protected":false},"author":1,"featured_media":0,"parent":0,"menu_order":0,"comment_status":"closed","ping_status":"closed","template":"","meta":{"footnotes":""},"class_list":["post-132332","page","type-page","status-publish","hentry"],"yoast_head":"<!-- This site is optimized with the Yoast SEO plugin v24.8.1 - https:\/\/yoast.com\/wordpress\/plugins\/seo\/ -->\n<title>Datenschutzrichtlinie - Insuite Corporate Events &amp; Incentives<\/title>\n<meta name=\"robots\" content=\"noindex, follow\" \/>\n<meta property=\"og:locale\" content=\"de_DE\" \/>\n<meta property=\"og:type\" content=\"article\" \/>\n<meta property=\"og:title\" content=\"Datenschutzrichtlinie - Insuite Corporate Events &amp; Incentives\" \/>\n<meta property=\"og:description\" content=\"\u00dcber diese Website werden keine personenbezogenen Daten der Nutzer ohne deren Wissen erhoben und auch nicht an Dritte weitergegeben. Diese [&hellip;]\" \/>\n<meta property=\"og:url\" content=\"https:\/\/insuitedmc.com\/de\/privacy-policy\/\" \/>\n<meta property=\"og:site_name\" content=\"Insuite Corporate Events &amp; Incentives\" \/>\n<meta property=\"article:modified_time\" content=\"2025-01-22T16:17:26+00:00\" \/>\n<meta name=\"twitter:card\" content=\"summary_large_image\" \/>\n<meta name=\"twitter:label1\" content=\"Gesch\u00e4tzte Lesezeit\" \/>\n\t<meta name=\"twitter:data1\" content=\"4\u00a0Minuten\" \/>\n<script type=\"application\/ld+json\" class=\"yoast-schema-graph\">{\"@context\":\"https:\/\/schema.org\",\"@graph\":[{\"@type\":\"WebPage\",\"@id\":\"https:\/\/insuitedmc.com\/de\/privacy-policy\/\",\"url\":\"https:\/\/insuitedmc.com\/de\/privacy-policy\/\",\"name\":\"Datenschutzrichtlinie - Insuite Corporate Events &amp; Incentives\",\"isPartOf\":{\"@id\":\"https:\/\/insuitedmc.com\/#website\"},\"datePublished\":\"2024-08-20T15:57:38+00:00\",\"dateModified\":\"2025-01-22T16:17:26+00:00\",\"breadcrumb\":{\"@id\":\"https:\/\/insuitedmc.com\/de\/privacy-policy\/#breadcrumb\"},\"inLanguage\":\"de\",\"potentialAction\":[{\"@type\":\"ReadAction\",\"target\":[\"https:\/\/insuitedmc.com\/de\/privacy-policy\/\"]}]},{\"@type\":\"BreadcrumbList\",\"@id\":\"https:\/\/insuitedmc.com\/de\/privacy-policy\/#breadcrumb\",\"itemListElement\":[{\"@type\":\"ListItem\",\"position\":1,\"name\":\"Portada\",\"item\":\"https:\/\/insuitedmc.com\/\"},{\"@type\":\"ListItem\",\"position\":2,\"name\":\"Datenschutzrichtlinie\"}]},{\"@type\":\"WebSite\",\"@id\":\"https:\/\/insuitedmc.com\/#website\",\"url\":\"https:\/\/insuitedmc.com\/\",\"name\":\"Insuite Corporate Events &amp; Incentives\",\"description\":\"inSuite es una reconocida agencia MICE, experta en la organizaci\u00f3n de eventos corporativos en las Islas Canarias. Nuestra esencia reside en la planificaci\u00f3n meticulosa y la ejecuci\u00f3n de cada encuentro, reflejando la identidad y los valores de las empresas con las que colaboramos.\",\"potentialAction\":[{\"@type\":\"SearchAction\",\"target\":{\"@type\":\"EntryPoint\",\"urlTemplate\":\"https:\/\/insuitedmc.com\/?s={search_term_string}\"},\"query-input\":{\"@type\":\"PropertyValueSpecification\",\"valueRequired\":true,\"valueName\":\"search_term_string\"}}],\"inLanguage\":\"de\"}]}<\/script>\n<!-- \/ Yoast SEO plugin. -->","yoast_head_json":{"title":"Datenschutzrichtlinie - Insuite Corporate Events &amp; Incentives","robots":{"index":"noindex","follow":"follow"},"og_locale":"de_DE","og_type":"article","og_title":"Datenschutzrichtlinie - Insuite Corporate Events &amp; Incentives","og_description":"\u00dcber diese Website werden keine personenbezogenen Daten der Nutzer ohne deren Wissen erhoben und auch nicht an Dritte weitergegeben. Diese [&hellip;]","og_url":"https:\/\/insuitedmc.com\/de\/privacy-policy\/","og_site_name":"Insuite Corporate Events &amp; Incentives","article_modified_time":"2025-01-22T16:17:26+00:00","twitter_card":"summary_large_image","twitter_misc":{"Gesch\u00e4tzte Lesezeit":"4\u00a0Minuten"},"schema":{"@context":"https:\/\/schema.org","@graph":[{"@type":"WebPage","@id":"https:\/\/insuitedmc.com\/de\/privacy-policy\/","url":"https:\/\/insuitedmc.com\/de\/privacy-policy\/","name":"Datenschutzrichtlinie - Insuite Corporate Events &amp; Incentives","isPartOf":{"@id":"https:\/\/insuitedmc.com\/#website"},"datePublished":"2024-08-20T15:57:38+00:00","dateModified":"2025-01-22T16:17:26+00:00","breadcrumb":{"@id":"https:\/\/insuitedmc.com\/de\/privacy-policy\/#breadcrumb"},"inLanguage":"de","potentialAction":[{"@type":"ReadAction","target":["https:\/\/insuitedmc.com\/de\/privacy-policy\/"]}]},{"@type":"BreadcrumbList","@id":"https:\/\/insuitedmc.com\/de\/privacy-policy\/#breadcrumb","itemListElement":[{"@type":"ListItem","position":1,"name":"Portada","item":"https:\/\/insuitedmc.com\/"},{"@type":"ListItem","position":2,"name":"Datenschutzrichtlinie"}]},{"@type":"WebSite","@id":"https:\/\/insuitedmc.com\/#website","url":"https:\/\/insuitedmc.com\/","name":"Insuite Corporate Events &amp; Incentives","description":"inSuite es una reconocida agencia MICE, experta en la organizaci\u00f3n de eventos corporativos en las Islas Canarias. Nuestra esencia reside en la planificaci\u00f3n meticulosa y la ejecuci\u00f3n de cada encuentro, reflejando la identidad y los valores de las empresas con las que colaboramos.","potentialAction":[{"@type":"SearchAction","target":{"@type":"EntryPoint","urlTemplate":"https:\/\/insuitedmc.com\/?s={search_term_string}"},"query-input":{"@type":"PropertyValueSpecification","valueRequired":true,"valueName":"search_term_string"}}],"inLanguage":"de"}]}},"_links":{"self":[{"href":"https:\/\/insuitedmc.com\/de\/wp-json\/wp\/v2\/pages\/132332","targetHints":{"allow":["GET"]}}],"collection":[{"href":"https:\/\/insuitedmc.com\/de\/wp-json\/wp\/v2\/pages"}],"about":[{"href":"https:\/\/insuitedmc.com\/de\/wp-json\/wp\/v2\/types\/page"}],"author":[{"embeddable":true,"href":"https:\/\/insuitedmc.com\/de\/wp-json\/wp\/v2\/users\/1"}],"replies":[{"embeddable":true,"href":"https:\/\/insuitedmc.com\/de\/wp-json\/wp\/v2\/comments?post=132332"}],"version-history":[{"count":2,"href":"https:\/\/insuitedmc.com\/de\/wp-json\/wp\/v2\/pages\/132332\/revisions"}],"predecessor-version":[{"id":132407,"href":"https:\/\/insuitedmc.com\/de\/wp-json\/wp\/v2\/pages\/132332\/revisions\/132407"}],"wp:attachment":[{"href":"https:\/\/insuitedmc.com\/de\/wp-json\/wp\/v2\/media?parent=132332"}],"curies":[{"name":"wp","href":"https:\/\/api.w.org\/{rel}","templated":true}]}}