{"id":132446,"date":"2024-07-03T09:30:34","date_gmt":"2024-07-03T07:30:34","guid":{"rendered":"https:\/\/insuitedmc.com\/mice-agentur\/"},"modified":"2025-03-14T12:52:26","modified_gmt":"2025-03-14T11:52:26","slug":"mice-agentur","status":"publish","type":"page","link":"https:\/\/insuitedmc.com\/de\/mice-agentur\/","title":{"rendered":"MICE-Agentur"},"content":{"rendered":"<div class=\"wpb-content-wrapper\"><p>[vc_row unlock_row_content=&#8220;yes&#8220; row_height_percent=&#8220;0&#8243; override_padding=&#8220;yes&#8220; h_padding=&#8220;5&#8243; top_padding=&#8220;7&#8243; bottom_padding=&#8220;7&#8243; back_color=&#8220;color-wayh&#8220; back_image=&#8220;130699&#8243; overlay_color=&#8220;color-prif&#8220; overlay_alpha=&#8220;25&#8243; gutter_size=&#8220;3&#8243; column_width_percent=&#8220;100&#8243; shift_y=&#8220;0&#8243; z_index=&#8220;0&#8243; uncode_shortcode_id=&#8220;164607&#8243; back_color_type=&#8220;uncode-palette&#8220; overlay_color_type=&#8220;uncode-palette&#8220;][vc_column column_width_percent=&#8220;100&#8243; position_vertical=&#8220;middle&#8220; align_horizontal=&#8220;align_center&#8220; gutter_size=&#8220;3&#8243; style=&#8220;dark&#8220; overlay_alpha=&#8220;50&#8243; shift_x=&#8220;0&#8243; shift_y=&#8220;0&#8243; shift_y_down=&#8220;0&#8243; z_index=&#8220;0&#8243; medium_width=&#8220;0&#8243; mobile_width=&#8220;0&#8243; css_animation=&#8220;alpha-anim&#8220; animation_speed=&#8220;1000&#8243; width=&#8220;1\/1&#8243; uncode_shortcode_id=&#8220;166701&#8243;][vc_custom_heading heading_semantic=&#8220;h1&#8243; text_size=&#8220;fontsize-739966&#8243; text_stroke=&#8220;yes&#8220; sub_lead=&#8220;yes&#8220; sub_reduced=&#8220;yes&#8220; css_animation=&#8220;single-curtain&#8220; animation_speed=&#8220;1400&#8243; uncode_shortcode_id=&#8220;994636&#8243; subheading=&#8220;Wir entwerfen Firmenveranstaltungen f\u00fcr Ihre Marke&#8220;]MICE-Agentur[\/vc_custom_heading][\/vc_column][\/vc_row][vc_row row_height_percent=&#8220;0&#8243; override_padding=&#8220;yes&#8220; h_padding=&#8220;2&#8243; top_padding=&#8220;5&#8243; bottom_padding=&#8220;5&#8243; overlay_alpha=&#8220;50&#8243; gutter_size=&#8220;4&#8243; column_width_percent=&#8220;100&#8243; shift_y=&#8220;0&#8243; z_index=&#8220;0&#8243;][vc_column column_width_percent=&#8220;100&#8243; gutter_size=&#8220;2&#8243; overlay_alpha=&#8220;50&#8243; shift_x=&#8220;0&#8243; shift_y=&#8220;0&#8243; shift_y_down=&#8220;0&#8243; z_index=&#8220;0&#8243; medium_width=&#8220;0&#8243; mobile_width=&#8220;0&#8243; width=&#8220;1\/1&#8243;][vc_row_inner limit_content=&#8220;&#8220;][vc_column_inner column_width_percent=&#8220;100&#8243; gutter_size=&#8220;2&#8243; overlay_alpha=&#8220;50&#8243; shift_x=&#8220;0&#8243; shift_y=&#8220;0&#8243; shift_y_down=&#8220;0&#8243; z_index=&#8220;0&#8243; medium_width=&#8220;0&#8243; mobile_width=&#8220;0&#8243; width=&#8220;4\/12&#8243;][vc_single_image media=&#8220;130950&#8243; media_width_percent=&#8220;100&#8243; uncode_shortcode_id=&#8220;187002&#8243;][vc_empty_space empty_h=&#8220;2&#8243; desktop_visibility=&#8220;yes&#8220;][\/vc_column_inner][vc_column_inner column_width_percent=&#8220;100&#8243; gutter_size=&#8220;3&#8243; overlay_alpha=&#8220;50&#8243; shift_x=&#8220;0&#8243; shift_y=&#8220;0&#8243; shift_y_down=&#8220;0&#8243; z_index=&#8220;0&#8243; medium_visibility=&#8220;yes&#8220; medium_width=&#8220;0&#8243; mobile_visibility=&#8220;yes&#8220; mobile_width=&#8220;0&#8243; width=&#8220;2\/12&#8243;][\/vc_column_inner][vc_column_inner width=&#8220;6\/12&#8243;][vc_column_text uncode_shortcode_id=&#8220;118088&#8243;]inSuite ist eine renommierte MICE-Agentur, die auf die Organisation von Firmenveranstaltungen auf den Kanarischen Inseln spezialisiert ist. Unsere Essenz liegt in der sorgf\u00e4ltigen Planung und Durchf\u00fchrung von Veranstaltungen jeder Art, wobei die Identit\u00e4t und Werte der Unternehmen, mit denen wir zusammenarbeiten, widerspiegelt werden.[\/vc_column_text][vc_column_text uncode_shortcode_id=&#8220;878228&#8243;]In diesem Sinne sind wir Experten f\u00fcr die Schaffung unvergesslicher Erlebnisse durch die umfassende Organisation Ihrer Veranstaltung, einschlie\u00dflich der besten Hotels, exklusiver Veranstaltungsorte, Teambuilding-Aktivit\u00e4ten und anderer erstklassiger professioneller Dienstleistungen. Bei inSuite sehen wir uns als Handwerker einzigartiger Veranstaltungen, bei denen jedes Detail sorgf\u00e4ltig abgestimmt wird, um den Erfolg und die Wirkung Ihrer Unternehmensbotschaft sicherzustellen.[\/vc_column_text][vc_column_text uncode_shortcode_id=&#8220;162890&#8243;]Aus den vielf\u00e4ltigen und majest\u00e4tischen Landschaften der Kanarischen Inseln bieten wir einen unvergleichlichen Rahmen f\u00fcr die Organisation inspirierender und motivierender Konferenzen, Seminare und Incentive-Reisen.[\/vc_column_text][vc_custom_heading text_color=&#8220;color-900450&#8243; text_font=&#8220;font-760540&#8243; text_size=&#8220;h5&#8243; text_weight=&#8220;400&#8243; uncode_shortcode_id=&#8220;205083&#8243; text_color_type=&#8220;uncode-palette&#8220;]<a href=\"https:\/\/insuitedmc.com\/de\/mice-agentur\/team\/\">Lernen Sie das Team kennen \u2192<\/a>[\/vc_custom_heading][vc_empty_space][\/vc_column_inner][\/vc_row_inner][vc_separator sep_color=&#8220;accent&#8220; uncode_shortcode_id=&#8220;146814&#8243; sep_color_type=&#8220;uncode-palette&#8220;][vc_empty_space empty_h=&#8220;3&#8243;][vc_custom_heading text_color=&#8220;accent&#8220; heading_semantic=&#8220;h6&#8243; text_size=&#8220;fontsize-160000&#8243; text_transform=&#8220;uppercase&#8220; text_space=&#8220;fontspace-135905&#8243; uncode_shortcode_id=&#8220;314024&#8243; text_color_type=&#8220;uncode-palette&#8220;]MICE-Veranstaltungen[\/vc_custom_heading][vc_empty_space empty_h=&#8220;2&#8243;][vc_row_inner limit_content=&#8220;&#8220;][vc_column_inner column_width_percent=&#8220;100&#8243; align_horizontal=&#8220;align_center&#8220; gutter_size=&#8220;3&#8243; overlay_alpha=&#8220;50&#8243; shift_x=&#8220;0&#8243; shift_y=&#8220;0&#8243; shift_y_down=&#8220;0&#8243; z_index=&#8220;0&#8243; medium_width=&#8220;4&#8243; mobile_width=&#8220;4&#8243; css_animation=&#8220;bottom-t-top&#8220; animation_delay=&#8220;200&#8243; width=&#8220;1\/4&#8243; uncode_shortcode_id=&#8220;180206&#8243;][vc_single_image media=&#8220;131225&#8243; media_width_percent=&#8220;100&#8243; shape=&#8220;img-circle&#8220; uncode_shortcode_id=&#8220;102092&#8243;][vc_custom_heading text_color=&#8220;accent&#8220; heading_semantic=&#8220;h6&#8243; text_size=&#8220;fontsize-160000&#8243; text_transform=&#8220;uppercase&#8220; text_space=&#8220;fontspace-781688&#8243; uncode_shortcode_id=&#8220;115698&#8243; text_color_type=&#8220;uncode-palette&#8220;]Incentive-Reisen[\/vc_custom_heading][vc_column_text text_lead=&#8220;small&#8220; uncode_shortcode_id=&#8220;733870&#8243;]Entdecken Sie den Wert motivierter Mitarbeiter oder Kunden mit unserem umfangreichen Katalog von Optionen f\u00fcr Incentive-Reisen. Bei inSuite gestalten wir unvergessliche Erlebnisse, die Engagement belohnen, Teamzusammenhalt st\u00e4rken und den Unternehmensgeist in den inspirierenden Kulissen der Kanarischen Inseln erneuern.[\/vc_column_text][vc_button button_color=&#8220;accent&#8220; size=&#8220;btn-sm&#8220; radius=&#8220;btn-circle&#8220; hover_fx=&#8220;outlined&#8220; outline=&#8220;yes&#8220; border_width=&#8220;0&#8243; icon_position=&#8220;right&#8220; button_color_type=&#8220;uncode-palette&#8220; icon=&#8220;fa fa-arrow-right&#8220; uncode_shortcode_id=&#8220;197858&#8243; link=&#8220;url:https%3A%2F%2Fwww.insuitedmc.com%2Fde%2Fservicio%2Fviajes-de-incentivo%2F|&#8220;]Mehr Info[\/vc_button][\/vc_column_inner][vc_column_inner column_width_percent=&#8220;100&#8243; align_horizontal=&#8220;align_center&#8220; gutter_size=&#8220;3&#8243; overlay_alpha=&#8220;50&#8243; shift_x=&#8220;0&#8243; shift_y=&#8220;0&#8243; shift_y_down=&#8220;0&#8243; z_index=&#8220;0&#8243; medium_width=&#8220;4&#8243; mobile_width=&#8220;4&#8243; css_animation=&#8220;bottom-t-top&#8220; animation_delay=&#8220;400&#8243; width=&#8220;1\/4&#8243; uncode_shortcode_id=&#8220;171644&#8243;][vc_single_image media=&#8220;131227&#8243; media_width_percent=&#8220;100&#8243; shape=&#8220;img-circle&#8220; uncode_shortcode_id=&#8220;564028&#8243;][vc_custom_heading text_color=&#8220;accent&#8220; heading_semantic=&#8220;h6&#8243; text_size=&#8220;fontsize-160000&#8243; text_transform=&#8220;uppercase&#8220; text_space=&#8220;fontspace-781688&#8243; uncode_shortcode_id=&#8220;146205&#8243; text_color_type=&#8220;uncode-palette&#8220;]Produktvorstellungen[\/vc_custom_heading][vc_column_text text_lead=&#8220;small&#8220; uncode_shortcode_id=&#8220;752700&#8243;]<span style=\"font-weight: 400;\">Wir verwandeln jede Produktorstellung in ein Ereignis, das das Konventionelle \u00fcbertrifft und in die Zukunft hineinreicht. Als Experten f\u00fcr die vielf\u00e4ltigen M\u00f6glichkeiten unseres Reiseziels sind wir darauf spezialisiert, dynamische Pr\u00e4sentationen zu entwerfen, die die Einzigartigkeit Ihres Produkts hervorheben und sicherstellen, dass jede Einf\u00fchrung Aufmerksamkeit erregt und Erwartungen in Ihrem Zielmarkt weckt. <\/span>[\/vc_column_text][vc_button button_color=&#8220;accent&#8220; size=&#8220;btn-sm&#8220; radius=&#8220;btn-circle&#8220; hover_fx=&#8220;outlined&#8220; outline=&#8220;yes&#8220; border_width=&#8220;0&#8243; icon_position=&#8220;right&#8220; button_color_type=&#8220;uncode-palette&#8220; icon=&#8220;fa fa-arrow-right&#8220; uncode_shortcode_id=&#8220;213929&#8243; link=&#8220;url:https%3A%2F%2Fwww.insuitedmc.com%2Fde%2Fservicio%2Fpresentacion-de-productos%2F|&#8220;]Mehr Info[\/vc_button][\/vc_column_inner][vc_column_inner column_width_percent=&#8220;100&#8243; align_horizontal=&#8220;align_center&#8220; gutter_size=&#8220;3&#8243; overlay_alpha=&#8220;50&#8243; shift_x=&#8220;0&#8243; shift_y=&#8220;0&#8243; shift_y_down=&#8220;0&#8243; z_index=&#8220;0&#8243; medium_width=&#8220;4&#8243; mobile_width=&#8220;4&#8243; css_animation=&#8220;bottom-t-top&#8220; animation_delay=&#8220;600&#8243; width=&#8220;1\/4&#8243; uncode_shortcode_id=&#8220;346126&#8243;][vc_single_image media=&#8220;131229&#8243; media_width_percent=&#8220;100&#8243; shape=&#8220;img-circle&#8220; uncode_shortcode_id=&#8220;126678&#8243;][vc_custom_heading text_color=&#8220;accent&#8220; heading_semantic=&#8220;h6&#8243; text_size=&#8220;fontsize-160000&#8243; text_transform=&#8220;uppercase&#8220; text_space=&#8220;fontspace-781688&#8243; uncode_shortcode_id=&#8220;510006&#8243; text_color_type=&#8220;uncode-palette&#8220;]Firmenveranstaltungen[\/vc_custom_heading][vc_column_text text_lead=&#8220;small&#8220; uncode_shortcode_id=&#8220;213010&#8243;]<span style=\"font-weight: 400;\">Mit inSuite wird jede Firmenveranstaltung zu einer Gelegenheit, zu beeindrucken und Verbindungen aufzubauen. Von kleinen Teamtreffen oder Seminaren bis hin zu gro\u00dfen Konferenzen; wir k\u00fcmmern uns um jedes Detail, spiegeln Ihre Unternehmensvision wider und sorgen daf\u00fcr, dass Sie Ihre strategischen Ziele erreichen.<\/span>[\/vc_column_text][vc_button button_color=&#8220;accent&#8220; size=&#8220;btn-sm&#8220; radius=&#8220;btn-circle&#8220; hover_fx=&#8220;outlined&#8220; outline=&#8220;yes&#8220; border_width=&#8220;0&#8243; icon_position=&#8220;right&#8220; button_color_type=&#8220;uncode-palette&#8220; icon=&#8220;fa fa-arrow-right&#8220; uncode_shortcode_id=&#8220;122933&#8243; link=&#8220;url:https%3A%2F%2Fwww.insuitedmc.com%2Fde%2Fservicio%2Feventos-corporativos%2F|&#8220;]Mehr Info[\/vc_button][\/vc_column_inner][vc_column_inner column_width_percent=&#8220;100&#8243; align_horizontal=&#8220;align_center&#8220; gutter_size=&#8220;3&#8243; overlay_alpha=&#8220;50&#8243; shift_x=&#8220;0&#8243; shift_y=&#8220;0&#8243; shift_y_down=&#8220;0&#8243; z_index=&#8220;0&#8243; medium_width=&#8220;4&#8243; mobile_width=&#8220;4&#8243; css_animation=&#8220;bottom-t-top&#8220; animation_delay=&#8220;800&#8243; width=&#8220;1\/4&#8243; uncode_shortcode_id=&#8220;759625&#8243;][vc_single_image media=&#8220;131228&#8243; media_width_percent=&#8220;100&#8243; shape=&#8220;img-circle&#8220; uncode_shortcode_id=&#8220;191260&#8243;][vc_custom_heading text_color=&#8220;accent&#8220; heading_semantic=&#8220;h6&#8243; text_size=&#8220;fontsize-160000&#8243; text_transform=&#8220;uppercase&#8220; text_space=&#8220;fontspace-781688&#8243; uncode_shortcode_id=&#8220;185148&#8243; text_color_type=&#8220;uncode-palette&#8220;]Automobilbranche[\/vc_custom_heading][vc_column_text text_lead=&#8220;small&#8220; uncode_shortcode_id=&#8220;368439&#8243;]<span style=\"font-weight: 400;\">Bei inSuite verbinden wir Leidenschaft und Pr\u00e4zision in Automobilveranstaltungen. Wir setzen alles daran, die Innovationen jedes neuen Modells mit einer Inszenierung zu pr\u00e4sentieren, die Essenz der Marke widerspiegelt und ein unvergessliches Erlebnis f\u00fcr die Teilnehmer dieser dynamischen Veranstaltungen schafft. <\/span>[\/vc_column_text][vc_button button_color=&#8220;accent&#8220; size=&#8220;btn-sm&#8220; radius=&#8220;btn-circle&#8220; hover_fx=&#8220;outlined&#8220; outline=&#8220;yes&#8220; border_width=&#8220;0&#8243; icon_position=&#8220;right&#8220; button_color_type=&#8220;uncode-palette&#8220; icon=&#8220;fa fa-arrow-right&#8220; uncode_shortcode_id=&#8220;219416&#8243; link=&#8220;url:https%3A%2F%2Fwww.insuitedmc.com%2Fde%2Fservicio%2Fautomocion%2F|&#8220;]Mehr Info[\/vc_button][\/vc_column_inner][\/vc_row_inner][vc_empty_space empty_h=&#8220;2&#8243;][\/vc_column][\/vc_row]<\/p>\n<\/div>","protected":false},"excerpt":{"rendered":"<p>[vc_row unlock_row_content=&#8220;yes&#8220; row_height_percent=&#8220;0&#8243; override_padding=&#8220;yes&#8220; h_padding=&#8220;5&#8243; top_padding=&#8220;7&#8243; bottom_padding=&#8220;7&#8243; back_color=&#8220;color-wayh&#8220; back_image=&#8220;130699&#8243; overlay_color=&#8220;color-prif&#8220; overlay_alpha=&#8220;25&#8243; gutter_size=&#8220;3&#8243; column_width_percent=&#8220;100&#8243; shift_y=&#8220;0&#8243; z_index=&#8220;0&#8243; uncode_shortcode_id=&#8220;164607&#8243; back_color_type=&#8220;uncode-palette&#8220; overlay_color_type=&#8220;uncode-palette&#8220;][vc_column column_width_percent=&#8220;100&#8243; position_vertical=&#8220;middle&#8220; [&hellip;]<\/p>\n","protected":false},"author":1,"featured_media":0,"parent":0,"menu_order":0,"comment_status":"closed","ping_status":"closed","template":"","meta":{"footnotes":""},"class_list":["post-132446","page","type-page","status-publish","hentry"],"yoast_head":"<!-- This site is optimized with the Yoast SEO plugin v24.8.1 - https:\/\/yoast.com\/wordpress\/plugins\/seo\/ -->\n<title>MICE-Agentur | inSuite Firmen Events und Incentives<\/title>\n<meta name=\"description\" content=\"Ihre MICE-Agentur f\u00fcr ma\u00dfgeschneiderte Firmenveranstaltungen auf den Kanarischen Inseln. inSuite bietet exklusive Locations, Teambuilding &amp; mehr.\" \/>\n<meta name=\"robots\" content=\"index, follow, max-snippet:-1, max-image-preview:large, max-video-preview:-1\" \/>\n<link rel=\"canonical\" href=\"https:\/\/insuitedmc.com\/de\/mice-agentur\/\" \/>\n<meta property=\"og:locale\" content=\"de_DE\" \/>\n<meta property=\"og:type\" content=\"article\" \/>\n<meta property=\"og:title\" content=\"MICE-Agentur | inSuite Firmen Events und Incentives\" \/>\n<meta property=\"og:description\" content=\"Ihre MICE-Agentur f\u00fcr ma\u00dfgeschneiderte Firmenveranstaltungen auf den Kanarischen Inseln. inSuite bietet exklusive Locations, Teambuilding &amp; mehr.\" \/>\n<meta property=\"og:url\" content=\"https:\/\/insuitedmc.com\/de\/mice-agentur\/\" \/>\n<meta property=\"og:site_name\" content=\"Insuite Corporate Events &amp; Incentives\" \/>\n<meta property=\"article:modified_time\" content=\"2025-03-14T11:52:26+00:00\" \/>\n<meta name=\"twitter:card\" content=\"summary_large_image\" \/>\n<meta name=\"twitter:label1\" content=\"Gesch\u00e4tzte Lesezeit\" \/>\n\t<meta name=\"twitter:data1\" content=\"3\u00a0Minuten\" \/>\n<script type=\"application\/ld+json\" class=\"yoast-schema-graph\">{\"@context\":\"https:\/\/schema.org\",\"@graph\":[{\"@type\":\"WebPage\",\"@id\":\"https:\/\/insuitedmc.com\/de\/mice-agentur\/\",\"url\":\"https:\/\/insuitedmc.com\/de\/mice-agentur\/\",\"name\":\"MICE-Agentur | inSuite Firmen Events und Incentives\",\"isPartOf\":{\"@id\":\"https:\/\/insuitedmc.com\/#website\"},\"datePublished\":\"2024-07-03T07:30:34+00:00\",\"dateModified\":\"2025-03-14T11:52:26+00:00\",\"description\":\"Ihre MICE-Agentur f\u00fcr ma\u00dfgeschneiderte Firmenveranstaltungen auf den Kanarischen Inseln. inSuite bietet exklusive Locations, Teambuilding & mehr.\",\"breadcrumb\":{\"@id\":\"https:\/\/insuitedmc.com\/de\/mice-agentur\/#breadcrumb\"},\"inLanguage\":\"de\",\"potentialAction\":[{\"@type\":\"ReadAction\",\"target\":[\"https:\/\/insuitedmc.com\/de\/mice-agentur\/\"]}]},{\"@type\":\"BreadcrumbList\",\"@id\":\"https:\/\/insuitedmc.com\/de\/mice-agentur\/#breadcrumb\",\"itemListElement\":[{\"@type\":\"ListItem\",\"position\":1,\"name\":\"Portada\",\"item\":\"https:\/\/insuitedmc.com\/\"},{\"@type\":\"ListItem\",\"position\":2,\"name\":\"MICE-Agentur\"}]},{\"@type\":\"WebSite\",\"@id\":\"https:\/\/insuitedmc.com\/#website\",\"url\":\"https:\/\/insuitedmc.com\/\",\"name\":\"Insuite Corporate Events &amp; Incentives\",\"description\":\"inSuite es una reconocida agencia MICE, experta en la organizaci\u00f3n de eventos corporativos en las Islas Canarias. Nuestra esencia reside en la planificaci\u00f3n meticulosa y la ejecuci\u00f3n de cada encuentro, reflejando la identidad y los valores de las empresas con las que colaboramos.\",\"potentialAction\":[{\"@type\":\"SearchAction\",\"target\":{\"@type\":\"EntryPoint\",\"urlTemplate\":\"https:\/\/insuitedmc.com\/?s={search_term_string}\"},\"query-input\":{\"@type\":\"PropertyValueSpecification\",\"valueRequired\":true,\"valueName\":\"search_term_string\"}}],\"inLanguage\":\"de\"}]}<\/script>\n<!-- \/ Yoast SEO plugin. -->","yoast_head_json":{"title":"MICE-Agentur | inSuite Firmen Events und Incentives","description":"Ihre MICE-Agentur f\u00fcr ma\u00dfgeschneiderte Firmenveranstaltungen auf den Kanarischen Inseln. inSuite bietet exklusive Locations, Teambuilding & mehr.","robots":{"index":"index","follow":"follow","max-snippet":"max-snippet:-1","max-image-preview":"max-image-preview:large","max-video-preview":"max-video-preview:-1"},"canonical":"https:\/\/insuitedmc.com\/de\/mice-agentur\/","og_locale":"de_DE","og_type":"article","og_title":"MICE-Agentur | inSuite Firmen Events und Incentives","og_description":"Ihre MICE-Agentur f\u00fcr ma\u00dfgeschneiderte Firmenveranstaltungen auf den Kanarischen Inseln. inSuite bietet exklusive Locations, Teambuilding & mehr.","og_url":"https:\/\/insuitedmc.com\/de\/mice-agentur\/","og_site_name":"Insuite Corporate Events &amp; Incentives","article_modified_time":"2025-03-14T11:52:26+00:00","twitter_card":"summary_large_image","twitter_misc":{"Gesch\u00e4tzte Lesezeit":"3\u00a0Minuten"},"schema":{"@context":"https:\/\/schema.org","@graph":[{"@type":"WebPage","@id":"https:\/\/insuitedmc.com\/de\/mice-agentur\/","url":"https:\/\/insuitedmc.com\/de\/mice-agentur\/","name":"MICE-Agentur | inSuite Firmen Events und Incentives","isPartOf":{"@id":"https:\/\/insuitedmc.com\/#website"},"datePublished":"2024-07-03T07:30:34+00:00","dateModified":"2025-03-14T11:52:26+00:00","description":"Ihre MICE-Agentur f\u00fcr ma\u00dfgeschneiderte Firmenveranstaltungen auf den Kanarischen Inseln. inSuite bietet exklusive Locations, Teambuilding & mehr.","breadcrumb":{"@id":"https:\/\/insuitedmc.com\/de\/mice-agentur\/#breadcrumb"},"inLanguage":"de","potentialAction":[{"@type":"ReadAction","target":["https:\/\/insuitedmc.com\/de\/mice-agentur\/"]}]},{"@type":"BreadcrumbList","@id":"https:\/\/insuitedmc.com\/de\/mice-agentur\/#breadcrumb","itemListElement":[{"@type":"ListItem","position":1,"name":"Portada","item":"https:\/\/insuitedmc.com\/"},{"@type":"ListItem","position":2,"name":"MICE-Agentur"}]},{"@type":"WebSite","@id":"https:\/\/insuitedmc.com\/#website","url":"https:\/\/insuitedmc.com\/","name":"Insuite Corporate Events &amp; Incentives","description":"inSuite es una reconocida agencia MICE, experta en la organizaci\u00f3n de eventos corporativos en las Islas Canarias. Nuestra esencia reside en la planificaci\u00f3n meticulosa y la ejecuci\u00f3n de cada encuentro, reflejando la identidad y los valores de las empresas con las que colaboramos.","potentialAction":[{"@type":"SearchAction","target":{"@type":"EntryPoint","urlTemplate":"https:\/\/insuitedmc.com\/?s={search_term_string}"},"query-input":{"@type":"PropertyValueSpecification","valueRequired":true,"valueName":"search_term_string"}}],"inLanguage":"de"}]}},"_links":{"self":[{"href":"https:\/\/insuitedmc.com\/de\/wp-json\/wp\/v2\/pages\/132446","targetHints":{"allow":["GET"]}}],"collection":[{"href":"https:\/\/insuitedmc.com\/de\/wp-json\/wp\/v2\/pages"}],"about":[{"href":"https:\/\/insuitedmc.com\/de\/wp-json\/wp\/v2\/types\/page"}],"author":[{"embeddable":true,"href":"https:\/\/insuitedmc.com\/de\/wp-json\/wp\/v2\/users\/1"}],"replies":[{"embeddable":true,"href":"https:\/\/insuitedmc.com\/de\/wp-json\/wp\/v2\/comments?post=132446"}],"version-history":[{"count":13,"href":"https:\/\/insuitedmc.com\/de\/wp-json\/wp\/v2\/pages\/132446\/revisions"}],"predecessor-version":[{"id":132879,"href":"https:\/\/insuitedmc.com\/de\/wp-json\/wp\/v2\/pages\/132446\/revisions\/132879"}],"wp:attachment":[{"href":"https:\/\/insuitedmc.com\/de\/wp-json\/wp\/v2\/media?parent=132446"}],"curies":[{"name":"wp","href":"https:\/\/api.w.org\/{rel}","templated":true}]}}