{"id":132449,"date":"2017-05-05T11:55:57","date_gmt":"2017-05-05T09:55:57","guid":{"rendered":"https:\/\/insuitedmc.com\/mice-agentur\/team\/"},"modified":"2025-04-01T11:07:20","modified_gmt":"2025-04-01T09:07:20","slug":"team","status":"publish","type":"page","link":"https:\/\/insuitedmc.com\/de\/mice-agentur\/team\/","title":{"rendered":"Team"},"content":{"rendered":"<div class=\"wpb-content-wrapper\"><p>[vc_row row_height_percent=&#8220;70&#8243; back_color=&#8220;color-wayh&#8220; back_image=&#8220;131392&#8243; back_position=&#8220;center top&#8220; overlay_alpha=&#8220;50&#8243; gutter_size=&#8220;3&#8243; column_width_percent=&#8220;100&#8243; shift_y=&#8220;0&#8243; z_index=&#8220;0&#8243; content_parallax=&#8220;0&#8243; uncode_shortcode_id=&#8220;127917&#8243; back_color_type=&#8220;uncode-palette&#8220;][vc_column column_width_percent=&#8220;100&#8243; gutter_size=&#8220;3&#8243; style=&#8220;dark&#8220; overlay_alpha=&#8220;50&#8243; shift_x=&#8220;0&#8243; shift_y=&#8220;0&#8243; shift_y_down=&#8220;0&#8243; z_index=&#8220;0&#8243; medium_width=&#8220;0&#8243; mobile_width=&#8220;0&#8243; width=&#8220;1\/1&#8243;][\/vc_column][\/vc_row][vc_row row_height_percent=&#8220;0&#8243; override_padding=&#8220;yes&#8220; h_padding=&#8220;2&#8243; top_padding=&#8220;0&#8243; bottom_padding=&#8220;0&#8243; overlay_alpha=&#8220;50&#8243; gutter_size=&#8220;3&#8243; column_width_percent=&#8220;100&#8243; shift_y=&#8220;0&#8243; z_index=&#8220;0&#8243; medium_visibility=&#8220;yes&#8220; mobile_visibility=&#8220;yes&#8220; uncode_shortcode_id=&#8220;206502&#8243;][vc_column column_width_percent=&#8220;100&#8243; gutter_size=&#8220;3&#8243; override_padding=&#8220;yes&#8220; column_padding=&#8220;3&#8243; back_color=&#8220;color-xsdn&#8220; overlay_alpha=&#8220;50&#8243; shift_x=&#8220;0&#8243; shift_y=&#8220;-4&#8243; shift_y_fixed=&#8220;yes&#8220; shift_y_down=&#8220;0&#8243; z_index=&#8220;0&#8243; medium_width=&#8220;0&#8243; mobile_width=&#8220;0&#8243; width=&#8220;1\/1&#8243;][vc_row_inner row_inner_height_percent=&#8220;0&#8243; overlay_alpha=&#8220;50&#8243; equal_height=&#8220;yes&#8220; gutter_size=&#8220;0&#8243; shift_y=&#8220;0&#8243; limit_content=&#8220;&#8220;][vc_column_inner column_width_percent=&#8220;100&#8243; position_vertical=&#8220;middle&#8220; align_horizontal=&#8220;align_center&#8220; gutter_size=&#8220;3&#8243; override_padding=&#8220;yes&#8220; column_padding=&#8220;3&#8243; overlay_alpha=&#8220;50&#8243; preserve_border=&#8220;yes&#8220; preserve_border_tablet=&#8220;yes&#8220; border_color=&#8220;color-gyho&#8220; border_style=&#8220;solid&#8220; shift_x=&#8220;0&#8243; shift_y=&#8220;0&#8243; shift_y_down=&#8220;0&#8243; z_index=&#8220;0&#8243; medium_width=&#8220;2&#8243; mobile_width=&#8220;0&#8243; width=&#8220;3\/12&#8243; css=&#8220;.vc_custom_1623402307846{border-right-width: 1px !important;}&#8220; uncode_shortcode_id=&#8220;301232&#8243; border_color_type=&#8220;uncode-palette&#8220;][vc_custom_heading text_color=&#8220;accent&#8220; heading_semantic=&#8220;h3&#8243; text_font=&#8220;font-103749&#8243; text_size=&#8220;h3&#8243; text_weight=&#8220;400&#8243; text_transform=&#8220;uppercase&#8220; text_space=&#8220;fontspace-781688&#8243; uncode_shortcode_id=&#8220;122664&#8243; text_color_type=&#8220;uncode-palette&#8220;]TEAM[\/vc_custom_heading][\/vc_column_inner][vc_column_inner column_width_percent=&#8220;100&#8243; position_vertical=&#8220;middle&#8220; gutter_size=&#8220;3&#8243; override_padding=&#8220;yes&#8220; column_padding=&#8220;3&#8243; overlay_alpha=&#8220;50&#8243; shift_x=&#8220;0&#8243; shift_y=&#8220;0&#8243; shift_y_down=&#8220;0&#8243; z_index=&#8220;0&#8243; medium_width=&#8220;6&#8243; align_mobile=&#8220;align_center_mobile&#8220; mobile_width=&#8220;0&#8243; width=&#8220;9\/12&#8243;][vc_custom_heading heading_semantic=&#8220;h1&#8243; text_font=&#8220;font-103749&#8243; text_size=&#8220;fontsize-155944&#8243; text_weight=&#8220;400&#8243; text_space=&#8220;fontspace-781688&#8243; uncode_shortcode_id=&#8220;745913&#8243;]<span style=\"font-weight: 400;\">Leidenschaft f\u00fcr die Organisation von Veranstaltungen<\/span>[\/vc_custom_heading][\/vc_column_inner][\/vc_row_inner][\/vc_column][\/vc_row][vc_row row_height_percent=&#8220;0&#8243; override_padding=&#8220;yes&#8220; h_padding=&#8220;2&#8243; top_padding=&#8220;0&#8243; bottom_padding=&#8220;0&#8243; overlay_alpha=&#8220;50&#8243; gutter_size=&#8220;3&#8243; column_width_percent=&#8220;100&#8243; shift_y=&#8220;0&#8243; z_index=&#8220;0&#8243; desktop_visibility=&#8220;yes&#8220; uncode_shortcode_id=&#8220;177352&#8243;][vc_column column_width_percent=&#8220;100&#8243; align_horizontal=&#8220;align_center&#8220; gutter_size=&#8220;3&#8243; override_padding=&#8220;yes&#8220; column_padding=&#8220;3&#8243; back_color=&#8220;color-xsdn&#8220; overlay_alpha=&#8220;50&#8243; shift_x=&#8220;0&#8243; shift_y=&#8220;-4&#8243; shift_y_fixed=&#8220;yes&#8220; shift_y_down=&#8220;0&#8243; z_index=&#8220;0&#8243; medium_width=&#8220;0&#8243; mobile_width=&#8220;0&#8243; width=&#8220;1\/1&#8243; uncode_shortcode_id=&#8220;169560&#8243; back_color_type=&#8220;uncode-palette&#8220;][vc_custom_heading text_color=&#8220;accent&#8220; heading_semantic=&#8220;h4&#8243; text_font=&#8220;font-103749&#8243; text_size=&#8220;h4&#8243; text_weight=&#8220;400&#8243; text_transform=&#8220;uppercase&#8220; text_space=&#8220;fontspace-781688&#8243; uncode_shortcode_id=&#8220;152348&#8243; text_color_type=&#8220;uncode-palette&#8220;]TEAM[\/vc_custom_heading][vc_custom_heading text_font=&#8220;font-103749&#8243; text_weight=&#8220;400&#8243; text_space=&#8220;fontspace-781688&#8243; uncode_shortcode_id=&#8220;131647&#8243;]<span style=\"font-weight: 400;\">Leidenschaft f\u00fcr die Organisation von Veranstaltungen<\/span>[\/vc_custom_heading][\/vc_column][\/vc_row][vc_row row_height_percent=&#8220;0&#8243; override_padding=&#8220;yes&#8220; h_padding=&#8220;2&#8243; top_padding=&#8220;0&#8243; bottom_padding=&#8220;0&#8243; overlay_alpha=&#8220;50&#8243; gutter_size=&#8220;3&#8243; column_width_percent=&#8220;100&#8243; shift_y=&#8220;0&#8243; z_index=&#8220;0&#8243;][vc_column column_width_use_pixel=&#8220;yes&#8220; gutter_size=&#8220;2&#8243; font_family=&#8220;font-165032&#8243; overlay_alpha=&#8220;50&#8243; shift_x=&#8220;0&#8243; shift_y=&#8220;0&#8243; shift_y_down=&#8220;0&#8243; z_index=&#8220;0&#8243; medium_width=&#8220;0&#8243; align_mobile=&#8220;align_center_mobile&#8220; mobile_width=&#8220;0&#8243; width=&#8220;1\/1&#8243; column_width_pixel=&#8220;800&#8243; uncode_shortcode_id=&#8220;123027&#8243;][vc_column_text text_lead=&#8220;yes&#8220; uncode_shortcode_id=&#8220;810848&#8243;]<span class=\"font-760540\" style=\"font-weight: 400;\">Unser Team von Fachleuten, das leidenschaftlich gerne Veranstaltungen organisiert, kombiniert umfassendes lokales Wissen mit globalem Verst\u00e4ndnis und stellt sicher, dass jeder Aspekt Ihrer Veranstaltung au\u00dfergew\u00f6hnlich ist, von der Konzeption bis zur finalen Umsetzung. Deshalb ist inSuite Ihr strategischer Partner, um jede Veranstaltung zu einem einzigartigen und bereichernden Erlebnis zu machen. <\/span><\/p>\n<p><span class=\"font-760540\" style=\"font-weight: 400;\">Wir verbinden Professionalit\u00e4t und Ernsthaftigkeit mit einem innovativen Ansatz und stellen sicher, dass jede Veranstaltung ein einzigartiges Erlebnis ist. Wir arbeiten mit den besten Anbietern auf den Kanarischen Inseln zusammen, um sicherzustellen, dass jedes Element, von der Unterkunft bis zu den von uns organisierten Aktivit\u00e4ten, mit der Vision unserer Kunden \u00fcbereinstimmt.<br \/>\n<\/span>[\/vc_column_text][\/vc_column][\/vc_row][vc_row][vc_column width=&#8220;1\/1&#8243;][vc_empty_space empty_h=&#8220;2&#8243;][\/vc_column][\/vc_row][vc_row unlock_row_content=&#8220;yes&#8220; row_height_percent=&#8220;0&#8243; override_padding=&#8220;yes&#8220; h_padding=&#8220;5&#8243; top_padding=&#8220;0&#8243; bottom_padding=&#8220;5&#8243; overlay_alpha=&#8220;100&#8243; gutter_size=&#8220;100&#8243; column_width_percent=&#8220;100&#8243; shift_y=&#8220;0&#8243; z_index=&#8220;0&#8243; style=&#8220;inherited&#8220;][vc_column width=&#8220;1\/1&#8243;][vc_gallery el_id=&#8220;gallery-3184678&#8243; medias=&#8220;131435,131436,131437,131438&#8243; gutter_size=&#8220;4&#8243; media_items=&#8220;media|nolink|original,title,caption,description,sep-one|full,team-social&#8220; screen_lg=&#8220;1000&#8243; screen_md=&#8220;600&#8243; screen_sm=&#8220;480&#8243; single_text=&#8220;under&#8220; single_width=&#8220;3&#8243; images_size=&#8220;one-one&#8220; single_shape=&#8220;circle&#8220; single_overlay_opacity=&#8220;50&#8243; single_overlay_anim=&#8220;no&#8220; single_text_anim=&#8220;no&#8220; single_image_anim=&#8220;no&#8220; single_h_align=&#8220;center&#8220; single_padding=&#8220;3&#8243; single_title_family=&#8220;font-760540&#8243; single_title_dimension=&#8220;h5&#8243; single_title_weight=&#8220;700&#8243; single_title_space=&#8220;fontspace-781688&#8243; single_border=&#8220;yes&#8220; single_css_animation=&#8220;zoom-in&#8220; carousel_rtl=&#8220;&#8220; single_half_padding=&#8220;yes&#8220; single_title_uppercase=&#8220;&#8220; single_title_serif=&#8220;&#8220; single_no_background=&#8220;yes&#8220; items=&#8220;eyIxMzc2M19pIjp7InNpbmdsZV9saW5rIjoidXJsOmh0dHA6Ly93d3cudW5kc2duLmNvbXx8dGFyZ2V0OiBfYmxhbmsifSwiMTM3NjlfaSI6eyJzaW5nbGVfbGluayI6InVybDpodHRwOi8vd3d3LnVuZHNnbi5jb218fHRhcmdldDogX2JsYW5rIn0sIjEzNzcwX2kiOnsic2luZ2xlX2xpbmsiOiJ1cmw6aHR0cDovL3d3dy51bmRzZ24uY29tfHx0YXJnZXQ6IF9ibGFuayJ9LCIxMzc2Nl9pIjp7InNpbmdsZV9saW5rIjoidXJsOmh0dHA6Ly93d3cudW5kc2duLmNvbXx8dGFyZ2V0OiBfYmxhbmsifX0=&#8220; uncode_shortcode_id=&#8220;202787&#8243;][\/vc_column][\/vc_row][vc_row unlock_row_content=&#8220;yes&#8220; row_height_percent=&#8220;0&#8243; override_padding=&#8220;yes&#8220; h_padding=&#8220;0&#8243; top_padding=&#8220;0&#8243; bottom_padding=&#8220;0&#8243; overlay_alpha=&#8220;50&#8243; gutter_size=&#8220;3&#8243; column_width_percent=&#8220;100&#8243; shift_y=&#8220;0&#8243; z_index=&#8220;0&#8243; content_parallax=&#8220;0&#8243; uncode_shortcode_id=&#8220;210670&#8243;][vc_column width=&#8220;1\/1&#8243;][vc_single_image media=&#8220;132587&#8243; media_width_percent=&#8220;100&#8243; uncode_shortcode_id=&#8220;729575&#8243;][\/vc_column][\/vc_row]<\/p>\n<\/div>","protected":false},"excerpt":{"rendered":"<p>[vc_row row_height_percent=&#8220;70&#8243; back_color=&#8220;color-wayh&#8220; back_image=&#8220;131392&#8243; back_position=&#8220;center top&#8220; overlay_alpha=&#8220;50&#8243; gutter_size=&#8220;3&#8243; column_width_percent=&#8220;100&#8243; shift_y=&#8220;0&#8243; z_index=&#8220;0&#8243; content_parallax=&#8220;0&#8243; uncode_shortcode_id=&#8220;127917&#8243; back_color_type=&#8220;uncode-palette&#8220;][vc_column column_width_percent=&#8220;100&#8243; gutter_size=&#8220;3&#8243; style=&#8220;dark&#8220; overlay_alpha=&#8220;50&#8243; shift_x=&#8220;0&#8243; shift_y=&#8220;0&#8243; [&hellip;]<\/p>\n","protected":false},"author":1,"featured_media":0,"parent":132446,"menu_order":0,"comment_status":"closed","ping_status":"closed","template":"","meta":{"footnotes":""},"class_list":["post-132449","page","type-page","status-publish","hentry"],"yoast_head":"<!-- This site is optimized with the Yoast SEO plugin v24.8.1 - https:\/\/yoast.com\/wordpress\/plugins\/seo\/ -->\n<title>Team | inSuite Firmen Events und Incentives<\/title>\n<meta name=\"description\" content=\"Ihr MICE-Team f\u00fcr au\u00dfergew\u00f6hnliche Events! inSuite vereint lokales Know-how &amp; globale Expertise f\u00fcr perfekt organisierte Veranstaltungen auf den Kanaren.\" \/>\n<meta name=\"robots\" content=\"index, follow, max-snippet:-1, max-image-preview:large, max-video-preview:-1\" \/>\n<link rel=\"canonical\" href=\"https:\/\/insuitedmc.com\/de\/mice-agentur\/team\/\" \/>\n<meta property=\"og:locale\" content=\"de_DE\" \/>\n<meta property=\"og:type\" content=\"article\" \/>\n<meta property=\"og:title\" content=\"Team | inSuite Firmen Events und Incentives\" \/>\n<meta property=\"og:description\" content=\"Ihr MICE-Team f\u00fcr au\u00dfergew\u00f6hnliche Events! inSuite vereint lokales Know-how &amp; globale Expertise f\u00fcr perfekt organisierte Veranstaltungen auf den Kanaren.\" \/>\n<meta property=\"og:url\" content=\"https:\/\/insuitedmc.com\/de\/mice-agentur\/team\/\" \/>\n<meta property=\"og:site_name\" content=\"Insuite Corporate Events &amp; Incentives\" \/>\n<meta property=\"article:modified_time\" content=\"2025-04-01T09:07:20+00:00\" \/>\n<meta name=\"twitter:card\" content=\"summary_large_image\" \/>\n<meta name=\"twitter:label1\" content=\"Gesch\u00e4tzte Lesezeit\" \/>\n\t<meta name=\"twitter:data1\" content=\"2\u00a0Minuten\" \/>\n<script type=\"application\/ld+json\" class=\"yoast-schema-graph\">{\"@context\":\"https:\/\/schema.org\",\"@graph\":[{\"@type\":\"WebPage\",\"@id\":\"https:\/\/insuitedmc.com\/de\/mice-agentur\/team\/\",\"url\":\"https:\/\/insuitedmc.com\/de\/mice-agentur\/team\/\",\"name\":\"Team | inSuite Firmen Events und Incentives\",\"isPartOf\":{\"@id\":\"https:\/\/insuitedmc.com\/#website\"},\"datePublished\":\"2017-05-05T09:55:57+00:00\",\"dateModified\":\"2025-04-01T09:07:20+00:00\",\"description\":\"Ihr MICE-Team f\u00fcr au\u00dfergew\u00f6hnliche Events! inSuite vereint lokales Know-how & globale Expertise f\u00fcr perfekt organisierte Veranstaltungen auf den Kanaren.\",\"breadcrumb\":{\"@id\":\"https:\/\/insuitedmc.com\/de\/mice-agentur\/team\/#breadcrumb\"},\"inLanguage\":\"de\",\"potentialAction\":[{\"@type\":\"ReadAction\",\"target\":[\"https:\/\/insuitedmc.com\/de\/mice-agentur\/team\/\"]}]},{\"@type\":\"BreadcrumbList\",\"@id\":\"https:\/\/insuitedmc.com\/de\/mice-agentur\/team\/#breadcrumb\",\"itemListElement\":[{\"@type\":\"ListItem\",\"position\":1,\"name\":\"Portada\",\"item\":\"https:\/\/insuitedmc.com\/\"},{\"@type\":\"ListItem\",\"position\":2,\"name\":\"MICE-Agentur\",\"item\":\"https:\/\/insuitedmc.com\/de\/mice-agentur\/\"},{\"@type\":\"ListItem\",\"position\":3,\"name\":\"Team\"}]},{\"@type\":\"WebSite\",\"@id\":\"https:\/\/insuitedmc.com\/#website\",\"url\":\"https:\/\/insuitedmc.com\/\",\"name\":\"Insuite Corporate Events &amp; Incentives\",\"description\":\"inSuite es una reconocida agencia MICE, experta en la organizaci\u00f3n de eventos corporativos en las Islas Canarias. Nuestra esencia reside en la planificaci\u00f3n meticulosa y la ejecuci\u00f3n de cada encuentro, reflejando la identidad y los valores de las empresas con las que colaboramos.\",\"potentialAction\":[{\"@type\":\"SearchAction\",\"target\":{\"@type\":\"EntryPoint\",\"urlTemplate\":\"https:\/\/insuitedmc.com\/?s={search_term_string}\"},\"query-input\":{\"@type\":\"PropertyValueSpecification\",\"valueRequired\":true,\"valueName\":\"search_term_string\"}}],\"inLanguage\":\"de\"}]}<\/script>\n<!-- \/ Yoast SEO plugin. -->","yoast_head_json":{"title":"Team | inSuite Firmen Events und Incentives","description":"Ihr MICE-Team f\u00fcr au\u00dfergew\u00f6hnliche Events! inSuite vereint lokales Know-how & globale Expertise f\u00fcr perfekt organisierte Veranstaltungen auf den Kanaren.","robots":{"index":"index","follow":"follow","max-snippet":"max-snippet:-1","max-image-preview":"max-image-preview:large","max-video-preview":"max-video-preview:-1"},"canonical":"https:\/\/insuitedmc.com\/de\/mice-agentur\/team\/","og_locale":"de_DE","og_type":"article","og_title":"Team | inSuite Firmen Events und Incentives","og_description":"Ihr MICE-Team f\u00fcr au\u00dfergew\u00f6hnliche Events! inSuite vereint lokales Know-how & globale Expertise f\u00fcr perfekt organisierte Veranstaltungen auf den Kanaren.","og_url":"https:\/\/insuitedmc.com\/de\/mice-agentur\/team\/","og_site_name":"Insuite Corporate Events &amp; Incentives","article_modified_time":"2025-04-01T09:07:20+00:00","twitter_card":"summary_large_image","twitter_misc":{"Gesch\u00e4tzte Lesezeit":"2\u00a0Minuten"},"schema":{"@context":"https:\/\/schema.org","@graph":[{"@type":"WebPage","@id":"https:\/\/insuitedmc.com\/de\/mice-agentur\/team\/","url":"https:\/\/insuitedmc.com\/de\/mice-agentur\/team\/","name":"Team | inSuite Firmen Events und Incentives","isPartOf":{"@id":"https:\/\/insuitedmc.com\/#website"},"datePublished":"2017-05-05T09:55:57+00:00","dateModified":"2025-04-01T09:07:20+00:00","description":"Ihr MICE-Team f\u00fcr au\u00dfergew\u00f6hnliche Events! inSuite vereint lokales Know-how & globale Expertise f\u00fcr perfekt organisierte Veranstaltungen auf den Kanaren.","breadcrumb":{"@id":"https:\/\/insuitedmc.com\/de\/mice-agentur\/team\/#breadcrumb"},"inLanguage":"de","potentialAction":[{"@type":"ReadAction","target":["https:\/\/insuitedmc.com\/de\/mice-agentur\/team\/"]}]},{"@type":"BreadcrumbList","@id":"https:\/\/insuitedmc.com\/de\/mice-agentur\/team\/#breadcrumb","itemListElement":[{"@type":"ListItem","position":1,"name":"Portada","item":"https:\/\/insuitedmc.com\/"},{"@type":"ListItem","position":2,"name":"MICE-Agentur","item":"https:\/\/insuitedmc.com\/de\/mice-agentur\/"},{"@type":"ListItem","position":3,"name":"Team"}]},{"@type":"WebSite","@id":"https:\/\/insuitedmc.com\/#website","url":"https:\/\/insuitedmc.com\/","name":"Insuite Corporate Events &amp; Incentives","description":"inSuite es una reconocida agencia MICE, experta en la organizaci\u00f3n de eventos corporativos en las Islas Canarias. Nuestra esencia reside en la planificaci\u00f3n meticulosa y la ejecuci\u00f3n de cada encuentro, reflejando la identidad y los valores de las empresas con las que colaboramos.","potentialAction":[{"@type":"SearchAction","target":{"@type":"EntryPoint","urlTemplate":"https:\/\/insuitedmc.com\/?s={search_term_string}"},"query-input":{"@type":"PropertyValueSpecification","valueRequired":true,"valueName":"search_term_string"}}],"inLanguage":"de"}]}},"_links":{"self":[{"href":"https:\/\/insuitedmc.com\/de\/wp-json\/wp\/v2\/pages\/132449","targetHints":{"allow":["GET"]}}],"collection":[{"href":"https:\/\/insuitedmc.com\/de\/wp-json\/wp\/v2\/pages"}],"about":[{"href":"https:\/\/insuitedmc.com\/de\/wp-json\/wp\/v2\/types\/page"}],"author":[{"embeddable":true,"href":"https:\/\/insuitedmc.com\/de\/wp-json\/wp\/v2\/users\/1"}],"replies":[{"embeddable":true,"href":"https:\/\/insuitedmc.com\/de\/wp-json\/wp\/v2\/comments?post=132449"}],"version-history":[{"count":5,"href":"https:\/\/insuitedmc.com\/de\/wp-json\/wp\/v2\/pages\/132449\/revisions"}],"predecessor-version":[{"id":132982,"href":"https:\/\/insuitedmc.com\/de\/wp-json\/wp\/v2\/pages\/132449\/revisions\/132982"}],"up":[{"embeddable":true,"href":"https:\/\/insuitedmc.com\/de\/wp-json\/wp\/v2\/pages\/132446"}],"wp:attachment":[{"href":"https:\/\/insuitedmc.com\/de\/wp-json\/wp\/v2\/media?parent=132449"}],"curies":[{"name":"wp","href":"https:\/\/api.w.org\/{rel}","templated":true}]}}