{"id":132452,"date":"2024-08-16T12:09:30","date_gmt":"2024-08-16T10:09:30","guid":{"rendered":"https:\/\/insuitedmc.com\/mice-agentur\/unternehmensverantwortung\/"},"modified":"2025-04-04T10:03:34","modified_gmt":"2025-04-04T08:03:34","slug":"unternehmensverantwortung","status":"publish","type":"page","link":"https:\/\/insuitedmc.com\/de\/mice-agentur\/unternehmensverantwortung\/","title":{"rendered":"Unternehmensverantwortung"},"content":{"rendered":"<div class=\"wpb-content-wrapper\"><p>[vc_row row_height_percent=&#8220;70&#8243; back_color=&#8220;color-wayh&#8220; back_image=&#8220;131051&#8243; back_position=&#8220;center bottom&#8220; overlay_alpha=&#8220;50&#8243; gutter_size=&#8220;3&#8243; column_width_percent=&#8220;100&#8243; shift_y=&#8220;0&#8243; z_index=&#8220;0&#8243; uncode_shortcode_id=&#8220;212241&#8243; back_color_type=&#8220;uncode-palette&#8220;][vc_column column_width_percent=&#8220;100&#8243; gutter_size=&#8220;3&#8243; style=&#8220;dark&#8220; overlay_alpha=&#8220;50&#8243; shift_x=&#8220;0&#8243; shift_y=&#8220;0&#8243; shift_y_down=&#8220;0&#8243; z_index=&#8220;0&#8243; medium_width=&#8220;0&#8243; mobile_width=&#8220;0&#8243; width=&#8220;1\/1&#8243;][\/vc_column][\/vc_row][vc_row row_height_percent=&#8220;0&#8243; override_padding=&#8220;yes&#8220; h_padding=&#8220;2&#8243; top_padding=&#8220;0&#8243; bottom_padding=&#8220;0&#8243; overlay_alpha=&#8220;50&#8243; gutter_size=&#8220;3&#8243; column_width_percent=&#8220;100&#8243; shift_y=&#8220;0&#8243; z_index=&#8220;0&#8243; medium_visibility=&#8220;yes&#8220; mobile_visibility=&#8220;yes&#8220; uncode_shortcode_id=&#8220;177246&#8243;][vc_column column_width_percent=&#8220;100&#8243; gutter_size=&#8220;3&#8243; override_padding=&#8220;yes&#8220; column_padding=&#8220;3&#8243; back_color=&#8220;color-xsdn&#8220; overlay_alpha=&#8220;50&#8243; shift_x=&#8220;0&#8243; shift_y=&#8220;-4&#8243; shift_y_fixed=&#8220;yes&#8220; shift_y_down=&#8220;0&#8243; z_index=&#8220;0&#8243; medium_width=&#8220;0&#8243; mobile_width=&#8220;0&#8243; width=&#8220;1\/1&#8243;][vc_row_inner row_inner_height_percent=&#8220;0&#8243; overlay_alpha=&#8220;50&#8243; equal_height=&#8220;yes&#8220; gutter_size=&#8220;0&#8243; shift_y=&#8220;0&#8243; limit_content=&#8220;&#8220;][vc_column_inner column_width_percent=&#8220;100&#8243; position_vertical=&#8220;middle&#8220; align_horizontal=&#8220;align_center&#8220; gutter_size=&#8220;3&#8243; override_padding=&#8220;yes&#8220; column_padding=&#8220;3&#8243; overlay_alpha=&#8220;50&#8243; preserve_border=&#8220;yes&#8220; preserve_border_tablet=&#8220;yes&#8220; border_color=&#8220;color-gyho&#8220; border_style=&#8220;solid&#8220; shift_x=&#8220;0&#8243; shift_y=&#8220;0&#8243; shift_y_down=&#8220;0&#8243; z_index=&#8220;0&#8243; medium_visibility=&#8220;yes&#8220; medium_width=&#8220;2&#8243; mobile_width=&#8220;0&#8243; width=&#8220;3\/12&#8243; css=&#8220;.vc_custom_1723833809034{border-right-width: 1px !important;}&#8220; uncode_shortcode_id=&#8220;155520&#8243; border_color_type=&#8220;uncode-palette&#8220;][vc_custom_heading text_color=&#8220;accent&#8220; heading_semantic=&#8220;h3&#8243; text_font=&#8220;font-103749&#8243; text_size=&#8220;h3&#8243; text_weight=&#8220;400&#8243; text_transform=&#8220;uppercase&#8220; text_space=&#8220;fontspace-781688&#8243; uncode_shortcode_id=&#8220;378452&#8243; text_color_type=&#8220;uncode-palette&#8220;]CSR[\/vc_custom_heading][\/vc_column_inner][vc_column_inner column_width_percent=&#8220;100&#8243; position_vertical=&#8220;middle&#8220; gutter_size=&#8220;3&#8243; override_padding=&#8220;yes&#8220; column_padding=&#8220;3&#8243; overlay_alpha=&#8220;50&#8243; shift_x=&#8220;0&#8243; shift_y=&#8220;0&#8243; shift_y_down=&#8220;0&#8243; z_index=&#8220;0&#8243; medium_width=&#8220;6&#8243; align_mobile=&#8220;align_center_mobile&#8220; mobile_width=&#8220;0&#8243; width=&#8220;9\/12&#8243;][vc_custom_heading heading_semantic=&#8220;h1&#8243; text_font=&#8220;font-103749&#8243; text_size=&#8220;fontsize-155944&#8243; text_weight=&#8220;400&#8243; text_space=&#8220;fontspace-781688&#8243; uncode_shortcode_id=&#8220;319482&#8243;]Unternehmensverantwortung[\/vc_custom_heading][\/vc_column_inner][\/vc_row_inner][\/vc_column][\/vc_row][vc_row row_height_percent=&#8220;0&#8243; override_padding=&#8220;yes&#8220; h_padding=&#8220;2&#8243; top_padding=&#8220;0&#8243; bottom_padding=&#8220;0&#8243; overlay_alpha=&#8220;50&#8243; gutter_size=&#8220;3&#8243; column_width_percent=&#8220;100&#8243; shift_y=&#8220;0&#8243; z_index=&#8220;0&#8243; desktop_visibility=&#8220;yes&#8220; uncode_shortcode_id=&#8220;557985&#8243;][vc_column column_width_percent=&#8220;100&#8243; align_horizontal=&#8220;align_center&#8220; gutter_size=&#8220;3&#8243; override_padding=&#8220;yes&#8220; column_padding=&#8220;3&#8243; back_color=&#8220;color-xsdn&#8220; overlay_alpha=&#8220;50&#8243; shift_x=&#8220;0&#8243; shift_y=&#8220;-4&#8243; shift_y_fixed=&#8220;yes&#8220; shift_y_down=&#8220;0&#8243; z_index=&#8220;0&#8243; medium_width=&#8220;0&#8243; mobile_width=&#8220;0&#8243; width=&#8220;1\/1&#8243; uncode_shortcode_id=&#8220;105164&#8243; back_color_type=&#8220;uncode-palette&#8220;][vc_custom_heading text_color=&#8220;accent&#8220; heading_semantic=&#8220;h4&#8243; text_font=&#8220;font-103749&#8243; text_size=&#8220;h4&#8243; text_weight=&#8220;400&#8243; text_transform=&#8220;uppercase&#8220; text_space=&#8220;fontspace-781688&#8243; uncode_shortcode_id=&#8220;130473&#8243; text_color_type=&#8220;uncode-palette&#8220;]CSR[\/vc_custom_heading][vc_custom_heading text_font=&#8220;font-103749&#8243; text_weight=&#8220;400&#8243; text_space=&#8220;fontspace-781688&#8243; uncode_shortcode_id=&#8220;159313&#8243;]Unternehmensverantwortung[\/vc_custom_heading][\/vc_column][\/vc_row][vc_row row_height_percent=&#8220;0&#8243; override_padding=&#8220;yes&#8220; h_padding=&#8220;2&#8243; top_padding=&#8220;3&#8243; bottom_padding=&#8220;3&#8243; overlay_alpha=&#8220;50&#8243; gutter_size=&#8220;3&#8243; column_width_percent=&#8220;100&#8243; shift_y=&#8220;0&#8243; z_index=&#8220;0&#8243; uncode_shortcode_id=&#8220;670443&#8243;][vc_column column_width_percent=&#8220;100&#8243; gutter_size=&#8220;3&#8243; override_padding=&#8220;yes&#8220; column_padding=&#8220;3&#8243; back_color=&#8220;color-xsdn&#8220; overlay_alpha=&#8220;50&#8243; shift_x=&#8220;0&#8243; shift_y=&#8220;-4&#8243; shift_y_fixed=&#8220;yes&#8220; shift_y_down=&#8220;0&#8243; z_index=&#8220;0&#8243; medium_width=&#8220;0&#8243; mobile_width=&#8220;0&#8243; width=&#8220;1\/1&#8243;][vc_column_text text_lead=&#8220;yes&#8220; uncode_shortcode_id=&#8220;112662&#8243;]Bei inSuite engagieren wir uns f\u00fcr die Verbesserung unseres unmittelbaren Umfelds und die F\u00f6rderung einer nachhaltigen Entwicklung an unserem Reiseziel. Soziale Verantwortung (CSR) ist f\u00fcr uns mehr als nur ein Konzept: Es ist die Essenz unseres t\u00e4glichen Handelns, ein Engagement, das seit der Gr\u00fcndung von inSuite fest verankert ist.<\/p>\n<p>In diesem Sinne setzen wir diese Verantwortung mit einem dreidimensionalen Ansatz um:[\/vc_column_text][\/vc_column][\/vc_row][vc_row unlock_row_content=&#8220;yes&#8220; row_height_percent=&#8220;0&#8243; override_padding=&#8220;yes&#8220; h_padding=&#8220;0&#8243; top_padding=&#8220;0&#8243; bottom_padding=&#8220;0&#8243; back_color=&#8220;accent&#8220; overlay_alpha=&#8220;50&#8243; gutter_size=&#8220;0&#8243; column_width_percent=&#8220;100&#8243; shift_y=&#8220;0&#8243; z_index=&#8220;0&#8243; uncode_shortcode_id=&#8220;124992&#8243; back_color_type=&#8220;uncode-palette&#8220;][vc_column column_width_percent=&#8220;100&#8243; align_horizontal=&#8220;align_center&#8220; gutter_size=&#8220;3&#8243; style=&#8220;dark&#8220; font_family=&#8220;font-469684&#8243; overlay_alpha=&#8220;50&#8243; shift_x=&#8220;0&#8243; shift_y=&#8220;0&#8243; shift_y_down=&#8220;0&#8243; z_index=&#8220;0&#8243; medium_width=&#8220;0&#8243; mobile_width=&#8220;0&#8243; width=&#8220;1\/1&#8243; uncode_shortcode_id=&#8220;117439&#8243;][vc_row_inner row_inner_height_percent=&#8220;0&#8243; overlay_alpha=&#8220;50&#8243; equal_height=&#8220;yes&#8220; gutter_size=&#8220;0&#8243; shift_y=&#8220;0&#8243; z_index=&#8220;0&#8243; limit_content=&#8220;&#8220;][vc_column_inner column_width_percent=&#8220;100&#8243; gutter_size=&#8220;2&#8243; override_padding=&#8220;yes&#8220; column_padding=&#8220;5&#8243; style=&#8220;dark&#8220; overlay_alpha=&#8220;50&#8243; radius=&#8220;sm&#8220; shift_x=&#8220;0&#8243; shift_y=&#8220;0&#8243; shift_y_down=&#8220;0&#8243; z_index=&#8220;0&#8243; medium_width=&#8220;0&#8243; mobile_width=&#8220;0&#8243; css_animation=&#8220;alpha-anim&#8220; animation_speed=&#8220;1000&#8243; width=&#8220;1\/3&#8243; uncode_shortcode_id=&#8220;127947&#8243;][vc_custom_heading text_font=&#8220;font-760540&#8243; text_size=&#8220;fontsize-155944&#8243; text_weight=&#8220;500&#8243; text_height=&#8220;fontheight-578034&#8243; uncode_shortcode_id=&#8220;313339&#8243;]01[\/vc_custom_heading][vc_custom_heading text_font=&#8220;font-103749&#8243; text_weight=&#8220;500&#8243; text_transform=&#8220;uppercase&#8220; text_height=&#8220;fontheight-357766&#8243; subheading=&#8220;Wir bem\u00fchen uns, Botschafter der nat\u00fcrlichen Umgebung der Kanarischen Inseln zu sein, indem wir nachhaltige Praktiken integrieren, die unseren \u00f6kologischen Fu\u00dfabdruck minimieren und das Umweltbewusstsein bei jeder von uns organisierten Veranstaltung f\u00f6rdern. Vor einigen Jahren haben wir begonnen, den inSuite-Wald Jahr f\u00fcr Jahr mit Unterst\u00fctzung der Fundaci\u00f3n Canaria para la Reforestaci\u00f3n (FORESTA) wachsen zu lassen. Bis heute haben wir \u00fcber 200 B\u00e4ume gepflanzt, die dazu beitragen, den CO\u2082-Fu\u00dfabdruck der von uns organisierten Firmenveranstaltungen auszugleichen.&#8220; uncode_shortcode_id=&#8220;923001&#8243;]Umwelt[\/vc_custom_heading][\/vc_column_inner][vc_column_inner column_width_percent=&#8220;100&#8243; gutter_size=&#8220;2&#8243; override_padding=&#8220;yes&#8220; column_padding=&#8220;5&#8243; style=&#8220;dark&#8220; overlay_color=&#8220;color-jevc&#8220; overlay_alpha=&#8220;5&#8243; radius=&#8220;sm&#8220; shift_x=&#8220;0&#8243; shift_y=&#8220;0&#8243; shift_y_down=&#8220;0&#8243; z_index=&#8220;0&#8243; medium_width=&#8220;0&#8243; mobile_width=&#8220;0&#8243; css_animation=&#8220;alpha-anim&#8220; animation_speed=&#8220;1000&#8243; animation_delay=&#8220;200&#8243; width=&#8220;1\/3&#8243; uncode_shortcode_id=&#8220;864114&#8243; overlay_color_type=&#8220;uncode-palette&#8220;][vc_custom_heading text_font=&#8220;font-760540&#8243; text_size=&#8220;fontsize-155944&#8243; text_weight=&#8220;500&#8243; text_height=&#8220;fontheight-578034&#8243; uncode_shortcode_id=&#8220;535362&#8243;]02[\/vc_custom_heading][vc_custom_heading text_font=&#8220;font-103749&#8243; text_weight=&#8220;500&#8243; text_transform=&#8220;uppercase&#8220; text_height=&#8220;fontheight-357766&#8243; subheading=&#8220;Wir f\u00f6rdern die lokale Wirtschaft, indem wir regionale Lieferanten und Handwerker in unsere Veranstaltungen einbeziehen, die lokale Besch\u00e4ftigung unterst\u00fctzen und sicherstellen, dass die Vorteile des Tourismus und der Veranstaltungsorganisation in unserer Gemeinschaft breit gestreut werden. Wir sind der Ansicht, dass die Einbindung lokaler Anbieter in die Organisation unserer Aktivit\u00e4ten nicht nur die beteiligten Akteure bereichert, sondern auch dazu beitr\u00e4gt, unser Produkt und unsere Arbeit aufzuwerten. Dar\u00fcber hinaus sind die Aktivit\u00e4ten in unseren Programmen an die jeweilige Jahreszeit angepasst, in der sie stattfinden. So nutzen wir nat\u00fcrliche Ressourcen der jeweiligen Zeit und f\u00f6rdern die nat\u00fcrliche Entwicklung der Flora und Fauna der Kanarischen Inseln.&#8220; uncode_shortcode_id=&#8220;865040&#8243;]Wirtschaft[\/vc_custom_heading][\/vc_column_inner][vc_column_inner column_width_percent=&#8220;100&#8243; gutter_size=&#8220;2&#8243; override_padding=&#8220;yes&#8220; column_padding=&#8220;5&#8243; style=&#8220;dark&#8220; overlay_color=&#8220;color-jevc&#8220; overlay_alpha=&#8220;10&#8243; shift_x=&#8220;0&#8243; shift_y=&#8220;0&#8243; shift_y_down=&#8220;0&#8243; z_index=&#8220;0&#8243; medium_width=&#8220;0&#8243; mobile_width=&#8220;0&#8243; css_animation=&#8220;alpha-anim&#8220; animation_speed=&#8220;1000&#8243; animation_delay=&#8220;400&#8243; width=&#8220;1\/3&#8243; uncode_shortcode_id=&#8220;518745&#8243; overlay_color_type=&#8220;uncode-palette&#8220;][vc_custom_heading text_font=&#8220;font-760540&#8243; text_size=&#8220;fontsize-155944&#8243; text_weight=&#8220;500&#8243; text_height=&#8220;fontheight-578034&#8243; uncode_shortcode_id=&#8220;182704&#8243;]03[\/vc_custom_heading][vc_custom_heading text_font=&#8220;font-103749&#8243; text_weight=&#8220;500&#8243; text_transform=&#8220;uppercase&#8220; text_height=&#8220;fontheight-357766&#8243; subheading=&#8220;inSuite schafft inklusive und barrierefreie Veranstaltungen und f\u00f6rdert Gleichberechtigung sowie Respekt vor Vielfalt. Dar\u00fcber hinaus kooperieren wir mit Bildungseinrichtungen aller Art, um jungen Talenten auf den Kanarischen Inseln Praktikums- und Lernm\u00f6glichkeiten zu bieten. Dabei investieren wir in die Zukunft und profitieren gleichzeitig von ihren frischen Ideen.&#8220; uncode_shortcode_id=&#8220;165341&#8243;]Soziales[\/vc_custom_heading][\/vc_column_inner][\/vc_row_inner][\/vc_column][\/vc_row][vc_row row_height_percent=&#8220;0&#8243; override_padding=&#8220;yes&#8220; h_padding=&#8220;2&#8243; top_padding=&#8220;5&#8243; bottom_padding=&#8220;5&#8243; overlay_alpha=&#8220;50&#8243; gutter_size=&#8220;3&#8243; column_width_percent=&#8220;100&#8243; shift_y=&#8220;0&#8243; z_index=&#8220;0&#8243; uncode_shortcode_id=&#8220;310671&#8243;][vc_column column_width_percent=&#8220;100&#8243; gutter_size=&#8220;3&#8243; override_padding=&#8220;yes&#8220; column_padding=&#8220;3&#8243; back_color=&#8220;color-xsdn&#8220; overlay_alpha=&#8220;50&#8243; shift_x=&#8220;0&#8243; shift_y=&#8220;-4&#8243; shift_y_fixed=&#8220;yes&#8220; shift_y_down=&#8220;0&#8243; z_index=&#8220;0&#8243; medium_width=&#8220;0&#8243; mobile_width=&#8220;0&#8243; width=&#8220;1\/1&#8243;][vc_empty_space empty_h=&#8220;3&#8243;][vc_column_text text_lead=&#8220;yes&#8220; uncode_shortcode_id=&#8220;209589&#8243;]<\/p>\n<blockquote><p>Dieser ganzheitliche Ansatz stellt sicher, dass jede Veranstaltung nicht nur die Erwartungen unserer Kunden erf\u00fcllt, sondern auch zum Wohl unseres Umfelds, und damit unseres Planeten, beitr\u00e4gt.<\/p><\/blockquote>\n<p>[\/vc_column_text][\/vc_column][\/vc_row]<\/p>\n<\/div>","protected":false},"excerpt":{"rendered":"<p>[vc_row row_height_percent=&#8220;70&#8243; back_color=&#8220;color-wayh&#8220; back_image=&#8220;131051&#8243; back_position=&#8220;center bottom&#8220; overlay_alpha=&#8220;50&#8243; gutter_size=&#8220;3&#8243; column_width_percent=&#8220;100&#8243; shift_y=&#8220;0&#8243; z_index=&#8220;0&#8243; uncode_shortcode_id=&#8220;212241&#8243; back_color_type=&#8220;uncode-palette&#8220;][vc_column column_width_percent=&#8220;100&#8243; gutter_size=&#8220;3&#8243; style=&#8220;dark&#8220; overlay_alpha=&#8220;50&#8243; shift_x=&#8220;0&#8243; shift_y=&#8220;0&#8243; shift_y_down=&#8220;0&#8243; [&hellip;]<\/p>\n","protected":false},"author":1,"featured_media":0,"parent":132446,"menu_order":0,"comment_status":"closed","ping_status":"closed","template":"","meta":{"footnotes":""},"class_list":["post-132452","page","type-page","status-publish","hentry"],"yoast_head":"<!-- This site is optimized with the Yoast SEO plugin v24.8.1 - https:\/\/yoast.com\/wordpress\/plugins\/seo\/ -->\n<title>Unternehmensverantwortung | inSuite Firmen Events &amp; Incentives<\/title>\n<meta name=\"description\" content=\"Nachhaltige Unternehmensverantwortung mit inSuite. Wir engagieren uns f\u00fcr soziale, \u00f6kologische und wirtschaftliche Nachhaltigkeit an unserem Reiseziel.\" \/>\n<meta name=\"robots\" content=\"index, follow, max-snippet:-1, max-image-preview:large, max-video-preview:-1\" \/>\n<link rel=\"canonical\" href=\"https:\/\/insuitedmc.com\/de\/mice-agentur\/unternehmensverantwortung\/\" \/>\n<meta property=\"og:locale\" content=\"de_DE\" \/>\n<meta property=\"og:type\" content=\"article\" \/>\n<meta property=\"og:title\" content=\"Unternehmensverantwortung | inSuite Firmen Events &amp; Incentives\" \/>\n<meta property=\"og:description\" content=\"Nachhaltige Unternehmensverantwortung mit inSuite. Wir engagieren uns f\u00fcr soziale, \u00f6kologische und wirtschaftliche Nachhaltigkeit an unserem Reiseziel.\" \/>\n<meta property=\"og:url\" content=\"https:\/\/insuitedmc.com\/de\/mice-agentur\/unternehmensverantwortung\/\" \/>\n<meta property=\"og:site_name\" content=\"Insuite Corporate Events &amp; Incentives\" \/>\n<meta property=\"article:modified_time\" content=\"2025-04-04T08:03:34+00:00\" \/>\n<meta name=\"twitter:card\" content=\"summary_large_image\" \/>\n<meta name=\"twitter:label1\" content=\"Gesch\u00e4tzte Lesezeit\" \/>\n\t<meta name=\"twitter:data1\" content=\"3\u00a0Minuten\" \/>\n<script type=\"application\/ld+json\" class=\"yoast-schema-graph\">{\"@context\":\"https:\/\/schema.org\",\"@graph\":[{\"@type\":\"WebPage\",\"@id\":\"https:\/\/insuitedmc.com\/de\/mice-agentur\/unternehmensverantwortung\/\",\"url\":\"https:\/\/insuitedmc.com\/de\/mice-agentur\/unternehmensverantwortung\/\",\"name\":\"Unternehmensverantwortung | inSuite Firmen Events & Incentives\",\"isPartOf\":{\"@id\":\"https:\/\/insuitedmc.com\/#website\"},\"datePublished\":\"2024-08-16T10:09:30+00:00\",\"dateModified\":\"2025-04-04T08:03:34+00:00\",\"description\":\"Nachhaltige Unternehmensverantwortung mit inSuite. Wir engagieren uns f\u00fcr soziale, \u00f6kologische und wirtschaftliche Nachhaltigkeit an unserem Reiseziel.\",\"breadcrumb\":{\"@id\":\"https:\/\/insuitedmc.com\/de\/mice-agentur\/unternehmensverantwortung\/#breadcrumb\"},\"inLanguage\":\"de\",\"potentialAction\":[{\"@type\":\"ReadAction\",\"target\":[\"https:\/\/insuitedmc.com\/de\/mice-agentur\/unternehmensverantwortung\/\"]}]},{\"@type\":\"BreadcrumbList\",\"@id\":\"https:\/\/insuitedmc.com\/de\/mice-agentur\/unternehmensverantwortung\/#breadcrumb\",\"itemListElement\":[{\"@type\":\"ListItem\",\"position\":1,\"name\":\"Portada\",\"item\":\"https:\/\/insuitedmc.com\/\"},{\"@type\":\"ListItem\",\"position\":2,\"name\":\"MICE-Agentur\",\"item\":\"https:\/\/insuitedmc.com\/de\/mice-agentur\/\"},{\"@type\":\"ListItem\",\"position\":3,\"name\":\"Unternehmensverantwortung\"}]},{\"@type\":\"WebSite\",\"@id\":\"https:\/\/insuitedmc.com\/#website\",\"url\":\"https:\/\/insuitedmc.com\/\",\"name\":\"Insuite Corporate Events &amp; Incentives\",\"description\":\"inSuite es una reconocida agencia MICE, experta en la organizaci\u00f3n de eventos corporativos en las Islas Canarias. Nuestra esencia reside en la planificaci\u00f3n meticulosa y la ejecuci\u00f3n de cada encuentro, reflejando la identidad y los valores de las empresas con las que colaboramos.\",\"potentialAction\":[{\"@type\":\"SearchAction\",\"target\":{\"@type\":\"EntryPoint\",\"urlTemplate\":\"https:\/\/insuitedmc.com\/?s={search_term_string}\"},\"query-input\":{\"@type\":\"PropertyValueSpecification\",\"valueRequired\":true,\"valueName\":\"search_term_string\"}}],\"inLanguage\":\"de\"}]}<\/script>\n<!-- \/ Yoast SEO plugin. -->","yoast_head_json":{"title":"Unternehmensverantwortung | inSuite Firmen Events & Incentives","description":"Nachhaltige Unternehmensverantwortung mit inSuite. Wir engagieren uns f\u00fcr soziale, \u00f6kologische und wirtschaftliche Nachhaltigkeit an unserem Reiseziel.","robots":{"index":"index","follow":"follow","max-snippet":"max-snippet:-1","max-image-preview":"max-image-preview:large","max-video-preview":"max-video-preview:-1"},"canonical":"https:\/\/insuitedmc.com\/de\/mice-agentur\/unternehmensverantwortung\/","og_locale":"de_DE","og_type":"article","og_title":"Unternehmensverantwortung | inSuite Firmen Events & Incentives","og_description":"Nachhaltige Unternehmensverantwortung mit inSuite. Wir engagieren uns f\u00fcr soziale, \u00f6kologische und wirtschaftliche Nachhaltigkeit an unserem Reiseziel.","og_url":"https:\/\/insuitedmc.com\/de\/mice-agentur\/unternehmensverantwortung\/","og_site_name":"Insuite Corporate Events &amp; Incentives","article_modified_time":"2025-04-04T08:03:34+00:00","twitter_card":"summary_large_image","twitter_misc":{"Gesch\u00e4tzte Lesezeit":"3\u00a0Minuten"},"schema":{"@context":"https:\/\/schema.org","@graph":[{"@type":"WebPage","@id":"https:\/\/insuitedmc.com\/de\/mice-agentur\/unternehmensverantwortung\/","url":"https:\/\/insuitedmc.com\/de\/mice-agentur\/unternehmensverantwortung\/","name":"Unternehmensverantwortung | inSuite Firmen Events & Incentives","isPartOf":{"@id":"https:\/\/insuitedmc.com\/#website"},"datePublished":"2024-08-16T10:09:30+00:00","dateModified":"2025-04-04T08:03:34+00:00","description":"Nachhaltige Unternehmensverantwortung mit inSuite. Wir engagieren uns f\u00fcr soziale, \u00f6kologische und wirtschaftliche Nachhaltigkeit an unserem Reiseziel.","breadcrumb":{"@id":"https:\/\/insuitedmc.com\/de\/mice-agentur\/unternehmensverantwortung\/#breadcrumb"},"inLanguage":"de","potentialAction":[{"@type":"ReadAction","target":["https:\/\/insuitedmc.com\/de\/mice-agentur\/unternehmensverantwortung\/"]}]},{"@type":"BreadcrumbList","@id":"https:\/\/insuitedmc.com\/de\/mice-agentur\/unternehmensverantwortung\/#breadcrumb","itemListElement":[{"@type":"ListItem","position":1,"name":"Portada","item":"https:\/\/insuitedmc.com\/"},{"@type":"ListItem","position":2,"name":"MICE-Agentur","item":"https:\/\/insuitedmc.com\/de\/mice-agentur\/"},{"@type":"ListItem","position":3,"name":"Unternehmensverantwortung"}]},{"@type":"WebSite","@id":"https:\/\/insuitedmc.com\/#website","url":"https:\/\/insuitedmc.com\/","name":"Insuite Corporate Events &amp; Incentives","description":"inSuite es una reconocida agencia MICE, experta en la organizaci\u00f3n de eventos corporativos en las Islas Canarias. Nuestra esencia reside en la planificaci\u00f3n meticulosa y la ejecuci\u00f3n de cada encuentro, reflejando la identidad y los valores de las empresas con las que colaboramos.","potentialAction":[{"@type":"SearchAction","target":{"@type":"EntryPoint","urlTemplate":"https:\/\/insuitedmc.com\/?s={search_term_string}"},"query-input":{"@type":"PropertyValueSpecification","valueRequired":true,"valueName":"search_term_string"}}],"inLanguage":"de"}]}},"_links":{"self":[{"href":"https:\/\/insuitedmc.com\/de\/wp-json\/wp\/v2\/pages\/132452","targetHints":{"allow":["GET"]}}],"collection":[{"href":"https:\/\/insuitedmc.com\/de\/wp-json\/wp\/v2\/pages"}],"about":[{"href":"https:\/\/insuitedmc.com\/de\/wp-json\/wp\/v2\/types\/page"}],"author":[{"embeddable":true,"href":"https:\/\/insuitedmc.com\/de\/wp-json\/wp\/v2\/users\/1"}],"replies":[{"embeddable":true,"href":"https:\/\/insuitedmc.com\/de\/wp-json\/wp\/v2\/comments?post=132452"}],"version-history":[{"count":6,"href":"https:\/\/insuitedmc.com\/de\/wp-json\/wp\/v2\/pages\/132452\/revisions"}],"predecessor-version":[{"id":132984,"href":"https:\/\/insuitedmc.com\/de\/wp-json\/wp\/v2\/pages\/132452\/revisions\/132984"}],"up":[{"embeddable":true,"href":"https:\/\/insuitedmc.com\/de\/wp-json\/wp\/v2\/pages\/132446"}],"wp:attachment":[{"href":"https:\/\/insuitedmc.com\/de\/wp-json\/wp\/v2\/media?parent=132452"}],"curies":[{"name":"wp","href":"https:\/\/api.w.org\/{rel}","templated":true}]}}