{"id":132461,"date":"2024-07-02T19:25:49","date_gmt":"2024-07-02T17:25:49","guid":{"rendered":"https:\/\/insuitedmc.com\/kanarische-inseln\/"},"modified":"2025-04-01T11:02:23","modified_gmt":"2025-04-01T09:02:23","slug":"kanarische-inseln","status":"publish","type":"page","link":"https:\/\/insuitedmc.com\/de\/kanarische-inseln\/","title":{"rendered":"Kanarische Inseln"},"content":{"rendered":"<div class=\"wpb-content-wrapper\"><p>[vc_row unlock_row_content=&#8220;yes&#8220; row_height_percent=&#8220;0&#8243; override_padding=&#8220;yes&#8220; h_padding=&#8220;3&#8243; top_padding=&#8220;3&#8243; bottom_padding=&#8220;3&#8243; back_color=&#8220;color-258196&#8243; overlay_alpha=&#8220;100&#8243; gutter_size=&#8220;100&#8243; column_width_percent=&#8220;100&#8243; shift_y=&#8220;0&#8243; z_index=&#8220;0&#8243; content_parallax=&#8220;0&#8243; style=&#8220;inherited&#8220; uncode_shortcode_id=&#8220;165363&#8243; back_color_type=&#8220;uncode-palette&#8220;][vc_column column_width_percent=&#8220;100&#8243; gutter_size=&#8220;3&#8243; style=&#8220;dark&#8220; overlay_alpha=&#8220;50&#8243; shift_x=&#8220;0&#8243; shift_y=&#8220;0&#8243; shift_y_down=&#8220;0&#8243; z_index=&#8220;0&#8243; medium_width=&#8220;0&#8243; mobile_width=&#8220;0&#8243; zoom_width=&#8220;0&#8243; zoom_height=&#8220;0&#8243; width=&#8220;1\/2&#8243; uncode_shortcode_id=&#8220;164315&#8243;][vc_custom_heading text_color=&#8220;accent&#8220; heading_semantic=&#8220;h1&#8243; text_font=&#8220;font-103749&#8243; text_size=&#8220;fontsize-338686&#8243; text_weight=&#8220;200&#8243; text_transform=&#8220;uppercase&#8220; text_height=&#8220;fontheight-179065&#8243; uncode_shortcode_id=&#8220;119858&#8243; text_color_type=&#8220;uncode-palette&#8220;]Kanarische Inseln[\/vc_custom_heading][vc_row_inner limit_content=&#8220;&#8220;][vc_column_inner column_width_percent=&#8220;100&#8243; gutter_size=&#8220;1&#8243; style=&#8220;dark&#8220; overlay_alpha=&#8220;50&#8243; shift_x=&#8220;0&#8243; shift_y=&#8220;0&#8243; shift_y_down=&#8220;0&#8243; z_index=&#8220;0&#8243; medium_width=&#8220;0&#8243; mobile_width=&#8220;0&#8243; width=&#8220;1\/2&#8243; uncode_shortcode_id=&#8220;317558&#8243;][uncode_counter value=&#8220;148&#8243; counter_color=&#8220;&#8220; font=&#8220;font-760540&#8243; size=&#8220;fontsize-445851&#8243; weight=&#8220;700&#8243; height=&#8220;fontheight-161249&#8243; css_animation=&#8220;alpha-anim&#8220; animation_delay=&#8220;400&#8243; uncode_shortcode_id=&#8220;509912&#8243;][vc_custom_heading heading_semantic=&#8220;h4&#8243; text_font=&#8220;font-760540&#8243; text_size=&#8220;h5&#8243; text_weight=&#8220;400&#8243; css_animation=&#8220;alpha-anim&#8220; animation_delay=&#8220;200&#8243; uncode_shortcode_id=&#8220;967610&#8243;]Direkte Reiseziele[\/vc_custom_heading][\/vc_column_inner][vc_column_inner column_width_percent=&#8220;100&#8243; gutter_size=&#8220;1&#8243; style=&#8220;dark&#8220; overlay_alpha=&#8220;50&#8243; shift_x=&#8220;0&#8243; shift_y=&#8220;0&#8243; shift_y_down=&#8220;0&#8243; z_index=&#8220;0&#8243; medium_width=&#8220;0&#8243; mobile_width=&#8220;0&#8243; width=&#8220;1\/2&#8243; uncode_shortcode_id=&#8220;529020&#8243;][uncode_counter value=&#8220;4.8&#8243; counter_color=&#8220;&#8220; font=&#8220;font-760540&#8243; size=&#8220;fontsize-445851&#8243; weight=&#8220;700&#8243; height=&#8220;fontheight-161249&#8243; css_animation=&#8220;alpha-anim&#8220; animation_delay=&#8220;500&#8243; uncode_shortcode_id=&#8220;436720&#8243; suffix=&#8220;K&#8220;][vc_custom_heading heading_semantic=&#8220;h4&#8243; text_font=&#8220;font-760540&#8243; text_size=&#8220;h5&#8243; text_weight=&#8220;400&#8243; css_animation=&#8220;alpha-anim&#8220; animation_delay=&#8220;200&#8243; uncode_shortcode_id=&#8220;135124&#8243;]Horas de sol al a\u00f1o[\/vc_custom_heading][\/vc_column_inner][\/vc_row_inner][vc_row_inner limit_content=&#8220;&#8220;][vc_column_inner column_width_percent=&#8220;100&#8243; gutter_size=&#8220;1&#8243; style=&#8220;dark&#8220; overlay_alpha=&#8220;50&#8243; shift_x=&#8220;0&#8243; shift_y=&#8220;0&#8243; shift_y_down=&#8220;0&#8243; z_index=&#8220;0&#8243; medium_width=&#8220;0&#8243; mobile_width=&#8220;0&#8243; width=&#8220;1\/2&#8243; uncode_shortcode_id=&#8220;112058&#8243;][uncode_counter value=&#8220;4&#8243; counter_color=&#8220;&#8220; font=&#8220;font-760540&#8243; size=&#8220;fontsize-445851&#8243; weight=&#8220;700&#8243; height=&#8220;fontheight-161249&#8243; css_animation=&#8220;alpha-anim&#8220; animation_delay=&#8220;400&#8243; uncode_shortcode_id=&#8220;194589&#8243;][vc_custom_heading heading_semantic=&#8220;h4&#8243; text_font=&#8220;font-760540&#8243; text_size=&#8220;h5&#8243; text_weight=&#8220;400&#8243; css_animation=&#8220;alpha-anim&#8220; animation_delay=&#8220;200&#8243; uncode_shortcode_id=&#8220;116377&#8243;]Nationalparks[\/vc_custom_heading][\/vc_column_inner][vc_column_inner column_width_percent=&#8220;100&#8243; gutter_size=&#8220;1&#8243; style=&#8220;dark&#8220; overlay_alpha=&#8220;50&#8243; shift_x=&#8220;0&#8243; shift_y=&#8220;0&#8243; shift_y_down=&#8220;0&#8243; z_index=&#8220;0&#8243; medium_width=&#8220;0&#8243; mobile_width=&#8220;0&#8243; width=&#8220;1\/2&#8243; uncode_shortcode_id=&#8220;103674&#8243;][uncode_counter value=&#8220;8&#8243; counter_color=&#8220;&#8220; font=&#8220;font-760540&#8243; size=&#8220;fontsize-445851&#8243; weight=&#8220;700&#8243; height=&#8220;fontheight-161249&#8243; css_animation=&#8220;alpha-anim&#8220; animation_delay=&#8220;500&#8243; uncode_shortcode_id=&#8220;327957&#8243;][vc_custom_heading heading_semantic=&#8220;h4&#8243; text_font=&#8220;font-760540&#8243; text_size=&#8220;h5&#8243; text_weight=&#8220;400&#8243; css_animation=&#8220;alpha-anim&#8220; animation_delay=&#8220;200&#8243; uncode_shortcode_id=&#8220;433014&#8243;]Kongresspal\u00e4ste[\/vc_custom_heading][\/vc_column_inner][\/vc_row_inner][\/vc_column][vc_column column_width_percent=&#8220;100&#8243; gutter_size=&#8220;3&#8243; style=&#8220;dark&#8220; overlay_alpha=&#8220;50&#8243; shift_x=&#8220;0&#8243; shift_y=&#8220;0&#8243; shift_y_down=&#8220;0&#8243; z_index=&#8220;0&#8243; medium_width=&#8220;0&#8243; mobile_width=&#8220;0&#8243; width=&#8220;1\/2&#8243; uncode_shortcode_id=&#8220;201628&#8243;][uncode_index el_id=&#8220;index-73887442535635&#8243; loop=&#8220;size:4|order_by:date|post_type:page|by_id:130823,130821,130809,130802|taxonomy_count:10&#8243; style_preset=&#8220;metro&#8220; index_back_color=&#8220;color-rgdb&#8220; screen_lg=&#8220;1000&#8243; screen_md=&#8220;600&#8243; screen_sm=&#8220;480&#8243; gutter_size=&#8220;0&#8243; post_items=&#8220;icon,title,text|excerpt|76,author&#8220; portfolio_items=&#8220;title,media|featured|onpost|original,category&#8220; single_text=&#8220;overlay&#8220; single_width=&#8220;3&#8243; single_height=&#8220;3&#8243; single_back_color=&#8220;color-xsdn&#8220; single_overlay_color=&#8220;accent&#8220; single_overlay_opacity=&#8220;80&#8243; single_image_color_anim=&#8220;yes&#8220; single_h_align=&#8220;center&#8220; single_padding=&#8220;2&#8243; single_title_dimension=&#8220;h2&#8243; single_border=&#8220;yes&#8220; single_css_animation=&#8220;zoom-in&#8220; single_animation_delay=&#8220;200&#8243; post_matrix=&#8220;matrix&#8220; single_image_anim_move=&#8220;yes&#8220; footer_position=&#8220;left&#8220; carousel_rtl=&#8220;&#8220; single_title_serif=&#8220;&#8220; single_no_background=&#8220;&#8220; order_ids=&#8220;4089,4087,4146,4142,4140&#8243; single_icon=&#8220;fa fa-plus2&#8243; matrix_items=&#8220;eyIwX2kiOnsic2luZ2xlX3dpZHRoIjoiMyIsInNpbmdsZV9oZWlnaHQiOiIzIiwic2luZ2xlX2ZsdWlkX2hlaWdodCI6IjkwIn19&#8243; uncode_shortcode_id=&#8220;378301&#8243; index_back_color_type=&#8220;uncode-palette&#8220;][\/vc_column][\/vc_row]<\/p>\n<\/div>","protected":false},"excerpt":{"rendered":"<p>[vc_row unlock_row_content=&#8220;yes&#8220; row_height_percent=&#8220;0&#8243; override_padding=&#8220;yes&#8220; h_padding=&#8220;3&#8243; top_padding=&#8220;3&#8243; bottom_padding=&#8220;3&#8243; back_color=&#8220;color-258196&#8243; overlay_alpha=&#8220;100&#8243; gutter_size=&#8220;100&#8243; column_width_percent=&#8220;100&#8243; shift_y=&#8220;0&#8243; z_index=&#8220;0&#8243; content_parallax=&#8220;0&#8243; style=&#8220;inherited&#8220; uncode_shortcode_id=&#8220;165363&#8243; back_color_type=&#8220;uncode-palette&#8220;][vc_column column_width_percent=&#8220;100&#8243; gutter_size=&#8220;3&#8243; style=&#8220;dark&#8220; [&hellip;]<\/p>\n","protected":false},"author":1,"featured_media":0,"parent":0,"menu_order":0,"comment_status":"closed","ping_status":"closed","template":"","meta":{"footnotes":""},"class_list":["post-132461","page","type-page","status-publish","hentry"],"yoast_head":"<!-- This site is optimized with the Yoast SEO plugin v24.8.1 - https:\/\/yoast.com\/wordpress\/plugins\/seo\/ -->\n<title>MICE-Agentur Kanarische Inseln | inSuite Firmen Events<\/title>\n<meta name=\"description\" content=\"inSuite, ein MICE-Agentur, bringt Sie zu den Kanarischen Inseln \u2013 der idealen Destination f\u00fcr ma\u00dfgeschneiderte Firmenveranstaltungen und Incentive-Reisen.\" \/>\n<meta name=\"robots\" content=\"index, follow, max-snippet:-1, max-image-preview:large, max-video-preview:-1\" \/>\n<link rel=\"canonical\" href=\"https:\/\/insuitedmc.com\/de\/kanarische-inseln\/\" \/>\n<meta property=\"og:locale\" content=\"de_DE\" \/>\n<meta property=\"og:type\" content=\"article\" \/>\n<meta property=\"og:title\" content=\"MICE-Agentur Kanarische Inseln | inSuite Firmen Events\" \/>\n<meta property=\"og:description\" content=\"inSuite, ein MICE-Agentur, bringt Sie zu den Kanarischen Inseln \u2013 der idealen Destination f\u00fcr ma\u00dfgeschneiderte Firmenveranstaltungen und Incentive-Reisen.\" \/>\n<meta property=\"og:url\" content=\"https:\/\/insuitedmc.com\/de\/kanarische-inseln\/\" \/>\n<meta property=\"og:site_name\" content=\"Insuite Corporate Events &amp; Incentives\" \/>\n<meta property=\"article:modified_time\" content=\"2025-04-01T09:02:23+00:00\" \/>\n<meta name=\"twitter:card\" content=\"summary_large_image\" \/>\n<meta name=\"twitter:label1\" content=\"Gesch\u00e4tzte Lesezeit\" \/>\n\t<meta name=\"twitter:data1\" content=\"1\u00a0Minute\" \/>\n<script type=\"application\/ld+json\" class=\"yoast-schema-graph\">{\"@context\":\"https:\/\/schema.org\",\"@graph\":[{\"@type\":\"WebPage\",\"@id\":\"https:\/\/insuitedmc.com\/de\/kanarische-inseln\/\",\"url\":\"https:\/\/insuitedmc.com\/de\/kanarische-inseln\/\",\"name\":\"MICE-Agentur Kanarische Inseln | inSuite Firmen Events\",\"isPartOf\":{\"@id\":\"https:\/\/insuitedmc.com\/#website\"},\"datePublished\":\"2024-07-02T17:25:49+00:00\",\"dateModified\":\"2025-04-01T09:02:23+00:00\",\"description\":\"inSuite, ein MICE-Agentur, bringt Sie zu den Kanarischen Inseln \u2013 der idealen Destination f\u00fcr ma\u00dfgeschneiderte Firmenveranstaltungen und Incentive-Reisen.\",\"breadcrumb\":{\"@id\":\"https:\/\/insuitedmc.com\/de\/kanarische-inseln\/#breadcrumb\"},\"inLanguage\":\"de\",\"potentialAction\":[{\"@type\":\"ReadAction\",\"target\":[\"https:\/\/insuitedmc.com\/de\/kanarische-inseln\/\"]}]},{\"@type\":\"BreadcrumbList\",\"@id\":\"https:\/\/insuitedmc.com\/de\/kanarische-inseln\/#breadcrumb\",\"itemListElement\":[{\"@type\":\"ListItem\",\"position\":1,\"name\":\"Portada\",\"item\":\"https:\/\/insuitedmc.com\/\"},{\"@type\":\"ListItem\",\"position\":2,\"name\":\"Kanarische Inseln\"}]},{\"@type\":\"WebSite\",\"@id\":\"https:\/\/insuitedmc.com\/#website\",\"url\":\"https:\/\/insuitedmc.com\/\",\"name\":\"Insuite Corporate Events &amp; Incentives\",\"description\":\"inSuite es una reconocida agencia MICE, experta en la organizaci\u00f3n de eventos corporativos en las Islas Canarias. Nuestra esencia reside en la planificaci\u00f3n meticulosa y la ejecuci\u00f3n de cada encuentro, reflejando la identidad y los valores de las empresas con las que colaboramos.\",\"potentialAction\":[{\"@type\":\"SearchAction\",\"target\":{\"@type\":\"EntryPoint\",\"urlTemplate\":\"https:\/\/insuitedmc.com\/?s={search_term_string}\"},\"query-input\":{\"@type\":\"PropertyValueSpecification\",\"valueRequired\":true,\"valueName\":\"search_term_string\"}}],\"inLanguage\":\"de\"}]}<\/script>\n<!-- \/ Yoast SEO plugin. -->","yoast_head_json":{"title":"MICE-Agentur Kanarische Inseln | inSuite Firmen Events","description":"inSuite, ein MICE-Agentur, bringt Sie zu den Kanarischen Inseln \u2013 der idealen Destination f\u00fcr ma\u00dfgeschneiderte Firmenveranstaltungen und Incentive-Reisen.","robots":{"index":"index","follow":"follow","max-snippet":"max-snippet:-1","max-image-preview":"max-image-preview:large","max-video-preview":"max-video-preview:-1"},"canonical":"https:\/\/insuitedmc.com\/de\/kanarische-inseln\/","og_locale":"de_DE","og_type":"article","og_title":"MICE-Agentur Kanarische Inseln | inSuite Firmen Events","og_description":"inSuite, ein MICE-Agentur, bringt Sie zu den Kanarischen Inseln \u2013 der idealen Destination f\u00fcr ma\u00dfgeschneiderte Firmenveranstaltungen und Incentive-Reisen.","og_url":"https:\/\/insuitedmc.com\/de\/kanarische-inseln\/","og_site_name":"Insuite Corporate Events &amp; Incentives","article_modified_time":"2025-04-01T09:02:23+00:00","twitter_card":"summary_large_image","twitter_misc":{"Gesch\u00e4tzte Lesezeit":"1\u00a0Minute"},"schema":{"@context":"https:\/\/schema.org","@graph":[{"@type":"WebPage","@id":"https:\/\/insuitedmc.com\/de\/kanarische-inseln\/","url":"https:\/\/insuitedmc.com\/de\/kanarische-inseln\/","name":"MICE-Agentur Kanarische Inseln | inSuite Firmen Events","isPartOf":{"@id":"https:\/\/insuitedmc.com\/#website"},"datePublished":"2024-07-02T17:25:49+00:00","dateModified":"2025-04-01T09:02:23+00:00","description":"inSuite, ein MICE-Agentur, bringt Sie zu den Kanarischen Inseln \u2013 der idealen Destination f\u00fcr ma\u00dfgeschneiderte Firmenveranstaltungen und Incentive-Reisen.","breadcrumb":{"@id":"https:\/\/insuitedmc.com\/de\/kanarische-inseln\/#breadcrumb"},"inLanguage":"de","potentialAction":[{"@type":"ReadAction","target":["https:\/\/insuitedmc.com\/de\/kanarische-inseln\/"]}]},{"@type":"BreadcrumbList","@id":"https:\/\/insuitedmc.com\/de\/kanarische-inseln\/#breadcrumb","itemListElement":[{"@type":"ListItem","position":1,"name":"Portada","item":"https:\/\/insuitedmc.com\/"},{"@type":"ListItem","position":2,"name":"Kanarische Inseln"}]},{"@type":"WebSite","@id":"https:\/\/insuitedmc.com\/#website","url":"https:\/\/insuitedmc.com\/","name":"Insuite Corporate Events &amp; Incentives","description":"inSuite es una reconocida agencia MICE, experta en la organizaci\u00f3n de eventos corporativos en las Islas Canarias. Nuestra esencia reside en la planificaci\u00f3n meticulosa y la ejecuci\u00f3n de cada encuentro, reflejando la identidad y los valores de las empresas con las que colaboramos.","potentialAction":[{"@type":"SearchAction","target":{"@type":"EntryPoint","urlTemplate":"https:\/\/insuitedmc.com\/?s={search_term_string}"},"query-input":{"@type":"PropertyValueSpecification","valueRequired":true,"valueName":"search_term_string"}}],"inLanguage":"de"}]}},"_links":{"self":[{"href":"https:\/\/insuitedmc.com\/de\/wp-json\/wp\/v2\/pages\/132461","targetHints":{"allow":["GET"]}}],"collection":[{"href":"https:\/\/insuitedmc.com\/de\/wp-json\/wp\/v2\/pages"}],"about":[{"href":"https:\/\/insuitedmc.com\/de\/wp-json\/wp\/v2\/types\/page"}],"author":[{"embeddable":true,"href":"https:\/\/insuitedmc.com\/de\/wp-json\/wp\/v2\/users\/1"}],"replies":[{"embeddable":true,"href":"https:\/\/insuitedmc.com\/de\/wp-json\/wp\/v2\/comments?post=132461"}],"version-history":[{"count":7,"href":"https:\/\/insuitedmc.com\/de\/wp-json\/wp\/v2\/pages\/132461\/revisions"}],"predecessor-version":[{"id":132978,"href":"https:\/\/insuitedmc.com\/de\/wp-json\/wp\/v2\/pages\/132461\/revisions\/132978"}],"wp:attachment":[{"href":"https:\/\/insuitedmc.com\/de\/wp-json\/wp\/v2\/media?parent=132461"}],"curies":[{"name":"wp","href":"https:\/\/api.w.org\/{rel}","templated":true}]}}