{"id":131732,"date":"2024-07-03T09:30:34","date_gmt":"2024-07-03T07:30:34","guid":{"rendered":"https:\/\/insuitedmc.com\/mice-agency\/"},"modified":"2025-03-14T12:32:44","modified_gmt":"2025-03-14T11:32:44","slug":"mice-agency","status":"publish","type":"page","link":"https:\/\/insuitedmc.com\/en\/mice-agency\/","title":{"rendered":"MICE Agency"},"content":{"rendered":"<div class=\"wpb-content-wrapper\"><p>[vc_row unlock_row_content=&#8221;yes&#8221; row_height_percent=&#8221;0&#8243; override_padding=&#8221;yes&#8221; h_padding=&#8221;5&#8243; top_padding=&#8221;7&#8243; bottom_padding=&#8221;7&#8243; back_color=&#8221;color-wayh&#8221; back_image=&#8221;130699&#8243; overlay_color=&#8221;color-prif&#8221; overlay_alpha=&#8221;25&#8243; gutter_size=&#8221;3&#8243; column_width_percent=&#8221;100&#8243; shift_y=&#8221;0&#8243; z_index=&#8221;0&#8243; uncode_shortcode_id=&#8221;164607&#8243; back_color_type=&#8221;uncode-palette&#8221; overlay_color_type=&#8221;uncode-palette&#8221;][vc_column column_width_percent=&#8221;100&#8243; position_vertical=&#8221;middle&#8221; align_horizontal=&#8221;align_center&#8221; gutter_size=&#8221;3&#8243; style=&#8221;dark&#8221; overlay_alpha=&#8221;50&#8243; shift_x=&#8221;0&#8243; shift_y=&#8221;0&#8243; shift_y_down=&#8221;0&#8243; z_index=&#8221;0&#8243; medium_width=&#8221;0&#8243; mobile_width=&#8221;0&#8243; css_animation=&#8221;alpha-anim&#8221; animation_speed=&#8221;1000&#8243; width=&#8221;1\/1&#8243; uncode_shortcode_id=&#8221;166701&#8243;][vc_custom_heading heading_semantic=&#8221;h1&#8243; text_size=&#8221;fontsize-160206&#8243; text_stroke=&#8221;yes&#8221; sub_lead=&#8221;yes&#8221; sub_reduced=&#8221;yes&#8221; css_animation=&#8221;single-curtain&#8221; animation_speed=&#8221;1400&#8243; uncode_shortcode_id=&#8221;135899&#8243; subheading=&#8221;Crafting corporate events for your Brand&#8221;]MICE Agency[\/vc_custom_heading][\/vc_column][\/vc_row][vc_row row_height_percent=&#8221;0&#8243; override_padding=&#8221;yes&#8221; h_padding=&#8221;2&#8243; top_padding=&#8221;5&#8243; bottom_padding=&#8221;5&#8243; overlay_alpha=&#8221;50&#8243; gutter_size=&#8221;4&#8243; column_width_percent=&#8221;100&#8243; shift_y=&#8221;0&#8243; z_index=&#8221;0&#8243;][vc_column column_width_percent=&#8221;100&#8243; gutter_size=&#8221;2&#8243; overlay_alpha=&#8221;50&#8243; shift_x=&#8221;0&#8243; shift_y=&#8221;0&#8243; shift_y_down=&#8221;0&#8243; z_index=&#8221;0&#8243; medium_width=&#8221;0&#8243; mobile_width=&#8221;0&#8243; width=&#8221;1\/1&#8243;][vc_row_inner limit_content=&#8221;&#8221;][vc_column_inner column_width_percent=&#8221;100&#8243; gutter_size=&#8221;2&#8243; overlay_alpha=&#8221;50&#8243; shift_x=&#8221;0&#8243; shift_y=&#8221;0&#8243; shift_y_down=&#8221;0&#8243; z_index=&#8221;0&#8243; medium_width=&#8221;0&#8243; mobile_width=&#8221;0&#8243; width=&#8221;4\/12&#8243;][vc_single_image media=&#8221;130950&#8243; media_width_percent=&#8221;100&#8243; uncode_shortcode_id=&#8221;187002&#8243;][vc_empty_space empty_h=&#8221;2&#8243; desktop_visibility=&#8221;yes&#8221;][\/vc_column_inner][vc_column_inner column_width_percent=&#8221;100&#8243; gutter_size=&#8221;3&#8243; overlay_alpha=&#8221;50&#8243; shift_x=&#8221;0&#8243; shift_y=&#8221;0&#8243; shift_y_down=&#8221;0&#8243; z_index=&#8221;0&#8243; medium_visibility=&#8221;yes&#8221; medium_width=&#8221;0&#8243; mobile_visibility=&#8221;yes&#8221; mobile_width=&#8221;0&#8243; width=&#8221;2\/12&#8243;][\/vc_column_inner][vc_column_inner width=&#8221;6\/12&#8243;][vc_column_text uncode_shortcode_id=&#8221;210177&#8243;]inSuite is a leading MICE agency specialising in the organisation of corporate events in the Canary Islands. We stand out due to meticulous planning and execution of every event in a manner that reflects the identity and values of the companies we work with.[\/vc_column_text][vc_column_text uncode_shortcode_id=&#8221;154897&#8243;]We are experts at creating unforgettable experiences through comprehensive management of your event, offering you the best hotels, exclusive venues, team-building activities and other top-tier professional services. We consider ourselves to be artisans of singular events, with every detail carefully woven together to ensure the success and impact of your corporate message.[\/vc_column_text][vc_column_text uncode_shortcode_id=&#8221;128163&#8243;]In addition , the varied and majestic landscapes of the Canary Islands offer an unparalleled setting for inspiring and motivational conferences, seminars and incentive trips.[\/vc_column_text][vc_custom_heading text_color=&#8221;color-900450&#8243; text_font=&#8221;font-760540&#8243; text_size=&#8221;h5&#8243; text_weight=&#8221;400&#8243; uncode_shortcode_id=&#8221;149211&#8243; text_color_type=&#8221;uncode-palette&#8221;]<a href=\"https:\/\/insuitedmc.com\/en\/mice-agency\/team\/\">Meet the team \u2192<\/a>[\/vc_custom_heading][vc_empty_space][\/vc_column_inner][\/vc_row_inner][vc_separator sep_color=&#8221;accent&#8221; uncode_shortcode_id=&#8221;146814&#8243; sep_color_type=&#8221;uncode-palette&#8221;][vc_empty_space empty_h=&#8221;3&#8243;][vc_custom_heading text_color=&#8221;accent&#8221; heading_semantic=&#8221;h6&#8243; text_size=&#8221;fontsize-160000&#8243; text_transform=&#8221;uppercase&#8221; text_space=&#8221;fontspace-135905&#8243; uncode_shortcode_id=&#8221;314024&#8243; text_color_type=&#8221;uncode-palette&#8221;]MICE Events[\/vc_custom_heading][vc_empty_space empty_h=&#8221;2&#8243;][vc_row_inner limit_content=&#8221;&#8221;][vc_column_inner column_width_percent=&#8221;100&#8243; align_horizontal=&#8221;align_center&#8221; gutter_size=&#8221;3&#8243; overlay_alpha=&#8221;50&#8243; shift_x=&#8221;0&#8243; shift_y=&#8221;0&#8243; shift_y_down=&#8221;0&#8243; z_index=&#8221;0&#8243; medium_width=&#8221;4&#8243; mobile_width=&#8221;4&#8243; css_animation=&#8221;bottom-t-top&#8221; animation_delay=&#8221;200&#8243; width=&#8221;1\/4&#8243; uncode_shortcode_id=&#8221;180206&#8243;][vc_single_image media=&#8221;131225&#8243; media_width_percent=&#8221;100&#8243; shape=&#8221;img-circle&#8221; uncode_shortcode_id=&#8221;102092&#8243;][vc_custom_heading text_color=&#8221;accent&#8221; heading_semantic=&#8221;h6&#8243; text_size=&#8221;fontsize-160000&#8243; text_transform=&#8221;uppercase&#8221; text_space=&#8221;fontspace-135905&#8243; uncode_shortcode_id=&#8221;529014&#8243; text_color_type=&#8221;uncode-palette&#8221;]Incentive travel[\/vc_custom_heading][vc_column_text text_lead=&#8221;small&#8221; uncode_shortcode_id=&#8221;238514&#8243;]Discover the value of keeping your employees or clients motivated with our extensive range of options for incentive trips. We design unforgettable experiences that reward effort, strengthen team bonds and enhance corporate morale in the inspiring settings of the Canary Islands.[\/vc_column_text][vc_button button_color=&#8221;accent&#8221; size=&#8221;btn-sm&#8221; radius=&#8221;btn-circle&#8221; hover_fx=&#8221;outlined&#8221; outline=&#8221;yes&#8221; border_width=&#8221;0&#8243; icon_position=&#8221;right&#8221; button_color_type=&#8221;uncode-palette&#8221; icon=&#8221;fa fa-arrow-right&#8221; uncode_shortcode_id=&#8221;981523&#8243; link=&#8221;url:https%3A%2F%2Fwww.insuitedmc.com%2Fen%2Fservicio%2Fviajes-de-incentivo%2F|&#8221;]More information[\/vc_button][\/vc_column_inner][vc_column_inner column_width_percent=&#8221;100&#8243; align_horizontal=&#8221;align_center&#8221; gutter_size=&#8221;3&#8243; overlay_alpha=&#8221;50&#8243; shift_x=&#8221;0&#8243; shift_y=&#8221;0&#8243; shift_y_down=&#8221;0&#8243; z_index=&#8221;0&#8243; medium_width=&#8221;4&#8243; mobile_width=&#8221;4&#8243; css_animation=&#8221;bottom-t-top&#8221; animation_delay=&#8221;400&#8243; width=&#8221;1\/4&#8243; uncode_shortcode_id=&#8221;171644&#8243;][vc_single_image media=&#8221;131227&#8243; media_width_percent=&#8221;100&#8243; shape=&#8221;img-circle&#8221; uncode_shortcode_id=&#8221;564028&#8243;][vc_custom_heading text_color=&#8221;accent&#8221; heading_semantic=&#8221;h6&#8243; text_size=&#8221;fontsize-160000&#8243; text_transform=&#8221;uppercase&#8221; text_space=&#8221;fontspace-135905&#8243; uncode_shortcode_id=&#8221;113321&#8243; text_color_type=&#8221;uncode-palette&#8221;]Product launches[\/vc_custom_heading][vc_column_text text_lead=&#8221;small&#8221; uncode_shortcode_id=&#8221;558641&#8243;]<span style=\"font-weight: 400;\">We transform every product launch into an event that transcends the conventional and endures into the future. As experts in the many options our destination offers, we specialise in designing dynamic presentations that highlight the uniqueness of your product, ensuring each launch makes a splash and generates buzz in your target market. <\/span>[\/vc_column_text][vc_button button_color=&#8221;accent&#8221; size=&#8221;btn-sm&#8221; radius=&#8221;btn-circle&#8221; hover_fx=&#8221;outlined&#8221; outline=&#8221;yes&#8221; border_width=&#8221;0&#8243; icon_position=&#8221;right&#8221; button_color_type=&#8221;uncode-palette&#8221; icon=&#8221;fa fa-arrow-right&#8221; uncode_shortcode_id=&#8221;336352&#8243; link=&#8221;url:https%3A%2F%2Fwww.insuitedmc.com%2Fen%2Fservicio%2Fpresentacion-de-productos%2F|&#8221;]More information[\/vc_button][\/vc_column_inner][vc_column_inner column_width_percent=&#8221;100&#8243; align_horizontal=&#8221;align_center&#8221; gutter_size=&#8221;3&#8243; overlay_alpha=&#8221;50&#8243; shift_x=&#8221;0&#8243; shift_y=&#8221;0&#8243; shift_y_down=&#8221;0&#8243; z_index=&#8221;0&#8243; medium_width=&#8221;4&#8243; mobile_width=&#8221;4&#8243; css_animation=&#8221;bottom-t-top&#8221; animation_delay=&#8221;600&#8243; width=&#8221;1\/4&#8243; uncode_shortcode_id=&#8221;346126&#8243;][vc_single_image media=&#8221;131229&#8243; media_width_percent=&#8221;100&#8243; shape=&#8221;img-circle&#8221; uncode_shortcode_id=&#8221;126678&#8243;][vc_custom_heading text_color=&#8221;accent&#8221; heading_semantic=&#8221;h6&#8243; text_size=&#8221;fontsize-160000&#8243; text_transform=&#8221;uppercase&#8221; text_space=&#8221;fontspace-135905&#8243; uncode_shortcode_id=&#8221;219955&#8243; text_color_type=&#8221;uncode-palette&#8221;]Corporate events[\/vc_custom_heading][vc_column_text text_lead=&#8221;small&#8221; uncode_shortcode_id=&#8221;855532&#8243;]<span style=\"font-weight: 400;\">With inSuite, every corporate event is an opportunity to impress and connect. From small team meetings or seminars through to large conference, we orchestrate every detail to reflect your corporate vision and achieve your strategic goals, ensuring that your event flows seamlessly without revealing the complex logistics behind the scenes. <\/span>[\/vc_column_text][vc_button button_color=&#8221;accent&#8221; size=&#8221;btn-sm&#8221; radius=&#8221;btn-circle&#8221; hover_fx=&#8221;outlined&#8221; outline=&#8221;yes&#8221; border_width=&#8221;0&#8243; icon_position=&#8221;right&#8221; button_color_type=&#8221;uncode-palette&#8221; icon=&#8221;fa fa-arrow-right&#8221; uncode_shortcode_id=&#8221;783885&#8243; link=&#8221;url:https%3A%2F%2Fwww.insuitedmc.com%2Fen%2Fservicio%2Feventos-corporativos%2F|&#8221;]More information[\/vc_button][\/vc_column_inner][vc_column_inner column_width_percent=&#8221;100&#8243; align_horizontal=&#8221;align_center&#8221; gutter_size=&#8221;3&#8243; overlay_alpha=&#8221;50&#8243; shift_x=&#8221;0&#8243; shift_y=&#8221;0&#8243; shift_y_down=&#8221;0&#8243; z_index=&#8221;0&#8243; medium_width=&#8221;4&#8243; mobile_width=&#8221;4&#8243; css_animation=&#8221;bottom-t-top&#8221; animation_delay=&#8221;800&#8243; width=&#8221;1\/4&#8243; uncode_shortcode_id=&#8221;759625&#8243;][vc_single_image media=&#8221;131228&#8243; media_width_percent=&#8221;100&#8243; shape=&#8221;img-circle&#8221; uncode_shortcode_id=&#8221;191260&#8243;][vc_custom_heading text_color=&#8221;accent&#8221; heading_semantic=&#8221;h6&#8243; text_size=&#8221;fontsize-160000&#8243; text_transform=&#8221;uppercase&#8221; text_space=&#8221;fontspace-135905&#8243; uncode_shortcode_id=&#8221;187409&#8243; text_color_type=&#8221;uncode-palette&#8221;]Automotive[\/vc_custom_heading][vc_column_text text_lead=&#8221;small&#8221; uncode_shortcode_id=&#8221;201273&#8243;]<span style=\"font-weight: 400;\">At inSuite, we combine passion and precision in automotive events. We unveil the innovations of each new model with an approach that captures the essence of the brand and creates an unforgettable experience for visitors to these vibrant events. <\/span>[\/vc_column_text][vc_button button_color=&#8221;accent&#8221; size=&#8221;btn-sm&#8221; radius=&#8221;btn-circle&#8221; hover_fx=&#8221;outlined&#8221; outline=&#8221;yes&#8221; border_width=&#8221;0&#8243; icon_position=&#8221;right&#8221; button_color_type=&#8221;uncode-palette&#8221; icon=&#8221;fa fa-arrow-right&#8221; uncode_shortcode_id=&#8221;325781&#8243; link=&#8221;url:https%3A%2F%2Fwww.insuitedmc.com%2Fen%2Fservicio%2Fautomocion%2F|&#8221;]More information[\/vc_button][\/vc_column_inner][\/vc_row_inner][vc_empty_space empty_h=&#8221;2&#8243;][\/vc_column][\/vc_row]<\/p>\n<\/div>","protected":false},"excerpt":{"rendered":"<p>[vc_row unlock_row_content=&#8221;yes&#8221; row_height_percent=&#8221;0&#8243; override_padding=&#8221;yes&#8221; h_padding=&#8221;5&#8243; top_padding=&#8221;7&#8243; bottom_padding=&#8221;7&#8243; back_color=&#8221;color-wayh&#8221; back_image=&#8221;130699&#8243; overlay_color=&#8221;color-prif&#8221; overlay_alpha=&#8221;25&#8243; gutter_size=&#8221;3&#8243; column_width_percent=&#8221;100&#8243; shift_y=&#8221;0&#8243; z_index=&#8221;0&#8243; uncode_shortcode_id=&#8221;164607&#8243; back_color_type=&#8221;uncode-palette&#8221; overlay_color_type=&#8221;uncode-palette&#8221;][vc_column column_width_percent=&#8221;100&#8243; position_vertical=&#8221;middle&#8221; [&hellip;]<\/p>\n","protected":false},"author":1,"featured_media":0,"parent":0,"menu_order":0,"comment_status":"closed","ping_status":"closed","template":"","meta":{"footnotes":""},"class_list":["post-131732","page","type-page","status-publish","hentry"],"yoast_head":"<!-- This site is optimized with the Yoast SEO plugin v24.8.1 - https:\/\/yoast.com\/wordpress\/plugins\/seo\/ -->\n<title>MICE Agency | inSuite Corporate Events &amp; Incentives<\/title>\n<meta name=\"description\" content=\"MICE agency specializing in corporate events in the Canary Islands. Let inSuite craft unique experiences that inspire, engage, and leave a lasting impact!\" \/>\n<meta name=\"robots\" content=\"index, follow, max-snippet:-1, max-image-preview:large, max-video-preview:-1\" \/>\n<link rel=\"canonical\" href=\"https:\/\/insuitedmc.com\/en\/mice-agency\/\" \/>\n<meta property=\"og:locale\" content=\"en_US\" \/>\n<meta property=\"og:type\" content=\"article\" \/>\n<meta property=\"og:title\" content=\"MICE Agency | inSuite Corporate Events &amp; Incentives\" \/>\n<meta property=\"og:description\" content=\"MICE agency specializing in corporate events in the Canary Islands. Let inSuite craft unique experiences that inspire, engage, and leave a lasting impact!\" \/>\n<meta property=\"og:url\" content=\"https:\/\/insuitedmc.com\/en\/mice-agency\/\" \/>\n<meta property=\"og:site_name\" content=\"inSuite Corporate Events &amp; Incentives\" \/>\n<meta property=\"article:modified_time\" content=\"2025-03-14T11:32:44+00:00\" \/>\n<meta name=\"twitter:card\" content=\"summary_large_image\" \/>\n<meta name=\"twitter:label1\" content=\"Est. reading time\" \/>\n\t<meta name=\"twitter:data1\" content=\"3 minutes\" \/>\n<script type=\"application\/ld+json\" class=\"yoast-schema-graph\">{\"@context\":\"https:\/\/schema.org\",\"@graph\":[{\"@type\":\"WebPage\",\"@id\":\"https:\/\/insuitedmc.com\/en\/mice-agency\/\",\"url\":\"https:\/\/insuitedmc.com\/en\/mice-agency\/\",\"name\":\"MICE Agency | inSuite Corporate Events & Incentives\",\"isPartOf\":{\"@id\":\"https:\/\/insuitedmc.com\/#website\"},\"datePublished\":\"2024-07-03T07:30:34+00:00\",\"dateModified\":\"2025-03-14T11:32:44+00:00\",\"description\":\"MICE agency specializing in corporate events in the Canary Islands. Let inSuite craft unique experiences that inspire, engage, and leave a lasting impact!\",\"breadcrumb\":{\"@id\":\"https:\/\/insuitedmc.com\/en\/mice-agency\/#breadcrumb\"},\"inLanguage\":\"en-US\",\"potentialAction\":[{\"@type\":\"ReadAction\",\"target\":[\"https:\/\/insuitedmc.com\/en\/mice-agency\/\"]}]},{\"@type\":\"BreadcrumbList\",\"@id\":\"https:\/\/insuitedmc.com\/en\/mice-agency\/#breadcrumb\",\"itemListElement\":[{\"@type\":\"ListItem\",\"position\":1,\"name\":\"Portada\",\"item\":\"https:\/\/insuitedmc.com\/\"},{\"@type\":\"ListItem\",\"position\":2,\"name\":\"MICE Agency\"}]},{\"@type\":\"WebSite\",\"@id\":\"https:\/\/insuitedmc.com\/#website\",\"url\":\"https:\/\/insuitedmc.com\/\",\"name\":\"inSuite Corporate Events &amp; Incentives\",\"description\":\"inSuite es una reconocida agencia MICE, experta en la organizaci\u00f3n de eventos corporativos en las Islas Canarias. Nuestra esencia reside en la planificaci\u00f3n meticulosa y la ejecuci\u00f3n de cada encuentro, reflejando la identidad y los valores de las empresas con las que colaboramos.\",\"potentialAction\":[{\"@type\":\"SearchAction\",\"target\":{\"@type\":\"EntryPoint\",\"urlTemplate\":\"https:\/\/insuitedmc.com\/?s={search_term_string}\"},\"query-input\":{\"@type\":\"PropertyValueSpecification\",\"valueRequired\":true,\"valueName\":\"search_term_string\"}}],\"inLanguage\":\"en-US\"}]}<\/script>\n<!-- \/ Yoast SEO plugin. -->","yoast_head_json":{"title":"MICE Agency | inSuite Corporate Events & Incentives","description":"MICE agency specializing in corporate events in the Canary Islands. Let inSuite craft unique experiences that inspire, engage, and leave a lasting impact!","robots":{"index":"index","follow":"follow","max-snippet":"max-snippet:-1","max-image-preview":"max-image-preview:large","max-video-preview":"max-video-preview:-1"},"canonical":"https:\/\/insuitedmc.com\/en\/mice-agency\/","og_locale":"en_US","og_type":"article","og_title":"MICE Agency | inSuite Corporate Events & Incentives","og_description":"MICE agency specializing in corporate events in the Canary Islands. Let inSuite craft unique experiences that inspire, engage, and leave a lasting impact!","og_url":"https:\/\/insuitedmc.com\/en\/mice-agency\/","og_site_name":"inSuite Corporate Events &amp; Incentives","article_modified_time":"2025-03-14T11:32:44+00:00","twitter_card":"summary_large_image","twitter_misc":{"Est. reading time":"3 minutes"},"schema":{"@context":"https:\/\/schema.org","@graph":[{"@type":"WebPage","@id":"https:\/\/insuitedmc.com\/en\/mice-agency\/","url":"https:\/\/insuitedmc.com\/en\/mice-agency\/","name":"MICE Agency | inSuite Corporate Events & Incentives","isPartOf":{"@id":"https:\/\/insuitedmc.com\/#website"},"datePublished":"2024-07-03T07:30:34+00:00","dateModified":"2025-03-14T11:32:44+00:00","description":"MICE agency specializing in corporate events in the Canary Islands. Let inSuite craft unique experiences that inspire, engage, and leave a lasting impact!","breadcrumb":{"@id":"https:\/\/insuitedmc.com\/en\/mice-agency\/#breadcrumb"},"inLanguage":"en-US","potentialAction":[{"@type":"ReadAction","target":["https:\/\/insuitedmc.com\/en\/mice-agency\/"]}]},{"@type":"BreadcrumbList","@id":"https:\/\/insuitedmc.com\/en\/mice-agency\/#breadcrumb","itemListElement":[{"@type":"ListItem","position":1,"name":"Portada","item":"https:\/\/insuitedmc.com\/"},{"@type":"ListItem","position":2,"name":"MICE Agency"}]},{"@type":"WebSite","@id":"https:\/\/insuitedmc.com\/#website","url":"https:\/\/insuitedmc.com\/","name":"inSuite Corporate Events &amp; Incentives","description":"inSuite es una reconocida agencia MICE, experta en la organizaci\u00f3n de eventos corporativos en las Islas Canarias. Nuestra esencia reside en la planificaci\u00f3n meticulosa y la ejecuci\u00f3n de cada encuentro, reflejando la identidad y los valores de las empresas con las que colaboramos.","potentialAction":[{"@type":"SearchAction","target":{"@type":"EntryPoint","urlTemplate":"https:\/\/insuitedmc.com\/?s={search_term_string}"},"query-input":{"@type":"PropertyValueSpecification","valueRequired":true,"valueName":"search_term_string"}}],"inLanguage":"en-US"}]}},"_links":{"self":[{"href":"https:\/\/insuitedmc.com\/en\/wp-json\/wp\/v2\/pages\/131732","targetHints":{"allow":["GET"]}}],"collection":[{"href":"https:\/\/insuitedmc.com\/en\/wp-json\/wp\/v2\/pages"}],"about":[{"href":"https:\/\/insuitedmc.com\/en\/wp-json\/wp\/v2\/types\/page"}],"author":[{"embeddable":true,"href":"https:\/\/insuitedmc.com\/en\/wp-json\/wp\/v2\/users\/1"}],"replies":[{"embeddable":true,"href":"https:\/\/insuitedmc.com\/en\/wp-json\/wp\/v2\/comments?post=131732"}],"version-history":[{"count":19,"href":"https:\/\/insuitedmc.com\/en\/wp-json\/wp\/v2\/pages\/131732\/revisions"}],"predecessor-version":[{"id":132918,"href":"https:\/\/insuitedmc.com\/en\/wp-json\/wp\/v2\/pages\/131732\/revisions\/132918"}],"wp:attachment":[{"href":"https:\/\/insuitedmc.com\/en\/wp-json\/wp\/v2\/media?parent=131732"}],"curies":[{"name":"wp","href":"https:\/\/api.w.org\/{rel}","templated":true}]}}