{"id":132305,"date":"2024-07-02T19:54:10","date_gmt":"2024-07-02T17:54:10","guid":{"rendered":"https:\/\/insuitedmc.com\/lanzarote\/"},"modified":"2025-04-01T11:16:17","modified_gmt":"2025-04-01T09:16:17","slug":"lanzarote","status":"publish","type":"page","link":"https:\/\/insuitedmc.com\/en\/mice-agency\/lanzarote\/","title":{"rendered":"Lanzarote"},"content":{"rendered":"<div class=\"wpb-content-wrapper\"><p>[vc_row unlock_row_content=&#8221;yes&#8221; row_height_percent=&#8221;0&#8243; override_padding=&#8221;yes&#8221; h_padding=&#8221;2&#8243; top_padding=&#8221;4&#8243; bottom_padding=&#8221;5&#8243; back_color=&#8221;color-xsdn&#8221; overlay_alpha=&#8221;70&#8243; overlay_animated=&#8221;yes&#8221; overlay_animated_size=&#8221;0.35&#8243; gutter_size=&#8221;3&#8243; column_width_percent=&#8221;100&#8243; shift_y=&#8221;0&#8243; z_index=&#8221;0&#8243; bottom_divider=&#8221;step&#8221; uncode_shortcode_id=&#8221;122041&#8243; back_color_type=&#8221;uncode-palette&#8221;][vc_column column_width_percent=&#8221;100&#8243; gutter_size=&#8221;3&#8243; overlay_alpha=&#8221;50&#8243; shift_x=&#8221;0&#8243; shift_y=&#8221;0&#8243; shift_y_down=&#8221;0&#8243; z_index=&#8221;0&#8243; medium_width=&#8221;0&#8243; mobile_width=&#8221;0&#8243; width=&#8221;1\/1&#8243; uncode_shortcode_id=&#8221;714865&#8243;][vc_row_inner limit_content=&#8221;&#8221;][vc_column_inner column_width_use_pixel=&#8221;yes&#8221; align_horizontal=&#8221;align_center&#8221; gutter_size=&#8221;1&#8243; overlay_alpha=&#8221;50&#8243; shift_x=&#8221;0&#8243; shift_y=&#8221;0&#8243; shift_y_down=&#8221;0&#8243; z_index=&#8221;0&#8243; medium_width=&#8221;0&#8243; mobile_width=&#8221;0&#8243; css_animation=&#8221;alpha-anim&#8221; animation_speed=&#8221;1400&#8243; width=&#8221;1\/1&#8243; uncode_shortcode_id=&#8221;105270&#8243; column_width_pixel=&#8221;1000&#8243;][vc_custom_heading text_color=&#8221;accent&#8221; heading_semantic=&#8221;h5&#8243; text_font=&#8221;font-103749&#8243; text_size=&#8221;h5&#8243; text_weight=&#8221;400&#8243; text_height=&#8221;fontheight-357766&#8243; css_animation=&#8221;curtain&#8221; animation_speed=&#8221;1400&#8243; animation_delay=&#8221;200&#8243; uncode_shortcode_id=&#8221;755979&#8243; text_color_type=&#8221;uncode-palette&#8221;]CANARY ISLANDS[\/vc_custom_heading][vc_custom_heading heading_semantic=&#8221;h1&#8243; text_size=&#8221;custom&#8221; color_blend=&#8221;multiply&#8221; css_animation=&#8221;curtain&#8221; animation_speed=&#8221;1400&#8243; uncode_shortcode_id=&#8221;670679&#8243; heading_custom_size=&#8221;clamp(38px,6vw,75px)&#8221;]Lanzarote[\/vc_custom_heading][vc_custom_heading text_weight=&#8221;400&#8243; text_height=&#8221;fontheight-357766&#8243; css_animation=&#8221;curtain&#8221; animation_speed=&#8221;1400&#8243; animation_delay=&#8221;200&#8243; uncode_shortcode_id=&#8221;996682&#8243;]The island of fire[\/vc_custom_heading][\/vc_column_inner][\/vc_row_inner][vc_row_inner row_inner_height_percent=&#8221;0&#8243; overlay_alpha=&#8221;50&#8243; gutter_size=&#8221;0&#8243; shift_y=&#8221;0&#8243; z_index=&#8221;0&#8243; uncode_shortcode_id=&#8221;976688&#8243; limit_content=&#8221;&#8221;][vc_column_inner column_width_percent=&#8221;100&#8243; position_vertical=&#8221;middle&#8221; gutter_size=&#8221;3&#8243; overlay_alpha=&#8221;50&#8243; shift_x=&#8221;3&#8243; shift_y=&#8221;0&#8243; shift_y_down=&#8221;0&#8243; z_index=&#8221;0&#8243; medium_width=&#8221;2&#8243; mobile_visibility=&#8221;yes&#8221; mobile_width=&#8221;0&#8243; css_animation=&#8221;bottom-t-top&#8221; animation_speed=&#8221;1400&#8243; animation_delay=&#8221;400&#8243; width=&#8221;2\/12&#8243; uncode_shortcode_id=&#8221;117891&#8243;][vc_single_image media=&#8221;131134&#8243; media_width_percent=&#8221;100&#8243; media_ratio=&#8221;four-five&#8221; shadow=&#8221;yes&#8221; shadow_weight=&#8221;std&#8221; css_animation=&#8221;parallax&#8221; parallax_intensity=&#8221;2&#8243; uncode_shortcode_id=&#8221;168543&#8243;][\/vc_column_inner][vc_column_inner column_width_percent=&#8221;100&#8243; position_vertical=&#8221;middle&#8221; gutter_size=&#8221;3&#8243; overlay_alpha=&#8221;50&#8243; shift_x=&#8221;2&#8243; shift_y=&#8221;0&#8243; shift_y_down=&#8221;0&#8243; z_index=&#8221;0&#8243; medium_visibility=&#8221;yes&#8221; medium_width=&#8221;0&#8243; mobile_visibility=&#8221;yes&#8221; mobile_width=&#8221;0&#8243; css_animation=&#8221;bottom-t-top&#8221; animation_speed=&#8221;1400&#8243; animation_delay=&#8221;300&#8243; width=&#8221;3\/12&#8243; uncode_shortcode_id=&#8221;997455&#8243;][vc_single_image media=&#8221;131144&#8243; media_width_percent=&#8221;100&#8243; media_ratio=&#8221;one-one&#8221; shadow=&#8221;yes&#8221; shadow_weight=&#8221;std&#8221; uncode_shortcode_id=&#8221;199409&#8243;][\/vc_column_inner][vc_column_inner column_width_percent=&#8221;100&#8243; position_vertical=&#8221;middle&#8221; gutter_size=&#8221;3&#8243; overlay_alpha=&#8221;50&#8243; shift_x=&#8221;0&#8243; shift_y=&#8221;0&#8243; shift_y_down=&#8221;0&#8243; z_index=&#8221;2&#8243; medium_width=&#8221;4&#8243; mobile_width=&#8221;0&#8243; css_animation=&#8221;bottom-t-top&#8221; animation_speed=&#8221;1400&#8243; width=&#8221;4\/12&#8243; uncode_shortcode_id=&#8221;506143&#8243;][vc_single_image media=&#8221;132143&#8243; media_width_percent=&#8221;100&#8243; media_ratio=&#8221;four-five&#8221; shadow=&#8221;yes&#8221; shadow_weight=&#8221;lg&#8221; shadow_darker=&#8221;yes&#8221; css_animation=&#8221;parallax&#8221; parallax_intensity=&#8221;3&#8243; uncode_shortcode_id=&#8221;471665&#8243;][\/vc_column_inner][vc_column_inner column_width_percent=&#8221;100&#8243; position_vertical=&#8221;middle&#8221; gutter_size=&#8221;3&#8243; overlay_alpha=&#8221;50&#8243; shift_x=&#8221;-2&#8243; shift_y=&#8221;0&#8243; shift_y_down=&#8221;0&#8243; z_index=&#8221;2&#8243; medium_width=&#8221;2&#8243; mobile_visibility=&#8221;yes&#8221; mobile_width=&#8221;0&#8243; css_animation=&#8221;bottom-t-top&#8221; animation_speed=&#8221;1400&#8243; animation_delay=&#8221;600&#8243; width=&#8221;2\/12&#8243; uncode_shortcode_id=&#8221;786288&#8243;][vc_single_image media=&#8221;132697&#8243; media_width_percent=&#8221;100&#8243; media_ratio=&#8221;four-five&#8221; shadow=&#8221;yes&#8221; shadow_weight=&#8221;std&#8221; css_animation=&#8221;parallax&#8221; parallax_intensity=&#8221;2&#8243; uncode_shortcode_id=&#8221;550598&#8243;][\/vc_column_inner][vc_column_inner column_width_percent=&#8221;100&#8243; position_vertical=&#8221;middle&#8221; gutter_size=&#8221;3&#8243; overlay_alpha=&#8221;50&#8243; shift_x=&#8221;-3&#8243; shift_y=&#8221;0&#8243; shift_y_down=&#8221;0&#8243; z_index=&#8221;0&#8243; medium_visibility=&#8221;yes&#8221; medium_width=&#8221;0&#8243; mobile_visibility=&#8221;yes&#8221; mobile_width=&#8221;0&#8243; css_animation=&#8221;bottom-t-top&#8221; animation_speed=&#8221;1400&#8243; animation_delay=&#8221;200&#8243; width=&#8221;3\/12&#8243; uncode_shortcode_id=&#8221;337277&#8243;][vc_single_image media=&#8221;131135&#8243; media_width_percent=&#8221;100&#8243; media_ratio=&#8221;one-one&#8221; shadow=&#8221;yes&#8221; shadow_weight=&#8221;lg&#8221; css_animation=&#8221;parallax&#8221; parallax_intensity=&#8221;1&#8243; uncode_shortcode_id=&#8221;199399&#8243;][\/vc_column_inner][\/vc_row_inner][\/vc_column][\/vc_row][vc_row row_height_percent=&#8221;0&#8243; override_padding=&#8221;yes&#8221; h_padding=&#8221;2&#8243; top_padding=&#8221;5&#8243; bottom_padding=&#8221;3&#8243; overlay_alpha=&#8221;100&#8243; gutter_size=&#8221;3&#8243; column_width_percent=&#8221;100&#8243; shift_y=&#8221;0&#8243; z_index=&#8221;0&#8243; row_height_use_pixel=&#8221;&#8221;][vc_column column_width_use_pixel=&#8221;yes&#8221; gutter_size=&#8221;3&#8243; overlay_alpha=&#8221;50&#8243; shift_x=&#8221;0&#8243; shift_y=&#8221;0&#8243; medium_width=&#8221;0&#8243; zoom_width=&#8221;0&#8243; zoom_height=&#8221;0&#8243; column_width_pixel=&#8221;800&#8243;][vc_column_text uncode_shortcode_id=&#8221;373948&#8243;]Just 130 kilometres off the coast of Africa lies Lanzarote, the easternmost of the Canary Islands. Everyone who has had the privilege of visiting agrees that Lanzarote is a true gift of nature. A volcanic island with an arid, desert-like appearance, it is largely covered by lava fields created by the volcanic eruptions this majestic land experienced in the 18th century.[\/vc_column_text][\/vc_column][\/vc_row][vc_row row_height_percent=&#8221;0&#8243; override_padding=&#8221;yes&#8221; h_padding=&#8221;2&#8243; top_padding=&#8221;0&#8243; bottom_padding=&#8221;0&#8243; overlay_alpha=&#8221;100&#8243; gutter_size=&#8221;3&#8243; column_width_percent=&#8221;100&#8243; shift_y=&#8221;0&#8243; z_index=&#8221;0&#8243; row_height_use_pixel=&#8221;&#8221;][vc_column column_width_percent=&#8221;100&#8243; gutter_size=&#8221;3&#8243; overlay_alpha=&#8221;50&#8243; shift_x=&#8221;0&#8243; shift_y=&#8221;0&#8243; shift_y_down=&#8221;0&#8243; z_index=&#8221;0&#8243; medium_visibility=&#8221;yes&#8221; medium_width=&#8221;0&#8243; mobile_visibility=&#8221;yes&#8221; mobile_width=&#8221;0&#8243; zoom_width=&#8221;0&#8243; zoom_height=&#8221;0&#8243; width=&#8221;1\/6&#8243; uncode_shortcode_id=&#8221;927565&#8243;][vc_column_text text_lead=&#8221;small&#8221; text_color=&#8221;accent&#8221; uncode_shortcode_id=&#8221;983156&#8243; text_color_type=&#8221;uncode-palette&#8221;]Timanfaya National Park road and Yaiza in the background \u2192[\/vc_column_text][\/vc_column][vc_column column_width_use_pixel=&#8221;yes&#8221; gutter_size=&#8221;3&#8243; overlay_alpha=&#8221;50&#8243; shift_x=&#8221;0&#8243; shift_y=&#8221;0&#8243; medium_width=&#8221;0&#8243; zoom_width=&#8221;0&#8243; zoom_height=&#8221;0&#8243; width=&#8221;5\/6&#8243;][vc_single_image media=&#8221;132155&#8243; media_width_percent=&#8221;100&#8243; media_ratio=&#8221;three-two&#8221; media_title_uppercase=&#8221;&#8221; uncode_shortcode_id=&#8221;115267&#8243;][\/vc_column][\/vc_row][vc_row row_height_percent=&#8221;0&#8243; override_padding=&#8221;yes&#8221; h_padding=&#8221;2&#8243; top_padding=&#8221;3&#8243; bottom_padding=&#8221;5&#8243; overlay_alpha=&#8221;100&#8243; gutter_size=&#8221;3&#8243; column_width_percent=&#8221;100&#8243; shift_y=&#8221;0&#8243; z_index=&#8221;0&#8243; row_height_use_pixel=&#8221;&#8221;][vc_column column_width_use_pixel=&#8221;yes&#8221; gutter_size=&#8221;3&#8243; overlay_alpha=&#8221;50&#8243; shift_x=&#8221;0&#8243; shift_y=&#8221;0&#8243; medium_width=&#8221;0&#8243; zoom_width=&#8221;0&#8243; zoom_height=&#8221;0&#8243; column_width_pixel=&#8221;800&#8243;][vc_column_text uncode_shortcode_id=&#8221;687412&#8243;]The hospitality of its people, the tranquility of its mountains, the beauty of its beaches, and the uniqueness of its natural monuments are just some of the island\u2019s features that led to its recognition as a UNESCO Biosphere Reserve in 1993.[\/vc_column_text][vc_column_text uncode_shortcode_id=&#8221;169533&#8243;]The legacy of the renowned artist C\u00e9sar Manrique is intrinsically linked to the island\u2019s landscape, and many of his creations can be enjoyed for the celebration of events in this privileged setting.[\/vc_column_text][\/vc_column][\/vc_row][vc_row row_height_percent=&#8221;0&#8243; override_padding=&#8221;yes&#8221; h_padding=&#8221;2&#8243; top_padding=&#8221;0&#8243; bottom_padding=&#8221;0&#8243; overlay_alpha=&#8221;100&#8243; gutter_size=&#8221;3&#8243; column_width_percent=&#8221;100&#8243; shift_y=&#8221;0&#8243; z_index=&#8221;0&#8243; row_height_use_pixel=&#8221;&#8221;][vc_column column_width_use_pixel=&#8221;yes&#8221; gutter_size=&#8221;3&#8243; overlay_alpha=&#8221;50&#8243; shift_x=&#8221;0&#8243; shift_y=&#8221;0&#8243; medium_width=&#8221;0&#8243; zoom_width=&#8221;0&#8243; zoom_height=&#8221;0&#8243; width=&#8221;5\/6&#8243;][vc_single_image media=&#8221;132153&#8243; media_width_percent=&#8221;100&#8243; media_ratio=&#8221;three-two&#8221; media_title_uppercase=&#8221;&#8221; uncode_shortcode_id=&#8221;434769&#8243;][\/vc_column][vc_column column_width_percent=&#8221;100&#8243; gutter_size=&#8221;3&#8243; overlay_alpha=&#8221;50&#8243; shift_x=&#8221;0&#8243; shift_y=&#8221;0&#8243; shift_y_down=&#8221;0&#8243; z_index=&#8221;0&#8243; medium_visibility=&#8221;yes&#8221; medium_width=&#8221;0&#8243; mobile_visibility=&#8221;yes&#8221; mobile_width=&#8221;0&#8243; zoom_width=&#8221;0&#8243; zoom_height=&#8221;0&#8243; width=&#8221;1\/6&#8243; uncode_shortcode_id=&#8221;117892&#8243;][vc_column_text text_lead=&#8221;small&#8221; text_color=&#8221;accent&#8221; uncode_shortcode_id=&#8221;151634&#8243; text_color_type=&#8221;uncode-palette&#8221;]\u2190 Papagayo beach.[\/vc_column_text][\/vc_column][\/vc_row][vc_row row_height_percent=&#8221;0&#8243; override_padding=&#8221;yes&#8221; h_padding=&#8221;2&#8243; top_padding=&#8221;3&#8243; bottom_padding=&#8221;3&#8243; overlay_alpha=&#8221;100&#8243; gutter_size=&#8221;3&#8243; column_width_percent=&#8221;100&#8243; shift_y=&#8221;0&#8243; z_index=&#8221;0&#8243; row_height_use_pixel=&#8221;&#8221;][vc_column column_width_use_pixel=&#8221;yes&#8221; gutter_size=&#8221;3&#8243; overlay_alpha=&#8221;50&#8243; shift_x=&#8221;0&#8243; shift_y=&#8221;0&#8243; medium_width=&#8221;0&#8243; zoom_width=&#8221;0&#8243; zoom_height=&#8221;0&#8243; column_width_pixel=&#8221;800&#8243;][vc_column_text uncode_shortcode_id=&#8221;183663&#8243;]Lanzarote is a destination that will leave no one indifferent, as the island perfectly combines its extraordinary natural resources with exceptional MICE services.[\/vc_column_text][\/vc_column][\/vc_row][vc_row row_height_percent=&#8221;0&#8243; override_padding=&#8221;yes&#8221; h_padding=&#8221;2&#8243; top_padding=&#8221;0&#8243; bottom_padding=&#8221;5&#8243; overlay_alpha=&#8221;100&#8243; gutter_size=&#8221;3&#8243; column_width_percent=&#8221;100&#8243; shift_y=&#8221;0&#8243; z_index=&#8221;0&#8243; row_height_use_pixel=&#8221;&#8221; uncode_shortcode_id=&#8221;428894&#8243;][vc_column column_width_percent=&#8221;100&#8243; gutter_size=&#8221;3&#8243; overlay_alpha=&#8221;50&#8243; shift_x=&#8221;0&#8243; shift_y=&#8221;0&#8243; shift_y_down=&#8221;0&#8243; z_index=&#8221;0&#8243; medium_visibility=&#8221;yes&#8221; medium_width=&#8221;0&#8243; mobile_visibility=&#8221;yes&#8221; mobile_width=&#8221;0&#8243; zoom_width=&#8221;0&#8243; zoom_height=&#8221;0&#8243; width=&#8221;1\/6&#8243; uncode_shortcode_id=&#8221;451258&#8243;][vc_column_text text_lead=&#8221;small&#8221; text_color=&#8221;accent&#8221; uncode_shortcode_id=&#8221;545080&#8243; text_color_type=&#8221;uncode-palette&#8221;]Jameos del Agua, C\u00e9sar Manrique \u2192[\/vc_column_text][\/vc_column][vc_column column_width_use_pixel=&#8221;yes&#8221; gutter_size=&#8221;3&#8243; overlay_alpha=&#8221;50&#8243; shift_x=&#8221;0&#8243; shift_y=&#8221;0&#8243; medium_width=&#8221;0&#8243; zoom_width=&#8221;0&#8243; zoom_height=&#8221;0&#8243; width=&#8221;5\/6&#8243;][vc_single_image media=&#8221;132159&#8243; media_width_percent=&#8221;100&#8243; media_ratio=&#8221;three-two&#8221; media_title_uppercase=&#8221;&#8221; uncode_shortcode_id=&#8221;256136&#8243;][\/vc_column][\/vc_row][vc_row unlock_row_content=&#8221;yes&#8221; row_height_percent=&#8221;0&#8243; override_padding=&#8221;yes&#8221; h_padding=&#8221;0&#8243; top_padding=&#8221;3&#8243; bottom_padding=&#8221;5&#8243; overlay_alpha=&#8221;90&#8243; gutter_size=&#8221;3&#8243; column_width_percent=&#8221;100&#8243; shift_y=&#8221;0&#8243; z_index=&#8221;2&#8243; content_parallax=&#8221;0&#8243; uncode_shortcode_id=&#8221;479006&#8243;][vc_column column_width_percent=&#8221;92&#8243; align_horizontal=&#8221;align_center&#8221; gutter_size=&#8221;4&#8243; back_color=&#8221;color-xsdn&#8221; overlay_alpha=&#8221;50&#8243; shift_x=&#8221;0&#8243; shift_y=&#8221;-5&#8243; shift_y_fixed=&#8221;yes&#8221; shift_y_down=&#8221;0&#8243; z_index=&#8221;0&#8243; medium_width=&#8221;0&#8243; mobile_width=&#8221;0&#8243; width=&#8221;1\/1&#8243;][vc_empty_space empty_h=&#8221;2&#8243;][vc_separator sep_color=&#8221;&#8221; uncode_shortcode_id=&#8221;111563&#8243;][vc_custom_heading heading_semantic=&#8221;h3&#8243; uncode_shortcode_id=&#8221;179514&#8243;]Discover other islands[\/vc_custom_heading][uncode_index el_id=&#8221;index-9623217&#8243; loop=&#8221;size:3|order_by:date|post_type:page|by_id:130821,130809,130802|taxonomy_count:10&#8243; screen_lg=&#8221;1000&#8243; screen_md=&#8221;600&#8243; screen_sm=&#8221;480&#8243; gutter_size=&#8221;2&#8243; post_items=&#8221;media|featured|onpost|poster,title,category|nobg&#8221; portfolio_items=&#8221;title,media|featured|onpost|original&#8221; single_text=&#8221;overlay&#8221; images_size=&#8221;four-three&#8221; single_overlay_color=&#8221;color-258196&#8243; single_overlay_coloration=&#8221;bottom_gradient&#8221; single_overlay_opacity=&#8221;50&#8243; single_overlay_visible=&#8221;yes&#8221; single_text_visible=&#8221;yes&#8221; single_text_anim_type=&#8221;btt&#8221; single_image_anim=&#8221;no&#8221; single_h_align=&#8221;center&#8221; single_v_position=&#8221;bottom&#8221; single_padding=&#8221;2&#8243; single_title_dimension=&#8221;h4&#8243; single_border=&#8221;yes&#8221; post_matrix=&#8221;matrix&#8221; matrix_amount=&#8221;30&#8243; matrix_items=&#8221;e30=&#8221; uncode_shortcode_id=&#8221;595264&#8243;][\/vc_column][\/vc_row]<\/p>\n<\/div>","protected":false},"excerpt":{"rendered":"<p>[vc_row unlock_row_content=&#8221;yes&#8221; row_height_percent=&#8221;0&#8243; override_padding=&#8221;yes&#8221; h_padding=&#8221;2&#8243; top_padding=&#8221;4&#8243; bottom_padding=&#8221;5&#8243; back_color=&#8221;color-xsdn&#8221; overlay_alpha=&#8221;70&#8243; overlay_animated=&#8221;yes&#8221; overlay_animated_size=&#8221;0.35&#8243; gutter_size=&#8221;3&#8243; column_width_percent=&#8221;100&#8243; shift_y=&#8221;0&#8243; z_index=&#8221;0&#8243; bottom_divider=&#8221;step&#8221; uncode_shortcode_id=&#8221;122041&#8243; back_color_type=&#8221;uncode-palette&#8221;][vc_column column_width_percent=&#8221;100&#8243; gutter_size=&#8221;3&#8243; [&hellip;]<\/p>\n","protected":false},"author":1,"featured_media":132087,"parent":131732,"menu_order":0,"comment_status":"closed","ping_status":"closed","template":"","meta":{"footnotes":""},"class_list":["post-132305","page","type-page","status-publish","has-post-thumbnail","hentry"],"yoast_head":"<!-- This site is optimized with the Yoast SEO plugin v24.8.1 - https:\/\/yoast.com\/wordpress\/plugins\/seo\/ -->\n<title>Lanzarote MICE Agency | inSuite Corporate Events<\/title>\n<meta name=\"description\" content=\"MICE agency in Lanzarote specializing in corporate events, incentives, and conferences. Experience unique venues, seamless logistics, and stunning landscapes.\" \/>\n<meta name=\"robots\" content=\"index, follow, max-snippet:-1, max-image-preview:large, max-video-preview:-1\" \/>\n<link rel=\"canonical\" href=\"https:\/\/insuitedmc.com\/en\/mice-agency\/lanzarote\/\" \/>\n<meta property=\"og:locale\" content=\"en_US\" \/>\n<meta property=\"og:type\" content=\"article\" \/>\n<meta property=\"og:title\" content=\"Lanzarote MICE Agency | inSuite Corporate Events\" \/>\n<meta property=\"og:description\" content=\"MICE agency in Lanzarote specializing in corporate events, incentives, and conferences. Experience unique venues, seamless logistics, and stunning landscapes.\" \/>\n<meta property=\"og:url\" content=\"https:\/\/insuitedmc.com\/en\/mice-agency\/lanzarote\/\" \/>\n<meta property=\"og:site_name\" content=\"inSuite Corporate Events &amp; Incentives\" \/>\n<meta property=\"article:modified_time\" content=\"2025-04-01T09:16:17+00:00\" \/>\n<meta property=\"og:image\" content=\"https:\/\/insuitedmc.com\/wp-content\/uploads\/2024\/07\/lanzarote-mice-eventos.jpg\" \/>\n\t<meta property=\"og:image:width\" content=\"1920\" \/>\n\t<meta property=\"og:image:height\" content=\"1280\" \/>\n\t<meta property=\"og:image:type\" content=\"image\/jpeg\" \/>\n<meta name=\"twitter:card\" content=\"summary_large_image\" \/>\n<meta name=\"twitter:label1\" content=\"Est. reading time\" \/>\n\t<meta name=\"twitter:data1\" content=\"4 minutes\" \/>\n<script type=\"application\/ld+json\" class=\"yoast-schema-graph\">{\"@context\":\"https:\/\/schema.org\",\"@graph\":[{\"@type\":\"WebPage\",\"@id\":\"https:\/\/insuitedmc.com\/en\/mice-agency\/lanzarote\/\",\"url\":\"https:\/\/insuitedmc.com\/en\/mice-agency\/lanzarote\/\",\"name\":\"Lanzarote MICE Agency | inSuite Corporate Events\",\"isPartOf\":{\"@id\":\"https:\/\/insuitedmc.com\/#website\"},\"primaryImageOfPage\":{\"@id\":\"https:\/\/insuitedmc.com\/en\/mice-agency\/lanzarote\/#primaryimage\"},\"image\":{\"@id\":\"https:\/\/insuitedmc.com\/en\/mice-agency\/lanzarote\/#primaryimage\"},\"thumbnailUrl\":\"https:\/\/insuitedmc.com\/wp-content\/uploads\/2024\/07\/lanzarote-mice-eventos.jpg\",\"datePublished\":\"2024-07-02T17:54:10+00:00\",\"dateModified\":\"2025-04-01T09:16:17+00:00\",\"description\":\"MICE agency in Lanzarote specializing in corporate events, incentives, and conferences. Experience unique venues, seamless logistics, and stunning landscapes.\",\"breadcrumb\":{\"@id\":\"https:\/\/insuitedmc.com\/en\/mice-agency\/lanzarote\/#breadcrumb\"},\"inLanguage\":\"en-US\",\"potentialAction\":[{\"@type\":\"ReadAction\",\"target\":[\"https:\/\/insuitedmc.com\/en\/mice-agency\/lanzarote\/\"]}]},{\"@type\":\"ImageObject\",\"inLanguage\":\"en-US\",\"@id\":\"https:\/\/insuitedmc.com\/en\/mice-agency\/lanzarote\/#primaryimage\",\"url\":\"https:\/\/insuitedmc.com\/wp-content\/uploads\/2024\/07\/lanzarote-mice-eventos.jpg\",\"contentUrl\":\"https:\/\/insuitedmc.com\/wp-content\/uploads\/2024\/07\/lanzarote-mice-eventos.jpg\",\"width\":1920,\"height\":1280,\"caption\":\"Lanzarote MICE events in the Canary Islands\"},{\"@type\":\"BreadcrumbList\",\"@id\":\"https:\/\/insuitedmc.com\/en\/mice-agency\/lanzarote\/#breadcrumb\",\"itemListElement\":[{\"@type\":\"ListItem\",\"position\":1,\"name\":\"Portada\",\"item\":\"https:\/\/insuitedmc.com\/\"},{\"@type\":\"ListItem\",\"position\":2,\"name\":\"MICE Agency\",\"item\":\"https:\/\/insuitedmc.com\/en\/mice-agency\/\"},{\"@type\":\"ListItem\",\"position\":3,\"name\":\"Lanzarote\"}]},{\"@type\":\"WebSite\",\"@id\":\"https:\/\/insuitedmc.com\/#website\",\"url\":\"https:\/\/insuitedmc.com\/\",\"name\":\"inSuite Corporate Events &amp; Incentives\",\"description\":\"inSuite es una reconocida agencia MICE, experta en la organizaci\u00f3n de eventos corporativos en las Islas Canarias. Nuestra esencia reside en la planificaci\u00f3n meticulosa y la ejecuci\u00f3n de cada encuentro, reflejando la identidad y los valores de las empresas con las que colaboramos.\",\"potentialAction\":[{\"@type\":\"SearchAction\",\"target\":{\"@type\":\"EntryPoint\",\"urlTemplate\":\"https:\/\/insuitedmc.com\/?s={search_term_string}\"},\"query-input\":{\"@type\":\"PropertyValueSpecification\",\"valueRequired\":true,\"valueName\":\"search_term_string\"}}],\"inLanguage\":\"en-US\"}]}<\/script>\n<!-- \/ Yoast SEO plugin. -->","yoast_head_json":{"title":"Lanzarote MICE Agency | inSuite Corporate Events","description":"MICE agency in Lanzarote specializing in corporate events, incentives, and conferences. Experience unique venues, seamless logistics, and stunning landscapes.","robots":{"index":"index","follow":"follow","max-snippet":"max-snippet:-1","max-image-preview":"max-image-preview:large","max-video-preview":"max-video-preview:-1"},"canonical":"https:\/\/insuitedmc.com\/en\/mice-agency\/lanzarote\/","og_locale":"en_US","og_type":"article","og_title":"Lanzarote MICE Agency | inSuite Corporate Events","og_description":"MICE agency in Lanzarote specializing in corporate events, incentives, and conferences. Experience unique venues, seamless logistics, and stunning landscapes.","og_url":"https:\/\/insuitedmc.com\/en\/mice-agency\/lanzarote\/","og_site_name":"inSuite Corporate Events &amp; Incentives","article_modified_time":"2025-04-01T09:16:17+00:00","og_image":[{"width":1920,"height":1280,"url":"https:\/\/insuitedmc.com\/wp-content\/uploads\/2024\/07\/lanzarote-mice-eventos.jpg","type":"image\/jpeg"}],"twitter_card":"summary_large_image","twitter_misc":{"Est. reading time":"4 minutes"},"schema":{"@context":"https:\/\/schema.org","@graph":[{"@type":"WebPage","@id":"https:\/\/insuitedmc.com\/en\/mice-agency\/lanzarote\/","url":"https:\/\/insuitedmc.com\/en\/mice-agency\/lanzarote\/","name":"Lanzarote MICE Agency | inSuite Corporate Events","isPartOf":{"@id":"https:\/\/insuitedmc.com\/#website"},"primaryImageOfPage":{"@id":"https:\/\/insuitedmc.com\/en\/mice-agency\/lanzarote\/#primaryimage"},"image":{"@id":"https:\/\/insuitedmc.com\/en\/mice-agency\/lanzarote\/#primaryimage"},"thumbnailUrl":"https:\/\/insuitedmc.com\/wp-content\/uploads\/2024\/07\/lanzarote-mice-eventos.jpg","datePublished":"2024-07-02T17:54:10+00:00","dateModified":"2025-04-01T09:16:17+00:00","description":"MICE agency in Lanzarote specializing in corporate events, incentives, and conferences. Experience unique venues, seamless logistics, and stunning landscapes.","breadcrumb":{"@id":"https:\/\/insuitedmc.com\/en\/mice-agency\/lanzarote\/#breadcrumb"},"inLanguage":"en-US","potentialAction":[{"@type":"ReadAction","target":["https:\/\/insuitedmc.com\/en\/mice-agency\/lanzarote\/"]}]},{"@type":"ImageObject","inLanguage":"en-US","@id":"https:\/\/insuitedmc.com\/en\/mice-agency\/lanzarote\/#primaryimage","url":"https:\/\/insuitedmc.com\/wp-content\/uploads\/2024\/07\/lanzarote-mice-eventos.jpg","contentUrl":"https:\/\/insuitedmc.com\/wp-content\/uploads\/2024\/07\/lanzarote-mice-eventos.jpg","width":1920,"height":1280,"caption":"Lanzarote MICE events in the Canary Islands"},{"@type":"BreadcrumbList","@id":"https:\/\/insuitedmc.com\/en\/mice-agency\/lanzarote\/#breadcrumb","itemListElement":[{"@type":"ListItem","position":1,"name":"Portada","item":"https:\/\/insuitedmc.com\/"},{"@type":"ListItem","position":2,"name":"MICE Agency","item":"https:\/\/insuitedmc.com\/en\/mice-agency\/"},{"@type":"ListItem","position":3,"name":"Lanzarote"}]},{"@type":"WebSite","@id":"https:\/\/insuitedmc.com\/#website","url":"https:\/\/insuitedmc.com\/","name":"inSuite Corporate Events &amp; Incentives","description":"inSuite es una reconocida agencia MICE, experta en la organizaci\u00f3n de eventos corporativos en las Islas Canarias. Nuestra esencia reside en la planificaci\u00f3n meticulosa y la ejecuci\u00f3n de cada encuentro, reflejando la identidad y los valores de las empresas con las que colaboramos.","potentialAction":[{"@type":"SearchAction","target":{"@type":"EntryPoint","urlTemplate":"https:\/\/insuitedmc.com\/?s={search_term_string}"},"query-input":{"@type":"PropertyValueSpecification","valueRequired":true,"valueName":"search_term_string"}}],"inLanguage":"en-US"}]}},"_links":{"self":[{"href":"https:\/\/insuitedmc.com\/en\/wp-json\/wp\/v2\/pages\/132305","targetHints":{"allow":["GET"]}}],"collection":[{"href":"https:\/\/insuitedmc.com\/en\/wp-json\/wp\/v2\/pages"}],"about":[{"href":"https:\/\/insuitedmc.com\/en\/wp-json\/wp\/v2\/types\/page"}],"author":[{"embeddable":true,"href":"https:\/\/insuitedmc.com\/en\/wp-json\/wp\/v2\/users\/1"}],"replies":[{"embeddable":true,"href":"https:\/\/insuitedmc.com\/en\/wp-json\/wp\/v2\/comments?post=132305"}],"version-history":[{"count":12,"href":"https:\/\/insuitedmc.com\/en\/wp-json\/wp\/v2\/pages\/132305\/revisions"}],"predecessor-version":[{"id":132993,"href":"https:\/\/insuitedmc.com\/en\/wp-json\/wp\/v2\/pages\/132305\/revisions\/132993"}],"up":[{"embeddable":true,"href":"https:\/\/insuitedmc.com\/en\/wp-json\/wp\/v2\/pages\/131732"}],"wp:featuredmedia":[{"embeddable":true,"href":"https:\/\/insuitedmc.com\/en\/wp-json\/wp\/v2\/media\/132087"}],"wp:attachment":[{"href":"https:\/\/insuitedmc.com\/en\/wp-json\/wp\/v2\/media?parent=132305"}],"curies":[{"name":"wp","href":"https:\/\/api.w.org\/{rel}","templated":true}]}}