{"id":132316,"date":"2024-07-02T19:25:49","date_gmt":"2024-07-02T17:25:49","guid":{"rendered":"https:\/\/insuitedmc.com\/canary-islands\/"},"modified":"2025-04-01T11:13:02","modified_gmt":"2025-04-01T09:13:02","slug":"canary-islands","status":"publish","type":"page","link":"https:\/\/insuitedmc.com\/en\/canary-islands\/","title":{"rendered":"Canary Islands"},"content":{"rendered":"<div class=\"wpb-content-wrapper\"><p>[vc_row unlock_row_content=&#8221;yes&#8221; row_height_percent=&#8221;0&#8243; override_padding=&#8221;yes&#8221; h_padding=&#8221;3&#8243; top_padding=&#8221;3&#8243; bottom_padding=&#8221;3&#8243; back_color=&#8221;color-258196&#8243; overlay_alpha=&#8221;100&#8243; gutter_size=&#8221;100&#8243; column_width_percent=&#8221;100&#8243; shift_y=&#8221;0&#8243; z_index=&#8221;0&#8243; content_parallax=&#8221;0&#8243; style=&#8221;inherited&#8221; uncode_shortcode_id=&#8221;165363&#8243; back_color_type=&#8221;uncode-palette&#8221;][vc_column column_width_percent=&#8221;100&#8243; gutter_size=&#8221;3&#8243; style=&#8221;dark&#8221; overlay_alpha=&#8221;50&#8243; shift_x=&#8221;0&#8243; shift_y=&#8221;0&#8243; shift_y_down=&#8221;0&#8243; z_index=&#8221;0&#8243; medium_width=&#8221;0&#8243; mobile_width=&#8221;0&#8243; zoom_width=&#8221;0&#8243; zoom_height=&#8221;0&#8243; width=&#8221;1\/2&#8243; uncode_shortcode_id=&#8221;164315&#8243;][vc_custom_heading text_color=&#8221;accent&#8221; heading_semantic=&#8221;h1&#8243; text_font=&#8221;font-103749&#8243; text_size=&#8221;fontsize-338686&#8243; text_weight=&#8221;200&#8243; text_transform=&#8221;uppercase&#8221; text_height=&#8221;fontheight-179065&#8243; uncode_shortcode_id=&#8221;267162&#8243; text_color_type=&#8221;uncode-palette&#8221;]Canary Islands[\/vc_custom_heading][vc_row_inner limit_content=&#8221;&#8221;][vc_column_inner column_width_percent=&#8221;100&#8243; gutter_size=&#8221;1&#8243; style=&#8221;dark&#8221; overlay_alpha=&#8221;50&#8243; shift_x=&#8221;0&#8243; shift_y=&#8221;0&#8243; shift_y_down=&#8221;0&#8243; z_index=&#8221;0&#8243; medium_width=&#8221;0&#8243; mobile_width=&#8221;0&#8243; width=&#8221;1\/2&#8243; uncode_shortcode_id=&#8221;317558&#8243;][uncode_counter value=&#8221;148&#8243; counter_color=&#8221;&#8221; font=&#8221;font-760540&#8243; size=&#8221;fontsize-445851&#8243; weight=&#8221;700&#8243; height=&#8221;fontheight-161249&#8243; css_animation=&#8221;alpha-anim&#8221; animation_delay=&#8221;400&#8243; uncode_shortcode_id=&#8221;509912&#8243;][vc_custom_heading heading_semantic=&#8221;h4&#8243; text_font=&#8221;font-760540&#8243; text_size=&#8221;h5&#8243; text_weight=&#8221;400&#8243; css_animation=&#8221;alpha-anim&#8221; animation_delay=&#8221;200&#8243; uncode_shortcode_id=&#8221;967610&#8243;]Direct Destinations[\/vc_custom_heading][\/vc_column_inner][vc_column_inner column_width_percent=&#8221;100&#8243; gutter_size=&#8221;1&#8243; style=&#8221;dark&#8221; overlay_alpha=&#8221;50&#8243; shift_x=&#8221;0&#8243; shift_y=&#8221;0&#8243; shift_y_down=&#8221;0&#8243; z_index=&#8221;0&#8243; medium_width=&#8221;0&#8243; mobile_width=&#8221;0&#8243; width=&#8221;1\/2&#8243; uncode_shortcode_id=&#8221;529020&#8243;][uncode_counter value=&#8221;4.8&#8243; counter_color=&#8221;&#8221; font=&#8221;font-760540&#8243; size=&#8221;fontsize-445851&#8243; weight=&#8221;700&#8243; height=&#8221;fontheight-161249&#8243; css_animation=&#8221;alpha-anim&#8221; animation_delay=&#8221;500&#8243; uncode_shortcode_id=&#8221;436720&#8243; suffix=&#8221;K&#8221;][vc_custom_heading heading_semantic=&#8221;h4&#8243; text_font=&#8221;font-760540&#8243; text_size=&#8221;h5&#8243; text_weight=&#8221;400&#8243; css_animation=&#8221;alpha-anim&#8221; animation_delay=&#8221;200&#8243; uncode_shortcode_id=&#8221;135124&#8243;]Horas de sol al a\u00f1o[\/vc_custom_heading][\/vc_column_inner][\/vc_row_inner][vc_row_inner limit_content=&#8221;&#8221;][vc_column_inner column_width_percent=&#8221;100&#8243; gutter_size=&#8221;1&#8243; style=&#8221;dark&#8221; overlay_alpha=&#8221;50&#8243; shift_x=&#8221;0&#8243; shift_y=&#8221;0&#8243; shift_y_down=&#8221;0&#8243; z_index=&#8221;0&#8243; medium_width=&#8221;0&#8243; mobile_width=&#8221;0&#8243; width=&#8221;1\/2&#8243; uncode_shortcode_id=&#8221;112058&#8243;][uncode_counter value=&#8221;4&#8243; counter_color=&#8221;&#8221; font=&#8221;font-760540&#8243; size=&#8221;fontsize-445851&#8243; weight=&#8221;700&#8243; height=&#8221;fontheight-161249&#8243; css_animation=&#8221;alpha-anim&#8221; animation_delay=&#8221;400&#8243; uncode_shortcode_id=&#8221;194589&#8243;][vc_custom_heading heading_semantic=&#8221;h4&#8243; text_font=&#8221;font-760540&#8243; text_size=&#8221;h5&#8243; text_weight=&#8221;400&#8243; css_animation=&#8221;alpha-anim&#8221; animation_delay=&#8221;200&#8243; uncode_shortcode_id=&#8221;116377&#8243;]National Parks[\/vc_custom_heading][\/vc_column_inner][vc_column_inner column_width_percent=&#8221;100&#8243; gutter_size=&#8221;1&#8243; style=&#8221;dark&#8221; overlay_alpha=&#8221;50&#8243; shift_x=&#8221;0&#8243; shift_y=&#8221;0&#8243; shift_y_down=&#8221;0&#8243; z_index=&#8221;0&#8243; medium_width=&#8221;0&#8243; mobile_width=&#8221;0&#8243; width=&#8221;1\/2&#8243; uncode_shortcode_id=&#8221;103674&#8243;][uncode_counter value=&#8221;8&#8243; counter_color=&#8221;&#8221; font=&#8221;font-760540&#8243; size=&#8221;fontsize-445851&#8243; weight=&#8221;700&#8243; height=&#8221;fontheight-161249&#8243; css_animation=&#8221;alpha-anim&#8221; animation_delay=&#8221;500&#8243; uncode_shortcode_id=&#8221;327957&#8243;][vc_custom_heading heading_semantic=&#8221;h4&#8243; text_font=&#8221;font-760540&#8243; text_size=&#8221;h5&#8243; text_weight=&#8221;400&#8243; css_animation=&#8221;alpha-anim&#8221; animation_delay=&#8221;200&#8243; uncode_shortcode_id=&#8221;433014&#8243;]Congress Palaces[\/vc_custom_heading][\/vc_column_inner][\/vc_row_inner][\/vc_column][vc_column column_width_percent=&#8221;100&#8243; gutter_size=&#8221;3&#8243; style=&#8221;dark&#8221; overlay_alpha=&#8221;50&#8243; shift_x=&#8221;0&#8243; shift_y=&#8221;0&#8243; shift_y_down=&#8221;0&#8243; z_index=&#8221;0&#8243; medium_width=&#8221;0&#8243; mobile_width=&#8221;0&#8243; width=&#8221;1\/2&#8243; uncode_shortcode_id=&#8221;201628&#8243;][uncode_index el_id=&#8221;index-73887442535635&#8243; loop=&#8221;size:4|order_by:date|post_type:page|by_id:130823,130821,130809,130802|taxonomy_count:10&#8243; style_preset=&#8221;metro&#8221; index_back_color=&#8221;color-rgdb&#8221; screen_lg=&#8221;1000&#8243; screen_md=&#8221;600&#8243; screen_sm=&#8221;480&#8243; gutter_size=&#8221;0&#8243; post_items=&#8221;icon,title,text|excerpt|76,author&#8221; portfolio_items=&#8221;title,media|featured|onpost|original,category&#8221; single_text=&#8221;overlay&#8221; single_width=&#8221;3&#8243; single_height=&#8221;3&#8243; single_back_color=&#8221;color-xsdn&#8221; single_overlay_color=&#8221;accent&#8221; single_overlay_opacity=&#8221;80&#8243; single_image_color_anim=&#8221;yes&#8221; single_h_align=&#8221;center&#8221; single_padding=&#8221;2&#8243; single_title_dimension=&#8221;h2&#8243; single_border=&#8221;yes&#8221; single_css_animation=&#8221;zoom-in&#8221; single_animation_delay=&#8221;200&#8243; post_matrix=&#8221;matrix&#8221; single_image_anim_move=&#8221;yes&#8221; footer_position=&#8221;left&#8221; carousel_rtl=&#8221;&#8221; single_title_serif=&#8221;&#8221; single_no_background=&#8221;&#8221; order_ids=&#8221;4089,4087,4146,4142,4140&#8243; single_icon=&#8221;fa fa-plus2&#8243; matrix_items=&#8221;eyIwX2kiOnsic2luZ2xlX3dpZHRoIjoiMyIsInNpbmdsZV9oZWlnaHQiOiIzIiwic2luZ2xlX2ZsdWlkX2hlaWdodCI6IjkwIn19&#8243; uncode_shortcode_id=&#8221;378301&#8243; index_back_color_type=&#8221;uncode-palette&#8221;][\/vc_column][\/vc_row]<\/p>\n<\/div>","protected":false},"excerpt":{"rendered":"<p>[vc_row unlock_row_content=&#8221;yes&#8221; row_height_percent=&#8221;0&#8243; override_padding=&#8221;yes&#8221; h_padding=&#8221;3&#8243; top_padding=&#8221;3&#8243; bottom_padding=&#8221;3&#8243; back_color=&#8221;color-258196&#8243; overlay_alpha=&#8221;100&#8243; gutter_size=&#8221;100&#8243; column_width_percent=&#8221;100&#8243; shift_y=&#8221;0&#8243; z_index=&#8221;0&#8243; content_parallax=&#8221;0&#8243; style=&#8221;inherited&#8221; uncode_shortcode_id=&#8221;165363&#8243; back_color_type=&#8221;uncode-palette&#8221;][vc_column column_width_percent=&#8221;100&#8243; gutter_size=&#8221;3&#8243; style=&#8221;dark&#8221; [&hellip;]<\/p>\n","protected":false},"author":1,"featured_media":0,"parent":0,"menu_order":0,"comment_status":"closed","ping_status":"closed","template":"","meta":{"footnotes":""},"class_list":["post-132316","page","type-page","status-publish","hentry"],"yoast_head":"<!-- This site is optimized with the Yoast SEO plugin v24.8.1 - https:\/\/yoast.com\/wordpress\/plugins\/seo\/ -->\n<title>Canary Islands MICE Agency | inSuite Corporate Events<\/title>\n<meta name=\"description\" content=\"MICE agency in the Canary Islands specializing in seamless corporate events, incentives, and conferences in stunning venues across the archipelago.\" \/>\n<meta name=\"robots\" content=\"index, follow, max-snippet:-1, max-image-preview:large, max-video-preview:-1\" \/>\n<link rel=\"canonical\" href=\"https:\/\/insuitedmc.com\/en\/canary-islands\/\" \/>\n<meta property=\"og:locale\" content=\"en_US\" \/>\n<meta property=\"og:type\" content=\"article\" \/>\n<meta property=\"og:title\" content=\"Canary Islands MICE Agency | inSuite Corporate Events\" \/>\n<meta property=\"og:description\" content=\"MICE agency in the Canary Islands specializing in seamless corporate events, incentives, and conferences in stunning venues across the archipelago.\" \/>\n<meta property=\"og:url\" content=\"https:\/\/insuitedmc.com\/en\/canary-islands\/\" \/>\n<meta property=\"og:site_name\" content=\"inSuite Corporate Events &amp; Incentives\" \/>\n<meta property=\"article:modified_time\" content=\"2025-04-01T09:13:02+00:00\" \/>\n<meta name=\"twitter:card\" content=\"summary_large_image\" \/>\n<meta name=\"twitter:label1\" content=\"Est. reading time\" \/>\n\t<meta name=\"twitter:data1\" content=\"1 minute\" \/>\n<script type=\"application\/ld+json\" class=\"yoast-schema-graph\">{\"@context\":\"https:\/\/schema.org\",\"@graph\":[{\"@type\":\"WebPage\",\"@id\":\"https:\/\/insuitedmc.com\/en\/canary-islands\/\",\"url\":\"https:\/\/insuitedmc.com\/en\/canary-islands\/\",\"name\":\"Canary Islands MICE Agency | inSuite Corporate Events\",\"isPartOf\":{\"@id\":\"https:\/\/insuitedmc.com\/#website\"},\"datePublished\":\"2024-07-02T17:25:49+00:00\",\"dateModified\":\"2025-04-01T09:13:02+00:00\",\"description\":\"MICE agency in the Canary Islands specializing in seamless corporate events, incentives, and conferences in stunning venues across the archipelago.\",\"breadcrumb\":{\"@id\":\"https:\/\/insuitedmc.com\/en\/canary-islands\/#breadcrumb\"},\"inLanguage\":\"en-US\",\"potentialAction\":[{\"@type\":\"ReadAction\",\"target\":[\"https:\/\/insuitedmc.com\/en\/canary-islands\/\"]}]},{\"@type\":\"BreadcrumbList\",\"@id\":\"https:\/\/insuitedmc.com\/en\/canary-islands\/#breadcrumb\",\"itemListElement\":[{\"@type\":\"ListItem\",\"position\":1,\"name\":\"Portada\",\"item\":\"https:\/\/insuitedmc.com\/\"},{\"@type\":\"ListItem\",\"position\":2,\"name\":\"Canary Islands\"}]},{\"@type\":\"WebSite\",\"@id\":\"https:\/\/insuitedmc.com\/#website\",\"url\":\"https:\/\/insuitedmc.com\/\",\"name\":\"inSuite Corporate Events &amp; Incentives\",\"description\":\"inSuite es una reconocida agencia MICE, experta en la organizaci\u00f3n de eventos corporativos en las Islas Canarias. Nuestra esencia reside en la planificaci\u00f3n meticulosa y la ejecuci\u00f3n de cada encuentro, reflejando la identidad y los valores de las empresas con las que colaboramos.\",\"potentialAction\":[{\"@type\":\"SearchAction\",\"target\":{\"@type\":\"EntryPoint\",\"urlTemplate\":\"https:\/\/insuitedmc.com\/?s={search_term_string}\"},\"query-input\":{\"@type\":\"PropertyValueSpecification\",\"valueRequired\":true,\"valueName\":\"search_term_string\"}}],\"inLanguage\":\"en-US\"}]}<\/script>\n<!-- \/ Yoast SEO plugin. -->","yoast_head_json":{"title":"Canary Islands MICE Agency | inSuite Corporate Events","description":"MICE agency in the Canary Islands specializing in seamless corporate events, incentives, and conferences in stunning venues across the archipelago.","robots":{"index":"index","follow":"follow","max-snippet":"max-snippet:-1","max-image-preview":"max-image-preview:large","max-video-preview":"max-video-preview:-1"},"canonical":"https:\/\/insuitedmc.com\/en\/canary-islands\/","og_locale":"en_US","og_type":"article","og_title":"Canary Islands MICE Agency | inSuite Corporate Events","og_description":"MICE agency in the Canary Islands specializing in seamless corporate events, incentives, and conferences in stunning venues across the archipelago.","og_url":"https:\/\/insuitedmc.com\/en\/canary-islands\/","og_site_name":"inSuite Corporate Events &amp; Incentives","article_modified_time":"2025-04-01T09:13:02+00:00","twitter_card":"summary_large_image","twitter_misc":{"Est. reading time":"1 minute"},"schema":{"@context":"https:\/\/schema.org","@graph":[{"@type":"WebPage","@id":"https:\/\/insuitedmc.com\/en\/canary-islands\/","url":"https:\/\/insuitedmc.com\/en\/canary-islands\/","name":"Canary Islands MICE Agency | inSuite Corporate Events","isPartOf":{"@id":"https:\/\/insuitedmc.com\/#website"},"datePublished":"2024-07-02T17:25:49+00:00","dateModified":"2025-04-01T09:13:02+00:00","description":"MICE agency in the Canary Islands specializing in seamless corporate events, incentives, and conferences in stunning venues across the archipelago.","breadcrumb":{"@id":"https:\/\/insuitedmc.com\/en\/canary-islands\/#breadcrumb"},"inLanguage":"en-US","potentialAction":[{"@type":"ReadAction","target":["https:\/\/insuitedmc.com\/en\/canary-islands\/"]}]},{"@type":"BreadcrumbList","@id":"https:\/\/insuitedmc.com\/en\/canary-islands\/#breadcrumb","itemListElement":[{"@type":"ListItem","position":1,"name":"Portada","item":"https:\/\/insuitedmc.com\/"},{"@type":"ListItem","position":2,"name":"Canary Islands"}]},{"@type":"WebSite","@id":"https:\/\/insuitedmc.com\/#website","url":"https:\/\/insuitedmc.com\/","name":"inSuite Corporate Events &amp; Incentives","description":"inSuite es una reconocida agencia MICE, experta en la organizaci\u00f3n de eventos corporativos en las Islas Canarias. Nuestra esencia reside en la planificaci\u00f3n meticulosa y la ejecuci\u00f3n de cada encuentro, reflejando la identidad y los valores de las empresas con las que colaboramos.","potentialAction":[{"@type":"SearchAction","target":{"@type":"EntryPoint","urlTemplate":"https:\/\/insuitedmc.com\/?s={search_term_string}"},"query-input":{"@type":"PropertyValueSpecification","valueRequired":true,"valueName":"search_term_string"}}],"inLanguage":"en-US"}]}},"_links":{"self":[{"href":"https:\/\/insuitedmc.com\/en\/wp-json\/wp\/v2\/pages\/132316","targetHints":{"allow":["GET"]}}],"collection":[{"href":"https:\/\/insuitedmc.com\/en\/wp-json\/wp\/v2\/pages"}],"about":[{"href":"https:\/\/insuitedmc.com\/en\/wp-json\/wp\/v2\/types\/page"}],"author":[{"embeddable":true,"href":"https:\/\/insuitedmc.com\/en\/wp-json\/wp\/v2\/users\/1"}],"replies":[{"embeddable":true,"href":"https:\/\/insuitedmc.com\/en\/wp-json\/wp\/v2\/comments?post=132316"}],"version-history":[{"count":9,"href":"https:\/\/insuitedmc.com\/en\/wp-json\/wp\/v2\/pages\/132316\/revisions"}],"predecessor-version":[{"id":132989,"href":"https:\/\/insuitedmc.com\/en\/wp-json\/wp\/v2\/pages\/132316\/revisions\/132989"}],"wp:attachment":[{"href":"https:\/\/insuitedmc.com\/en\/wp-json\/wp\/v2\/media?parent=132316"}],"curies":[{"name":"wp","href":"https:\/\/api.w.org\/{rel}","templated":true}]}}