{"id":132323,"date":"2024-08-16T12:09:30","date_gmt":"2024-08-16T10:09:30","guid":{"rendered":"https:\/\/insuitedmc.com\/mice-agency\/corporate-social-responsibility\/"},"modified":"2025-04-01T11:13:45","modified_gmt":"2025-04-01T09:13:45","slug":"corporate-social-responsibility","status":"publish","type":"page","link":"https:\/\/insuitedmc.com\/en\/mice-agency\/corporate-social-responsibility\/","title":{"rendered":"Corporate Social Responsibility"},"content":{"rendered":"<div class=\"wpb-content-wrapper\"><p>[vc_row row_height_percent=&#8221;70&#8243; back_color=&#8221;color-wayh&#8221; back_image=&#8221;131051&#8243; back_position=&#8221;center bottom&#8221; overlay_alpha=&#8221;50&#8243; gutter_size=&#8221;3&#8243; column_width_percent=&#8221;100&#8243; shift_y=&#8221;0&#8243; z_index=&#8221;0&#8243; uncode_shortcode_id=&#8221;212241&#8243; back_color_type=&#8221;uncode-palette&#8221;][vc_column column_width_percent=&#8221;100&#8243; gutter_size=&#8221;3&#8243; style=&#8221;dark&#8221; overlay_alpha=&#8221;50&#8243; shift_x=&#8221;0&#8243; shift_y=&#8221;0&#8243; shift_y_down=&#8221;0&#8243; z_index=&#8221;0&#8243; medium_width=&#8221;0&#8243; mobile_width=&#8221;0&#8243; width=&#8221;1\/1&#8243;][\/vc_column][\/vc_row][vc_row row_height_percent=&#8221;0&#8243; override_padding=&#8221;yes&#8221; h_padding=&#8221;2&#8243; top_padding=&#8221;0&#8243; bottom_padding=&#8221;0&#8243; overlay_alpha=&#8221;50&#8243; gutter_size=&#8221;3&#8243; column_width_percent=&#8221;100&#8243; shift_y=&#8221;0&#8243; z_index=&#8221;0&#8243; medium_visibility=&#8221;yes&#8221; mobile_visibility=&#8221;yes&#8221; uncode_shortcode_id=&#8221;177246&#8243;][vc_column column_width_percent=&#8221;100&#8243; gutter_size=&#8221;3&#8243; override_padding=&#8221;yes&#8221; column_padding=&#8221;3&#8243; back_color=&#8221;color-xsdn&#8221; overlay_alpha=&#8221;50&#8243; shift_x=&#8221;0&#8243; shift_y=&#8221;-4&#8243; shift_y_fixed=&#8221;yes&#8221; shift_y_down=&#8221;0&#8243; z_index=&#8221;0&#8243; medium_width=&#8221;0&#8243; mobile_width=&#8221;0&#8243; width=&#8221;1\/1&#8243;][vc_row_inner row_inner_height_percent=&#8221;0&#8243; overlay_alpha=&#8221;50&#8243; equal_height=&#8221;yes&#8221; gutter_size=&#8221;0&#8243; shift_y=&#8221;0&#8243; limit_content=&#8221;&#8221;][vc_column_inner column_width_percent=&#8221;100&#8243; position_vertical=&#8221;middle&#8221; align_horizontal=&#8221;align_center&#8221; gutter_size=&#8221;3&#8243; override_padding=&#8221;yes&#8221; column_padding=&#8221;3&#8243; overlay_alpha=&#8221;50&#8243; preserve_border=&#8221;yes&#8221; preserve_border_tablet=&#8221;yes&#8221; border_color=&#8221;color-gyho&#8221; border_style=&#8221;solid&#8221; shift_x=&#8221;0&#8243; shift_y=&#8221;0&#8243; shift_y_down=&#8221;0&#8243; z_index=&#8221;0&#8243; medium_visibility=&#8221;yes&#8221; medium_width=&#8221;2&#8243; mobile_width=&#8221;0&#8243; width=&#8221;3\/12&#8243; css=&#8221;.vc_custom_1723833809034{border-right-width: 1px !important;}&#8221; uncode_shortcode_id=&#8221;155520&#8243; border_color_type=&#8221;uncode-palette&#8221;][vc_custom_heading text_color=&#8221;accent&#8221; heading_semantic=&#8221;h3&#8243; text_font=&#8221;font-103749&#8243; text_size=&#8221;h3&#8243; text_weight=&#8221;400&#8243; text_transform=&#8221;uppercase&#8221; text_space=&#8221;fontspace-781688&#8243; uncode_shortcode_id=&#8221;378452&#8243; text_color_type=&#8221;uncode-palette&#8221;]CSR[\/vc_custom_heading][\/vc_column_inner][vc_column_inner column_width_percent=&#8221;100&#8243; position_vertical=&#8221;middle&#8221; gutter_size=&#8221;3&#8243; override_padding=&#8221;yes&#8221; column_padding=&#8221;3&#8243; overlay_alpha=&#8221;50&#8243; shift_x=&#8221;0&#8243; shift_y=&#8221;0&#8243; shift_y_down=&#8221;0&#8243; z_index=&#8221;0&#8243; medium_width=&#8221;6&#8243; align_mobile=&#8221;align_center_mobile&#8221; mobile_width=&#8221;0&#8243; width=&#8221;9\/12&#8243;][vc_custom_heading heading_semantic=&#8221;h1&#8243; text_font=&#8221;font-103749&#8243; text_size=&#8221;fontsize-155944&#8243; text_weight=&#8221;400&#8243; text_space=&#8221;fontspace-781688&#8243; uncode_shortcode_id=&#8221;344215&#8243;]Corporate Social Responsibility[\/vc_custom_heading][\/vc_column_inner][\/vc_row_inner][\/vc_column][\/vc_row][vc_row row_height_percent=&#8221;0&#8243; override_padding=&#8221;yes&#8221; h_padding=&#8221;2&#8243; top_padding=&#8221;0&#8243; bottom_padding=&#8221;0&#8243; overlay_alpha=&#8221;50&#8243; gutter_size=&#8221;3&#8243; column_width_percent=&#8221;100&#8243; shift_y=&#8221;0&#8243; z_index=&#8221;0&#8243; desktop_visibility=&#8221;yes&#8221; uncode_shortcode_id=&#8221;557985&#8243;][vc_column column_width_percent=&#8221;100&#8243; align_horizontal=&#8221;align_center&#8221; gutter_size=&#8221;3&#8243; override_padding=&#8221;yes&#8221; column_padding=&#8221;3&#8243; back_color=&#8221;color-xsdn&#8221; overlay_alpha=&#8221;50&#8243; shift_x=&#8221;0&#8243; shift_y=&#8221;-4&#8243; shift_y_fixed=&#8221;yes&#8221; shift_y_down=&#8221;0&#8243; z_index=&#8221;0&#8243; medium_width=&#8221;0&#8243; mobile_width=&#8221;0&#8243; width=&#8221;1\/1&#8243; uncode_shortcode_id=&#8221;105164&#8243; back_color_type=&#8221;uncode-palette&#8221;][vc_custom_heading text_color=&#8221;accent&#8221; heading_semantic=&#8221;h4&#8243; text_font=&#8221;font-103749&#8243; text_size=&#8221;h4&#8243; text_weight=&#8221;400&#8243; text_transform=&#8221;uppercase&#8221; text_space=&#8221;fontspace-781688&#8243; uncode_shortcode_id=&#8221;130473&#8243; text_color_type=&#8221;uncode-palette&#8221;]CSR[\/vc_custom_heading][vc_custom_heading text_font=&#8221;font-103749&#8243; text_weight=&#8221;400&#8243; text_space=&#8221;fontspace-781688&#8243; uncode_shortcode_id=&#8221;159313&#8243;]Corporate Social Responsibility[\/vc_custom_heading][\/vc_column][\/vc_row][vc_row row_height_percent=&#8221;0&#8243; override_padding=&#8221;yes&#8221; h_padding=&#8221;2&#8243; top_padding=&#8221;3&#8243; bottom_padding=&#8221;3&#8243; overlay_alpha=&#8221;50&#8243; gutter_size=&#8221;3&#8243; column_width_percent=&#8221;100&#8243; shift_y=&#8221;0&#8243; z_index=&#8221;0&#8243; uncode_shortcode_id=&#8221;670443&#8243;][vc_column column_width_percent=&#8221;100&#8243; gutter_size=&#8221;3&#8243; override_padding=&#8221;yes&#8221; column_padding=&#8221;3&#8243; back_color=&#8221;color-xsdn&#8221; overlay_alpha=&#8221;50&#8243; shift_x=&#8221;0&#8243; shift_y=&#8221;-4&#8243; shift_y_fixed=&#8221;yes&#8221; shift_y_down=&#8221;0&#8243; z_index=&#8221;0&#8243; medium_width=&#8221;0&#8243; mobile_width=&#8221;0&#8243; width=&#8221;1\/1&#8243;][vc_column_text text_lead=&#8221;yes&#8221; uncode_shortcode_id=&#8221;616882&#8243;]inSuite is committed to improving its immediate environment and promoting sustainable development in the Canary Islands. Corporate Social Responsibility (CSR) is more than a concept for us: it is the essence of our daily operations, a commitment deeply rooted in the company since its inception.<\/p>\n<p>This responsibility is embodied through a three-dimensional approach:[\/vc_column_text][\/vc_column][\/vc_row][vc_row unlock_row_content=&#8221;yes&#8221; row_height_percent=&#8221;0&#8243; override_padding=&#8221;yes&#8221; h_padding=&#8221;0&#8243; top_padding=&#8221;0&#8243; bottom_padding=&#8221;0&#8243; back_color=&#8221;accent&#8221; overlay_alpha=&#8221;50&#8243; gutter_size=&#8221;0&#8243; column_width_percent=&#8221;100&#8243; shift_y=&#8221;0&#8243; z_index=&#8221;0&#8243; uncode_shortcode_id=&#8221;124992&#8243; back_color_type=&#8221;uncode-palette&#8221;][vc_column column_width_percent=&#8221;100&#8243; align_horizontal=&#8221;align_center&#8221; gutter_size=&#8221;3&#8243; style=&#8221;dark&#8221; font_family=&#8221;font-469684&#8243; overlay_alpha=&#8221;50&#8243; shift_x=&#8221;0&#8243; shift_y=&#8221;0&#8243; shift_y_down=&#8221;0&#8243; z_index=&#8221;0&#8243; medium_width=&#8221;0&#8243; mobile_width=&#8221;0&#8243; width=&#8221;1\/1&#8243; uncode_shortcode_id=&#8221;117439&#8243;][vc_row_inner row_inner_height_percent=&#8221;0&#8243; overlay_alpha=&#8221;50&#8243; equal_height=&#8221;yes&#8221; gutter_size=&#8221;0&#8243; shift_y=&#8221;0&#8243; z_index=&#8221;0&#8243; limit_content=&#8221;&#8221;][vc_column_inner column_width_percent=&#8221;100&#8243; gutter_size=&#8221;2&#8243; override_padding=&#8221;yes&#8221; column_padding=&#8221;5&#8243; style=&#8221;dark&#8221; overlay_alpha=&#8221;50&#8243; radius=&#8221;sm&#8221; shift_x=&#8221;0&#8243; shift_y=&#8221;0&#8243; shift_y_down=&#8221;0&#8243; z_index=&#8221;0&#8243; medium_width=&#8221;0&#8243; mobile_width=&#8221;0&#8243; css_animation=&#8221;alpha-anim&#8221; animation_speed=&#8221;1000&#8243; width=&#8221;1\/3&#8243; uncode_shortcode_id=&#8221;127947&#8243;][vc_custom_heading text_font=&#8221;font-760540&#8243; text_size=&#8221;fontsize-155944&#8243; text_weight=&#8221;500&#8243; text_height=&#8221;fontheight-578034&#8243; uncode_shortcode_id=&#8221;313339&#8243;]01[\/vc_custom_heading][vc_custom_heading text_font=&#8221;font-103749&#8243; text_weight=&#8221;500&#8243; text_transform=&#8221;uppercase&#8221; text_height=&#8221;fontheight-357766&#8243; subheading=&#8221;We are ambassadors of the Canary Islands\u2019 natural environment, integrating sustainable practices that minimise our ecological footprint and promote environmental awareness at every event we organize. For instance, a few years ago we embarked on the adventure of growing an inSuite Forest year by year in collaboration with the Canary Islands Foundation for Reforestation (FORESTA). To date, we have planted more than 200 trees that help offset the carbon footprint of the corporate events we organise.&#8221; uncode_shortcode_id=&#8221;251982&#8243;]Environmental[\/vc_custom_heading][\/vc_column_inner][vc_column_inner column_width_percent=&#8221;100&#8243; gutter_size=&#8221;2&#8243; override_padding=&#8221;yes&#8221; column_padding=&#8221;5&#8243; style=&#8221;dark&#8221; overlay_color=&#8221;color-jevc&#8221; overlay_alpha=&#8221;5&#8243; radius=&#8221;sm&#8221; shift_x=&#8221;0&#8243; shift_y=&#8221;0&#8243; shift_y_down=&#8221;0&#8243; z_index=&#8221;0&#8243; medium_width=&#8221;0&#8243; mobile_width=&#8221;0&#8243; css_animation=&#8221;alpha-anim&#8221; animation_speed=&#8221;1000&#8243; animation_delay=&#8221;200&#8243; width=&#8221;1\/3&#8243; uncode_shortcode_id=&#8221;864114&#8243; overlay_color_type=&#8221;uncode-palette&#8221;][vc_custom_heading text_font=&#8221;font-760540&#8243; text_size=&#8221;fontsize-155944&#8243; text_weight=&#8221;500&#8243; text_height=&#8221;fontheight-578034&#8243; uncode_shortcode_id=&#8221;535362&#8243;]02[\/vc_custom_heading][vc_custom_heading text_font=&#8221;font-103749&#8243; text_weight=&#8221;500&#8243; text_transform=&#8221;uppercase&#8221; text_height=&#8221;fontheight-357766&#8243; subheading=&#8221;We foster the local economy by involving regional suppliers and artisans in our events. This supports local employment, and ensures that the benefits of tourism and event organisation are widely distributed across our community. We believe that employing local suppliers for our activities not only enriches the stakeholders involved but also highlights the value of our product and work. Moreover, the activities included in our programmes are adapted to the different seasons of the year in which they take place. This allows us to leverage natural resources specific to the time and promote the natural development of the Canary Island&#8217;s flora and fauna.&#8221; uncode_shortcode_id=&#8221;180954&#8243;]Economic[\/vc_custom_heading][\/vc_column_inner][vc_column_inner column_width_percent=&#8221;100&#8243; gutter_size=&#8221;2&#8243; override_padding=&#8221;yes&#8221; column_padding=&#8221;5&#8243; style=&#8221;dark&#8221; overlay_color=&#8221;color-jevc&#8221; overlay_alpha=&#8221;10&#8243; shift_x=&#8221;0&#8243; shift_y=&#8221;0&#8243; shift_y_down=&#8221;0&#8243; z_index=&#8221;0&#8243; medium_width=&#8221;0&#8243; mobile_width=&#8221;0&#8243; css_animation=&#8221;alpha-anim&#8221; animation_speed=&#8221;1000&#8243; animation_delay=&#8221;400&#8243; width=&#8221;1\/3&#8243; uncode_shortcode_id=&#8221;518745&#8243; overlay_color_type=&#8221;uncode-palette&#8221;][vc_custom_heading text_font=&#8221;font-760540&#8243; text_size=&#8221;fontsize-155944&#8243; text_weight=&#8221;500&#8243; text_height=&#8221;fontheight-578034&#8243; uncode_shortcode_id=&#8221;182704&#8243;]03[\/vc_custom_heading][vc_custom_heading text_font=&#8221;font-103749&#8243; text_weight=&#8221;500&#8243; text_transform=&#8221;uppercase&#8221; text_height=&#8221;fontheight-357766&#8243; subheading=&#8221;inSuite creates inclusive and accessible events, promoting equality and respect for diversity.<br \/>\nWe also collaborate with educational institutions<br \/>\nof all kinds to offer internships and learning opportunities for young talent in the Canary<br \/>\nIslands, investing in the future while also benefiting<br \/>\nfrom their fresh perspectives.&#8221; uncode_shortcode_id=&#8221;101487&#8243;]Social[\/vc_custom_heading][\/vc_column_inner][\/vc_row_inner][\/vc_column][\/vc_row][vc_row row_height_percent=&#8221;0&#8243; override_padding=&#8221;yes&#8221; h_padding=&#8221;2&#8243; top_padding=&#8221;5&#8243; bottom_padding=&#8221;5&#8243; overlay_alpha=&#8221;50&#8243; gutter_size=&#8221;3&#8243; column_width_percent=&#8221;100&#8243; shift_y=&#8221;0&#8243; z_index=&#8221;0&#8243; uncode_shortcode_id=&#8221;310671&#8243;][vc_column column_width_percent=&#8221;100&#8243; gutter_size=&#8221;3&#8243; override_padding=&#8221;yes&#8221; column_padding=&#8221;3&#8243; back_color=&#8221;color-xsdn&#8221; overlay_alpha=&#8221;50&#8243; shift_x=&#8221;0&#8243; shift_y=&#8221;-4&#8243; shift_y_fixed=&#8221;yes&#8221; shift_y_down=&#8221;0&#8243; z_index=&#8221;0&#8243; medium_width=&#8221;0&#8243; mobile_width=&#8221;0&#8243; width=&#8221;1\/1&#8243;][vc_empty_space empty_h=&#8221;3&#8243;][vc_column_text text_lead=&#8221;yes&#8221; uncode_shortcode_id=&#8221;267413&#8243;]<\/p>\n<blockquote><p>This holistic approach ensures that every event not only meets our clients&#8217; expectations but also contributes to the well being of our environment and, consequently, our planet.<\/p><\/blockquote>\n<p>[\/vc_column_text][\/vc_column][\/vc_row]<\/p>\n<\/div>","protected":false},"excerpt":{"rendered":"<p>[vc_row row_height_percent=&#8221;70&#8243; back_color=&#8221;color-wayh&#8221; back_image=&#8221;131051&#8243; back_position=&#8221;center bottom&#8221; overlay_alpha=&#8221;50&#8243; gutter_size=&#8221;3&#8243; column_width_percent=&#8221;100&#8243; shift_y=&#8221;0&#8243; z_index=&#8221;0&#8243; uncode_shortcode_id=&#8221;212241&#8243; back_color_type=&#8221;uncode-palette&#8221;][vc_column column_width_percent=&#8221;100&#8243; gutter_size=&#8221;3&#8243; style=&#8221;dark&#8221; overlay_alpha=&#8221;50&#8243; shift_x=&#8221;0&#8243; shift_y=&#8221;0&#8243; shift_y_down=&#8221;0&#8243; [&hellip;]<\/p>\n","protected":false},"author":1,"featured_media":0,"parent":131732,"menu_order":0,"comment_status":"closed","ping_status":"closed","template":"","meta":{"footnotes":""},"class_list":["post-132323","page","type-page","status-publish","hentry"],"yoast_head":"<!-- This site is optimized with the Yoast SEO plugin v24.8.1 - https:\/\/yoast.com\/wordpress\/plugins\/seo\/ -->\n<title>Corporate Social Responsability | inSuite Corporate Events<\/title>\n<meta name=\"description\" content=\"Corporate Social Responsibility at inSuite: we create sustainable events in the Canary Islands, supporting reforestation, local businesses, and social inclusion\" \/>\n<meta name=\"robots\" content=\"index, follow, max-snippet:-1, max-image-preview:large, max-video-preview:-1\" \/>\n<link rel=\"canonical\" href=\"https:\/\/insuitedmc.com\/en\/mice-agency\/corporate-social-responsibility\/\" \/>\n<meta property=\"og:locale\" content=\"en_US\" \/>\n<meta property=\"og:type\" content=\"article\" \/>\n<meta property=\"og:title\" content=\"Corporate Social Responsability | inSuite Corporate Events\" \/>\n<meta property=\"og:description\" content=\"Corporate Social Responsibility at inSuite: we create sustainable events in the Canary Islands, supporting reforestation, local businesses, and social inclusion\" \/>\n<meta property=\"og:url\" content=\"https:\/\/insuitedmc.com\/en\/mice-agency\/corporate-social-responsibility\/\" \/>\n<meta property=\"og:site_name\" content=\"inSuite Corporate Events &amp; Incentives\" \/>\n<meta property=\"article:modified_time\" content=\"2025-04-01T09:13:45+00:00\" \/>\n<meta name=\"twitter:card\" content=\"summary_large_image\" \/>\n<meta name=\"twitter:label1\" content=\"Est. reading time\" \/>\n\t<meta name=\"twitter:data1\" content=\"3 minutes\" \/>\n<script type=\"application\/ld+json\" class=\"yoast-schema-graph\">{\"@context\":\"https:\/\/schema.org\",\"@graph\":[{\"@type\":\"WebPage\",\"@id\":\"https:\/\/insuitedmc.com\/en\/mice-agency\/corporate-social-responsibility\/\",\"url\":\"https:\/\/insuitedmc.com\/en\/mice-agency\/corporate-social-responsibility\/\",\"name\":\"Corporate Social Responsability | inSuite Corporate Events\",\"isPartOf\":{\"@id\":\"https:\/\/insuitedmc.com\/#website\"},\"datePublished\":\"2024-08-16T10:09:30+00:00\",\"dateModified\":\"2025-04-01T09:13:45+00:00\",\"description\":\"Corporate Social Responsibility at inSuite: we create sustainable events in the Canary Islands, supporting reforestation, local businesses, and social inclusion\",\"breadcrumb\":{\"@id\":\"https:\/\/insuitedmc.com\/en\/mice-agency\/corporate-social-responsibility\/#breadcrumb\"},\"inLanguage\":\"en-US\",\"potentialAction\":[{\"@type\":\"ReadAction\",\"target\":[\"https:\/\/insuitedmc.com\/en\/mice-agency\/corporate-social-responsibility\/\"]}]},{\"@type\":\"BreadcrumbList\",\"@id\":\"https:\/\/insuitedmc.com\/en\/mice-agency\/corporate-social-responsibility\/#breadcrumb\",\"itemListElement\":[{\"@type\":\"ListItem\",\"position\":1,\"name\":\"Portada\",\"item\":\"https:\/\/insuitedmc.com\/\"},{\"@type\":\"ListItem\",\"position\":2,\"name\":\"MICE Agency\",\"item\":\"https:\/\/insuitedmc.com\/en\/mice-agency\/\"},{\"@type\":\"ListItem\",\"position\":3,\"name\":\"Corporate Social Responsibility\"}]},{\"@type\":\"WebSite\",\"@id\":\"https:\/\/insuitedmc.com\/#website\",\"url\":\"https:\/\/insuitedmc.com\/\",\"name\":\"inSuite Corporate Events &amp; Incentives\",\"description\":\"inSuite es una reconocida agencia MICE, experta en la organizaci\u00f3n de eventos corporativos en las Islas Canarias. Nuestra esencia reside en la planificaci\u00f3n meticulosa y la ejecuci\u00f3n de cada encuentro, reflejando la identidad y los valores de las empresas con las que colaboramos.\",\"potentialAction\":[{\"@type\":\"SearchAction\",\"target\":{\"@type\":\"EntryPoint\",\"urlTemplate\":\"https:\/\/insuitedmc.com\/?s={search_term_string}\"},\"query-input\":{\"@type\":\"PropertyValueSpecification\",\"valueRequired\":true,\"valueName\":\"search_term_string\"}}],\"inLanguage\":\"en-US\"}]}<\/script>\n<!-- \/ Yoast SEO plugin. -->","yoast_head_json":{"title":"Corporate Social Responsability | inSuite Corporate Events","description":"Corporate Social Responsibility at inSuite: we create sustainable events in the Canary Islands, supporting reforestation, local businesses, and social inclusion","robots":{"index":"index","follow":"follow","max-snippet":"max-snippet:-1","max-image-preview":"max-image-preview:large","max-video-preview":"max-video-preview:-1"},"canonical":"https:\/\/insuitedmc.com\/en\/mice-agency\/corporate-social-responsibility\/","og_locale":"en_US","og_type":"article","og_title":"Corporate Social Responsability | inSuite Corporate Events","og_description":"Corporate Social Responsibility at inSuite: we create sustainable events in the Canary Islands, supporting reforestation, local businesses, and social inclusion","og_url":"https:\/\/insuitedmc.com\/en\/mice-agency\/corporate-social-responsibility\/","og_site_name":"inSuite Corporate Events &amp; Incentives","article_modified_time":"2025-04-01T09:13:45+00:00","twitter_card":"summary_large_image","twitter_misc":{"Est. reading time":"3 minutes"},"schema":{"@context":"https:\/\/schema.org","@graph":[{"@type":"WebPage","@id":"https:\/\/insuitedmc.com\/en\/mice-agency\/corporate-social-responsibility\/","url":"https:\/\/insuitedmc.com\/en\/mice-agency\/corporate-social-responsibility\/","name":"Corporate Social Responsability | inSuite Corporate Events","isPartOf":{"@id":"https:\/\/insuitedmc.com\/#website"},"datePublished":"2024-08-16T10:09:30+00:00","dateModified":"2025-04-01T09:13:45+00:00","description":"Corporate Social Responsibility at inSuite: we create sustainable events in the Canary Islands, supporting reforestation, local businesses, and social inclusion","breadcrumb":{"@id":"https:\/\/insuitedmc.com\/en\/mice-agency\/corporate-social-responsibility\/#breadcrumb"},"inLanguage":"en-US","potentialAction":[{"@type":"ReadAction","target":["https:\/\/insuitedmc.com\/en\/mice-agency\/corporate-social-responsibility\/"]}]},{"@type":"BreadcrumbList","@id":"https:\/\/insuitedmc.com\/en\/mice-agency\/corporate-social-responsibility\/#breadcrumb","itemListElement":[{"@type":"ListItem","position":1,"name":"Portada","item":"https:\/\/insuitedmc.com\/"},{"@type":"ListItem","position":2,"name":"MICE Agency","item":"https:\/\/insuitedmc.com\/en\/mice-agency\/"},{"@type":"ListItem","position":3,"name":"Corporate Social Responsibility"}]},{"@type":"WebSite","@id":"https:\/\/insuitedmc.com\/#website","url":"https:\/\/insuitedmc.com\/","name":"inSuite Corporate Events &amp; Incentives","description":"inSuite es una reconocida agencia MICE, experta en la organizaci\u00f3n de eventos corporativos en las Islas Canarias. Nuestra esencia reside en la planificaci\u00f3n meticulosa y la ejecuci\u00f3n de cada encuentro, reflejando la identidad y los valores de las empresas con las que colaboramos.","potentialAction":[{"@type":"SearchAction","target":{"@type":"EntryPoint","urlTemplate":"https:\/\/insuitedmc.com\/?s={search_term_string}"},"query-input":{"@type":"PropertyValueSpecification","valueRequired":true,"valueName":"search_term_string"}}],"inLanguage":"en-US"}]}},"_links":{"self":[{"href":"https:\/\/insuitedmc.com\/en\/wp-json\/wp\/v2\/pages\/132323","targetHints":{"allow":["GET"]}}],"collection":[{"href":"https:\/\/insuitedmc.com\/en\/wp-json\/wp\/v2\/pages"}],"about":[{"href":"https:\/\/insuitedmc.com\/en\/wp-json\/wp\/v2\/types\/page"}],"author":[{"embeddable":true,"href":"https:\/\/insuitedmc.com\/en\/wp-json\/wp\/v2\/users\/1"}],"replies":[{"embeddable":true,"href":"https:\/\/insuitedmc.com\/en\/wp-json\/wp\/v2\/comments?post=132323"}],"version-history":[{"count":8,"href":"https:\/\/insuitedmc.com\/en\/wp-json\/wp\/v2\/pages\/132323\/revisions"}],"predecessor-version":[{"id":132990,"href":"https:\/\/insuitedmc.com\/en\/wp-json\/wp\/v2\/pages\/132323\/revisions\/132990"}],"up":[{"embeddable":true,"href":"https:\/\/insuitedmc.com\/en\/wp-json\/wp\/v2\/pages\/131732"}],"wp:attachment":[{"href":"https:\/\/insuitedmc.com\/en\/wp-json\/wp\/v2\/media?parent=132323"}],"curies":[{"name":"wp","href":"https:\/\/api.w.org\/{rel}","templated":true}]}}