{"id":132326,"date":"2017-05-05T11:55:57","date_gmt":"2017-05-05T09:55:57","guid":{"rendered":"https:\/\/insuitedmc.com\/mice-agency\/team\/"},"modified":"2025-04-01T11:17:07","modified_gmt":"2025-04-01T09:17:07","slug":"team","status":"publish","type":"page","link":"https:\/\/insuitedmc.com\/en\/mice-agency\/team\/","title":{"rendered":"Team"},"content":{"rendered":"<div class=\"wpb-content-wrapper\"><p>[vc_row row_height_percent=&#8221;70&#8243; back_color=&#8221;color-wayh&#8221; back_image=&#8221;131392&#8243; back_position=&#8221;center top&#8221; overlay_alpha=&#8221;50&#8243; gutter_size=&#8221;3&#8243; column_width_percent=&#8221;100&#8243; shift_y=&#8221;0&#8243; z_index=&#8221;0&#8243; content_parallax=&#8221;0&#8243; uncode_shortcode_id=&#8221;127917&#8243; back_color_type=&#8221;uncode-palette&#8221;][vc_column column_width_percent=&#8221;100&#8243; gutter_size=&#8221;3&#8243; style=&#8221;dark&#8221; overlay_alpha=&#8221;50&#8243; shift_x=&#8221;0&#8243; shift_y=&#8221;0&#8243; shift_y_down=&#8221;0&#8243; z_index=&#8221;0&#8243; medium_width=&#8221;0&#8243; mobile_width=&#8221;0&#8243; width=&#8221;1\/1&#8243;][\/vc_column][\/vc_row][vc_row row_height_percent=&#8221;0&#8243; override_padding=&#8221;yes&#8221; h_padding=&#8221;2&#8243; top_padding=&#8221;0&#8243; bottom_padding=&#8221;0&#8243; overlay_alpha=&#8221;50&#8243; gutter_size=&#8221;3&#8243; column_width_percent=&#8221;100&#8243; shift_y=&#8221;0&#8243; z_index=&#8221;0&#8243; medium_visibility=&#8221;yes&#8221; mobile_visibility=&#8221;yes&#8221; uncode_shortcode_id=&#8221;206502&#8243;][vc_column column_width_percent=&#8221;100&#8243; gutter_size=&#8221;3&#8243; override_padding=&#8221;yes&#8221; column_padding=&#8221;3&#8243; back_color=&#8221;color-xsdn&#8221; overlay_alpha=&#8221;50&#8243; shift_x=&#8221;0&#8243; shift_y=&#8221;-4&#8243; shift_y_fixed=&#8221;yes&#8221; shift_y_down=&#8221;0&#8243; z_index=&#8221;0&#8243; medium_width=&#8221;0&#8243; mobile_width=&#8221;0&#8243; width=&#8221;1\/1&#8243;][vc_row_inner row_inner_height_percent=&#8221;0&#8243; overlay_alpha=&#8221;50&#8243; equal_height=&#8221;yes&#8221; gutter_size=&#8221;0&#8243; shift_y=&#8221;0&#8243; limit_content=&#8221;&#8221;][vc_column_inner column_width_percent=&#8221;100&#8243; position_vertical=&#8221;middle&#8221; align_horizontal=&#8221;align_center&#8221; gutter_size=&#8221;3&#8243; override_padding=&#8221;yes&#8221; column_padding=&#8221;3&#8243; overlay_alpha=&#8221;50&#8243; preserve_border=&#8221;yes&#8221; preserve_border_tablet=&#8221;yes&#8221; border_color=&#8221;color-gyho&#8221; border_style=&#8221;solid&#8221; shift_x=&#8221;0&#8243; shift_y=&#8221;0&#8243; shift_y_down=&#8221;0&#8243; z_index=&#8221;0&#8243; medium_width=&#8221;2&#8243; mobile_width=&#8221;0&#8243; width=&#8221;3\/12&#8243; css=&#8221;.vc_custom_1623402307846{border-right-width: 1px !important;}&#8221; uncode_shortcode_id=&#8221;301232&#8243; border_color_type=&#8221;uncode-palette&#8221;][vc_custom_heading text_color=&#8221;accent&#8221; heading_semantic=&#8221;h3&#8243; text_font=&#8221;font-103749&#8243; text_size=&#8221;h3&#8243; text_weight=&#8221;400&#8243; text_transform=&#8221;uppercase&#8221; text_space=&#8221;fontspace-781688&#8243; uncode_shortcode_id=&#8221;122664&#8243; text_color_type=&#8221;uncode-palette&#8221;]TEAM[\/vc_custom_heading][\/vc_column_inner][vc_column_inner column_width_percent=&#8221;100&#8243; position_vertical=&#8221;middle&#8221; gutter_size=&#8221;3&#8243; override_padding=&#8221;yes&#8221; column_padding=&#8221;3&#8243; overlay_alpha=&#8221;50&#8243; shift_x=&#8221;0&#8243; shift_y=&#8221;0&#8243; shift_y_down=&#8221;0&#8243; z_index=&#8221;0&#8243; medium_width=&#8221;6&#8243; align_mobile=&#8221;align_center_mobile&#8221; mobile_width=&#8221;0&#8243; width=&#8221;9\/12&#8243;][vc_custom_heading heading_semantic=&#8221;h1&#8243; text_font=&#8221;font-103749&#8243; text_size=&#8221;fontsize-155944&#8243; text_weight=&#8221;400&#8243; text_space=&#8221;fontspace-781688&#8243; uncode_shortcode_id=&#8221;117335&#8243;]<span style=\"font-weight: 400;\">Passionate about event organisation<\/span>[\/vc_custom_heading][\/vc_column_inner][\/vc_row_inner][\/vc_column][\/vc_row][vc_row row_height_percent=&#8221;0&#8243; override_padding=&#8221;yes&#8221; h_padding=&#8221;2&#8243; top_padding=&#8221;0&#8243; bottom_padding=&#8221;0&#8243; overlay_alpha=&#8221;50&#8243; gutter_size=&#8221;3&#8243; column_width_percent=&#8221;100&#8243; shift_y=&#8221;0&#8243; z_index=&#8221;0&#8243; desktop_visibility=&#8221;yes&#8221; uncode_shortcode_id=&#8221;177352&#8243;][vc_column column_width_percent=&#8221;100&#8243; align_horizontal=&#8221;align_center&#8221; gutter_size=&#8221;3&#8243; override_padding=&#8221;yes&#8221; column_padding=&#8221;3&#8243; back_color=&#8221;color-xsdn&#8221; overlay_alpha=&#8221;50&#8243; shift_x=&#8221;0&#8243; shift_y=&#8221;-4&#8243; shift_y_fixed=&#8221;yes&#8221; shift_y_down=&#8221;0&#8243; z_index=&#8221;0&#8243; medium_width=&#8221;0&#8243; mobile_width=&#8221;0&#8243; width=&#8221;1\/1&#8243; uncode_shortcode_id=&#8221;169560&#8243; back_color_type=&#8221;uncode-palette&#8221;][vc_custom_heading text_color=&#8221;accent&#8221; heading_semantic=&#8221;h4&#8243; text_font=&#8221;font-103749&#8243; text_size=&#8221;h4&#8243; text_weight=&#8221;400&#8243; text_transform=&#8221;uppercase&#8221; text_space=&#8221;fontspace-781688&#8243; uncode_shortcode_id=&#8221;152348&#8243; text_color_type=&#8221;uncode-palette&#8221;]TEAM[\/vc_custom_heading][vc_custom_heading text_font=&#8221;font-103749&#8243; text_weight=&#8221;400&#8243; text_space=&#8221;fontspace-781688&#8243; uncode_shortcode_id=&#8221;131647&#8243;]<span style=\"font-weight: 400;\">Passionate about event organization<\/span>[\/vc_custom_heading][\/vc_column][\/vc_row][vc_row row_height_percent=&#8221;0&#8243; override_padding=&#8221;yes&#8221; h_padding=&#8221;2&#8243; top_padding=&#8221;0&#8243; bottom_padding=&#8221;0&#8243; overlay_alpha=&#8221;50&#8243; gutter_size=&#8221;3&#8243; column_width_percent=&#8221;100&#8243; shift_y=&#8221;0&#8243; z_index=&#8221;0&#8243;][vc_column column_width_use_pixel=&#8221;yes&#8221; gutter_size=&#8221;2&#8243; font_family=&#8221;font-165032&#8243; overlay_alpha=&#8221;50&#8243; shift_x=&#8221;0&#8243; shift_y=&#8221;0&#8243; shift_y_down=&#8221;0&#8243; z_index=&#8221;0&#8243; medium_width=&#8221;0&#8243; align_mobile=&#8221;align_center_mobile&#8221; mobile_width=&#8221;0&#8243; width=&#8221;1\/1&#8243; column_width_pixel=&#8221;800&#8243; uncode_shortcode_id=&#8221;123027&#8243;][vc_column_text text_lead=&#8221;yes&#8221; uncode_shortcode_id=&#8221;943187&#8243;]<span class=\"font-760540\" style=\"font-weight: 400;\">Our team of professionals is, passionate about event organisation, combining extensive local knowledge with a global understanding to ensure that every aspect of your event is exceptional, from the original concept right through to the final execution. That\u2019s why inSuite is the strategic partner you need to turn every event into a unique and enriching experience. <\/span><\/p>\n<p><span class=\"font-760540\" style=\"font-weight: 400;\">We combine professionalism and dedication with an innovative approach to ensure that every event is unrepeatable. We work with the best suppliers in the Canary Islands to guarantee that every aspect from accommodation through the activities we organise, aligned with our client&#8217;s vision. <\/span>[\/vc_column_text][\/vc_column][\/vc_row][vc_row][vc_column width=&#8221;1\/1&#8243;][vc_empty_space empty_h=&#8221;2&#8243;][\/vc_column][\/vc_row][vc_row unlock_row_content=&#8221;yes&#8221; row_height_percent=&#8221;0&#8243; override_padding=&#8221;yes&#8221; h_padding=&#8221;5&#8243; top_padding=&#8221;0&#8243; bottom_padding=&#8221;5&#8243; overlay_alpha=&#8221;100&#8243; gutter_size=&#8221;100&#8243; column_width_percent=&#8221;100&#8243; shift_y=&#8221;0&#8243; z_index=&#8221;0&#8243; style=&#8221;inherited&#8221;][vc_column width=&#8221;1\/1&#8243;][vc_gallery el_id=&#8221;gallery-3184678&#8243; medias=&#8221;131435,131436,131437,131438&#8243; gutter_size=&#8221;4&#8243; media_items=&#8221;media|nolink|original,title,caption,description,sep-one|full,team-social&#8221; screen_lg=&#8221;1000&#8243; screen_md=&#8221;600&#8243; screen_sm=&#8221;480&#8243; single_text=&#8221;under&#8221; single_width=&#8221;3&#8243; images_size=&#8221;one-one&#8221; single_shape=&#8221;circle&#8221; single_overlay_opacity=&#8221;50&#8243; single_overlay_anim=&#8221;no&#8221; single_text_anim=&#8221;no&#8221; single_image_anim=&#8221;no&#8221; single_h_align=&#8221;center&#8221; single_padding=&#8221;3&#8243; single_title_family=&#8221;font-760540&#8243; single_title_dimension=&#8221;h5&#8243; single_title_weight=&#8221;700&#8243; single_title_space=&#8221;fontspace-781688&#8243; single_border=&#8221;yes&#8221; single_css_animation=&#8221;zoom-in&#8221; carousel_rtl=&#8221;&#8221; single_half_padding=&#8221;yes&#8221; single_title_uppercase=&#8221;&#8221; single_title_serif=&#8221;&#8221; single_no_background=&#8221;yes&#8221; items=&#8221;eyIxMzc2M19pIjp7InNpbmdsZV9saW5rIjoidXJsOmh0dHA6Ly93d3cudW5kc2duLmNvbXx8dGFyZ2V0OiBfYmxhbmsifSwiMTM3NjlfaSI6eyJzaW5nbGVfbGluayI6InVybDpodHRwOi8vd3d3LnVuZHNnbi5jb218fHRhcmdldDogX2JsYW5rIn0sIjEzNzcwX2kiOnsic2luZ2xlX2xpbmsiOiJ1cmw6aHR0cDovL3d3dy51bmRzZ24uY29tfHx0YXJnZXQ6IF9ibGFuayJ9LCIxMzc2Nl9pIjp7InNpbmdsZV9saW5rIjoidXJsOmh0dHA6Ly93d3cudW5kc2duLmNvbXx8dGFyZ2V0OiBfYmxhbmsifX0=&#8221; uncode_shortcode_id=&#8221;202787&#8243;][\/vc_column][\/vc_row][vc_row unlock_row_content=&#8221;yes&#8221; row_height_percent=&#8221;0&#8243; override_padding=&#8221;yes&#8221; h_padding=&#8221;0&#8243; top_padding=&#8221;0&#8243; bottom_padding=&#8221;0&#8243; overlay_alpha=&#8221;50&#8243; gutter_size=&#8221;3&#8243; column_width_percent=&#8221;100&#8243; shift_y=&#8221;0&#8243; z_index=&#8221;0&#8243; content_parallax=&#8221;0&#8243; uncode_shortcode_id=&#8221;210670&#8243;][vc_column width=&#8221;1\/1&#8243;][vc_single_image media=&#8221;132586&#8243; media_width_percent=&#8221;100&#8243; uncode_shortcode_id=&#8221;955887&#8243;][\/vc_column][\/vc_row]<\/p>\n<\/div>","protected":false},"excerpt":{"rendered":"<p>[vc_row row_height_percent=&#8221;70&#8243; back_color=&#8221;color-wayh&#8221; back_image=&#8221;131392&#8243; back_position=&#8221;center top&#8221; overlay_alpha=&#8221;50&#8243; gutter_size=&#8221;3&#8243; column_width_percent=&#8221;100&#8243; shift_y=&#8221;0&#8243; z_index=&#8221;0&#8243; content_parallax=&#8221;0&#8243; uncode_shortcode_id=&#8221;127917&#8243; back_color_type=&#8221;uncode-palette&#8221;][vc_column column_width_percent=&#8221;100&#8243; gutter_size=&#8221;3&#8243; style=&#8221;dark&#8221; overlay_alpha=&#8221;50&#8243; shift_x=&#8221;0&#8243; shift_y=&#8221;0&#8243; [&hellip;]<\/p>\n","protected":false},"author":1,"featured_media":0,"parent":131732,"menu_order":0,"comment_status":"closed","ping_status":"closed","template":"","meta":{"footnotes":""},"class_list":["post-132326","page","type-page","status-publish","hentry"],"yoast_head":"<!-- This site is optimized with the Yoast SEO plugin v24.8.1 - https:\/\/yoast.com\/wordpress\/plugins\/seo\/ -->\n<title>Team | inSuite Corporate Events &amp; Incentives<\/title>\n<meta name=\"description\" content=\"Meet the inSuite team: passionate event professionals crafting unforgettable experiences in the Canary Islands. Let&#039;s create something extraordinary together!\" \/>\n<meta name=\"robots\" content=\"index, follow, max-snippet:-1, max-image-preview:large, max-video-preview:-1\" \/>\n<link rel=\"canonical\" href=\"https:\/\/insuitedmc.com\/en\/mice-agency\/team\/\" \/>\n<meta property=\"og:locale\" content=\"en_US\" \/>\n<meta property=\"og:type\" content=\"article\" \/>\n<meta property=\"og:title\" content=\"Team | inSuite Corporate Events &amp; Incentives\" \/>\n<meta property=\"og:description\" content=\"Meet the inSuite team: passionate event professionals crafting unforgettable experiences in the Canary Islands. Let&#039;s create something extraordinary together!\" \/>\n<meta property=\"og:url\" content=\"https:\/\/insuitedmc.com\/en\/mice-agency\/team\/\" \/>\n<meta property=\"og:site_name\" content=\"inSuite Corporate Events &amp; Incentives\" \/>\n<meta property=\"article:modified_time\" content=\"2025-04-01T09:17:07+00:00\" \/>\n<meta name=\"twitter:card\" content=\"summary_large_image\" \/>\n<meta name=\"twitter:label1\" content=\"Est. reading time\" \/>\n\t<meta name=\"twitter:data1\" content=\"2 minutes\" \/>\n<script type=\"application\/ld+json\" class=\"yoast-schema-graph\">{\"@context\":\"https:\/\/schema.org\",\"@graph\":[{\"@type\":\"WebPage\",\"@id\":\"https:\/\/insuitedmc.com\/en\/mice-agency\/team\/\",\"url\":\"https:\/\/insuitedmc.com\/en\/mice-agency\/team\/\",\"name\":\"Team | inSuite Corporate Events & Incentives\",\"isPartOf\":{\"@id\":\"https:\/\/insuitedmc.com\/#website\"},\"datePublished\":\"2017-05-05T09:55:57+00:00\",\"dateModified\":\"2025-04-01T09:17:07+00:00\",\"description\":\"Meet the inSuite team: passionate event professionals crafting unforgettable experiences in the Canary Islands. Let's create something extraordinary together!\",\"breadcrumb\":{\"@id\":\"https:\/\/insuitedmc.com\/en\/mice-agency\/team\/#breadcrumb\"},\"inLanguage\":\"en-US\",\"potentialAction\":[{\"@type\":\"ReadAction\",\"target\":[\"https:\/\/insuitedmc.com\/en\/mice-agency\/team\/\"]}]},{\"@type\":\"BreadcrumbList\",\"@id\":\"https:\/\/insuitedmc.com\/en\/mice-agency\/team\/#breadcrumb\",\"itemListElement\":[{\"@type\":\"ListItem\",\"position\":1,\"name\":\"Portada\",\"item\":\"https:\/\/insuitedmc.com\/\"},{\"@type\":\"ListItem\",\"position\":2,\"name\":\"MICE Agency\",\"item\":\"https:\/\/insuitedmc.com\/en\/mice-agency\/\"},{\"@type\":\"ListItem\",\"position\":3,\"name\":\"Team\"}]},{\"@type\":\"WebSite\",\"@id\":\"https:\/\/insuitedmc.com\/#website\",\"url\":\"https:\/\/insuitedmc.com\/\",\"name\":\"inSuite Corporate Events &amp; Incentives\",\"description\":\"inSuite es una reconocida agencia MICE, experta en la organizaci\u00f3n de eventos corporativos en las Islas Canarias. Nuestra esencia reside en la planificaci\u00f3n meticulosa y la ejecuci\u00f3n de cada encuentro, reflejando la identidad y los valores de las empresas con las que colaboramos.\",\"potentialAction\":[{\"@type\":\"SearchAction\",\"target\":{\"@type\":\"EntryPoint\",\"urlTemplate\":\"https:\/\/insuitedmc.com\/?s={search_term_string}\"},\"query-input\":{\"@type\":\"PropertyValueSpecification\",\"valueRequired\":true,\"valueName\":\"search_term_string\"}}],\"inLanguage\":\"en-US\"}]}<\/script>\n<!-- \/ Yoast SEO plugin. -->","yoast_head_json":{"title":"Team | inSuite Corporate Events & Incentives","description":"Meet the inSuite team: passionate event professionals crafting unforgettable experiences in the Canary Islands. Let's create something extraordinary together!","robots":{"index":"index","follow":"follow","max-snippet":"max-snippet:-1","max-image-preview":"max-image-preview:large","max-video-preview":"max-video-preview:-1"},"canonical":"https:\/\/insuitedmc.com\/en\/mice-agency\/team\/","og_locale":"en_US","og_type":"article","og_title":"Team | inSuite Corporate Events & Incentives","og_description":"Meet the inSuite team: passionate event professionals crafting unforgettable experiences in the Canary Islands. Let's create something extraordinary together!","og_url":"https:\/\/insuitedmc.com\/en\/mice-agency\/team\/","og_site_name":"inSuite Corporate Events &amp; Incentives","article_modified_time":"2025-04-01T09:17:07+00:00","twitter_card":"summary_large_image","twitter_misc":{"Est. reading time":"2 minutes"},"schema":{"@context":"https:\/\/schema.org","@graph":[{"@type":"WebPage","@id":"https:\/\/insuitedmc.com\/en\/mice-agency\/team\/","url":"https:\/\/insuitedmc.com\/en\/mice-agency\/team\/","name":"Team | inSuite Corporate Events & Incentives","isPartOf":{"@id":"https:\/\/insuitedmc.com\/#website"},"datePublished":"2017-05-05T09:55:57+00:00","dateModified":"2025-04-01T09:17:07+00:00","description":"Meet the inSuite team: passionate event professionals crafting unforgettable experiences in the Canary Islands. Let's create something extraordinary together!","breadcrumb":{"@id":"https:\/\/insuitedmc.com\/en\/mice-agency\/team\/#breadcrumb"},"inLanguage":"en-US","potentialAction":[{"@type":"ReadAction","target":["https:\/\/insuitedmc.com\/en\/mice-agency\/team\/"]}]},{"@type":"BreadcrumbList","@id":"https:\/\/insuitedmc.com\/en\/mice-agency\/team\/#breadcrumb","itemListElement":[{"@type":"ListItem","position":1,"name":"Portada","item":"https:\/\/insuitedmc.com\/"},{"@type":"ListItem","position":2,"name":"MICE Agency","item":"https:\/\/insuitedmc.com\/en\/mice-agency\/"},{"@type":"ListItem","position":3,"name":"Team"}]},{"@type":"WebSite","@id":"https:\/\/insuitedmc.com\/#website","url":"https:\/\/insuitedmc.com\/","name":"inSuite Corporate Events &amp; Incentives","description":"inSuite es una reconocida agencia MICE, experta en la organizaci\u00f3n de eventos corporativos en las Islas Canarias. Nuestra esencia reside en la planificaci\u00f3n meticulosa y la ejecuci\u00f3n de cada encuentro, reflejando la identidad y los valores de las empresas con las que colaboramos.","potentialAction":[{"@type":"SearchAction","target":{"@type":"EntryPoint","urlTemplate":"https:\/\/insuitedmc.com\/?s={search_term_string}"},"query-input":{"@type":"PropertyValueSpecification","valueRequired":true,"valueName":"search_term_string"}}],"inLanguage":"en-US"}]}},"_links":{"self":[{"href":"https:\/\/insuitedmc.com\/en\/wp-json\/wp\/v2\/pages\/132326","targetHints":{"allow":["GET"]}}],"collection":[{"href":"https:\/\/insuitedmc.com\/en\/wp-json\/wp\/v2\/pages"}],"about":[{"href":"https:\/\/insuitedmc.com\/en\/wp-json\/wp\/v2\/types\/page"}],"author":[{"embeddable":true,"href":"https:\/\/insuitedmc.com\/en\/wp-json\/wp\/v2\/users\/1"}],"replies":[{"embeddable":true,"href":"https:\/\/insuitedmc.com\/en\/wp-json\/wp\/v2\/comments?post=132326"}],"version-history":[{"count":8,"href":"https:\/\/insuitedmc.com\/en\/wp-json\/wp\/v2\/pages\/132326\/revisions"}],"predecessor-version":[{"id":132994,"href":"https:\/\/insuitedmc.com\/en\/wp-json\/wp\/v2\/pages\/132326\/revisions\/132994"}],"up":[{"embeddable":true,"href":"https:\/\/insuitedmc.com\/en\/wp-json\/wp\/v2\/pages\/131732"}],"wp:attachment":[{"href":"https:\/\/insuitedmc.com\/en\/wp-json\/wp\/v2\/media?parent=132326"}],"curies":[{"name":"wp","href":"https:\/\/api.w.org\/{rel}","templated":true}]}}